{"id":52910,"date":"2025-01-23T10:34:25","date_gmt":"2025-01-23T10:34:25","guid":{"rendered":"https:\/\/www.socilink.com\/products\/chateau-de-montifaud-cognac-milesime-1978-helios-70cl\/"},"modified":"2025-01-23T10:34:39","modified_gmt":"2025-01-23T10:34:39","slug":"chateau-de-montifaud-cognac-milesime-1978-helios-70cl","status":"publish","type":"product","link":"https:\/\/www.socilink.com\/en\/products\/chateau-de-montifaud-cognac-milesime-1978-helios-70cl\/","title":{"rendered":"Ch\u00e2teau de Montifaud Cognac Mil\u00e9sime 1978 H\u00e9lios 70cl"},"content":{"rendered":"<h4>Product Description<\/h4>\n<p>A Cognac with exceptional finesse! The grapes used to make this spirit were all picked in the 1978 harvest, and the spirit has been long aged in French oak casks in Montifaud\u2019s cellars. The result is a spirit of divine complexity, with rich, dried fruit notes, toffee, bright white grape, sweet wine, polished oak and vanilla flavours. A tour de force of a Cognac, this illustrates how fantastic the vintage spirit can be.<br \/>\nThis Conhaque Mil\u00e9sime 1978 H\u00e9lios looks as good as it tastes, bottled in a charming, old-fashioned decanter style bottling, with a traditional gold stopper, accompanied by a handsome presentation box. One that every Cognac connoisseur will want to try!<\/p>\n<h4>Alcohol Content:<\/h4>\n<p>43%<\/p>\n<h4>Usage Suggestions:<\/h4>\n<p>Neat at 20\u00b0C let yourself be seduced at the finish by the greedy side of cocoa.<\/p>\n<h4>Country of Origin:<\/h4>\n<p>France<\/p>\n<h4>Distributed by:<\/h4>\n<p>Socilink Lda<br \/>\nRua Quinta dos \u00c1lamos n.\u00ba 3, 2625-577 Vialonga, PORTUGAL<\/p>\n<h4>Notice about our product information:<\/h4>\n<p>Always confirm the information on the article label. Food products are subject to constant change, for this reason, we recommend that you always read the labeling information that accompanies each product, including the nutritional information, ingredient list, storage, preparation and use instructions as well as other information before use or consumption.<\/p>\n","protected":false},"excerpt":{"rendered":"<p>Cognac Mil\u00e9sime 1978 Helios is the one that every Cognac connoisseur will want to try! All grapes used in this Cognac were harvested in 1978 and aged in Limousin oak barrels in the Montifaud wineries. The result is a spirit of divine complexity, bottled with a traditional gold stopper, accompanied by a beautiful presentation box.<\/p>\n","protected":false},"featured_media":14330,"comment_status":"closed","ping_status":"closed","template":"","meta":{"_acf_changed":false,"_lmt_disableupdate":"","_lmt_disable":"","ep_exclude_from_search":false},"socilink_saboresdomundo_tag":[2780,2787],"product_brand":[2193,2186],"product_cat":[2579,2711,2580],"product_tag":[],"class_list":{"0":"post-52910","1":"product","2":"type-product","3":"status-publish","4":"has-post-thumbnail","6":"socilink_saboresdomundo_tag-europe","7":"socilink_saboresdomundo_tag-france","8":"product_brand-brandy","9":"product_brand-chateau-de-montifaud-en","10":"product_cat-alcohol-soft-drinks","11":"product_cat-all-products","12":"product_cat-spirits-and-liqueurs","13":"pa_caracteristicas-controlled-designation-of-origin","14":"pa_caracteristicas-exclusive","15":"pa_caracteristicas-gift-suggestion","16":"pa_caracteristicas-limited-edition","18":"first","19":"instock","20":"product-type-simple"},"acf":[],"yoast_head":"<!-- This site is optimized with the Yoast SEO plugin v27.3 - https:\/\/yoast.com\/product\/yoast-seo-wordpress\/ -->\n<title>Ch\u00e2teau de Montifaud Cognac Mil\u00e9sime 1978 H\u00e9lios 70cl<\/title>\n<meta name=\"description\" content=\"Cognac Mil\u00e9sime 1978 Helios is the one that every Cognac connoisseur will want to try! All grapes used in this Cognac were harvested in 1978 and aged in Limousin oak barrels in the Montifaud wineries. The result is a spirit of divine complexity, bottled with a traditional gold stopper, accompanied by a beautiful presentation box.\" \/>\n<meta name=\"robots\" content=\"index, follow, max-snippet:-1, max-image-preview:large, max-video-preview:-1\" \/>\n<link rel=\"canonical\" href=\"https:\/\/www.socilink.com\/en\/products\/chateau-de-montifaud-cognac-milesime-1978-helios-70cl\/\" \/>\n<meta property=\"og:locale\" content=\"en_US\" \/>\n<meta property=\"og:type\" content=\"article\" \/>\n<meta property=\"og:title\" content=\"Ch\u00e2teau de Montifaud Cognac Mil\u00e9sime 1978 H\u00e9lios 70cl\" \/>\n<meta property=\"og:description\" content=\"Cognac Mil\u00e9sime 1978 Helios is the one that every Cognac connoisseur will want to try! All grapes used in this Cognac were harvested in 1978 and aged in Limousin oak barrels in the Montifaud wineries. The result is a spirit of divine complexity, bottled with a traditional gold stopper, accompanied by a beautiful presentation box.\" \/>\n<meta property=\"og:url\" content=\"https:\/\/www.socilink.com\/en\/products\/chateau-de-montifaud-cognac-milesime-1978-helios-70cl\/\" \/>\n<meta property=\"og:site_name\" content=\"Socilink\" \/>\n<meta property=\"article:publisher\" content=\"https:\/\/www.facebook.com\/socilink\/\" \/>\n<meta property=\"article:modified_time\" content=\"2025-01-23T10:34:39+00:00\" \/>\n<meta property=\"og:image\" content=\"https:\/\/www.socilink.com\/wp-content\/uploads\/2020\/02\/s12780-conhaque-milesime-1978-helios-chateau-de-montifaud-70cl.jpg\" \/>\n\t<meta property=\"og:image:width\" content=\"800\" \/>\n\t<meta property=\"og:image:height\" content=\"800\" \/>\n\t<meta property=\"og:image:type\" content=\"image\/jpeg\" \/>\n<meta name=\"twitter:card\" content=\"summary_large_image\" \/>\n<meta name=\"twitter:title\" content=\"Ch\u00e2teau de Montifaud Cognac Mil\u00e9sime 1978 H\u00e9lios 70cl\" \/>\n<meta name=\"twitter:label1\" content=\"Est. reading time\" \/>\n\t<meta name=\"twitter:data1\" content=\"1 minute\" \/>\n<script type=\"application\/ld+json\" class=\"yoast-schema-graph\">{\"@context\":\"https:\\\/\\\/schema.org\",\"@graph\":[{\"@type\":\"WebPage\",\"@id\":\"https:\\\/\\\/www.socilink.com\\\/en\\\/products\\\/chateau-de-montifaud-cognac-milesime-1978-helios-70cl\\\/\",\"url\":\"https:\\\/\\\/www.socilink.com\\\/en\\\/products\\\/chateau-de-montifaud-cognac-milesime-1978-helios-70cl\\\/\",\"name\":\"Ch\u00e2teau de Montifaud Cognac Mil\u00e9sime 1978 H\u00e9lios 70cl\",\"isPartOf\":{\"@id\":\"https:\\\/\\\/www.socilink.com\\\/en\\\/#website\"},\"primaryImageOfPage\":{\"@id\":\"https:\\\/\\\/www.socilink.com\\\/en\\\/products\\\/chateau-de-montifaud-cognac-milesime-1978-helios-70cl\\\/#primaryimage\"},\"image\":{\"@id\":\"https:\\\/\\\/www.socilink.com\\\/en\\\/products\\\/chateau-de-montifaud-cognac-milesime-1978-helios-70cl\\\/#primaryimage\"},\"thumbnailUrl\":\"https:\\\/\\\/www.socilink.com\\\/wp-content\\\/uploads\\\/2020\\\/02\\\/s12780-conhaque-milesime-1978-helios-chateau-de-montifaud-70cl.jpg\",\"datePublished\":\"2025-01-23T10:34:25+00:00\",\"dateModified\":\"2025-01-23T10:34:39+00:00\",\"description\":\"Cognac Mil\u00e9sime 1978 Helios is the one that every Cognac connoisseur will want to try! All grapes used in this Cognac were harvested in 1978 and aged in Limousin oak barrels in the Montifaud wineries. The result is a spirit of divine complexity, bottled with a traditional gold stopper, accompanied by a beautiful presentation box.\",\"breadcrumb\":{\"@id\":\"https:\\\/\\\/www.socilink.com\\\/en\\\/products\\\/chateau-de-montifaud-cognac-milesime-1978-helios-70cl\\\/#breadcrumb\"},\"inLanguage\":\"en-US\",\"potentialAction\":[{\"@type\":\"ReadAction\",\"target\":[\"https:\\\/\\\/www.socilink.com\\\/en\\\/products\\\/chateau-de-montifaud-cognac-milesime-1978-helios-70cl\\\/\"]}]},{\"@type\":\"ImageObject\",\"inLanguage\":\"en-US\",\"@id\":\"https:\\\/\\\/www.socilink.com\\\/en\\\/products\\\/chateau-de-montifaud-cognac-milesime-1978-helios-70cl\\\/#primaryimage\",\"url\":\"https:\\\/\\\/www.socilink.com\\\/wp-content\\\/uploads\\\/2020\\\/02\\\/s12780-conhaque-milesime-1978-helios-chateau-de-montifaud-70cl.jpg\",\"contentUrl\":\"https:\\\/\\\/www.socilink.com\\\/wp-content\\\/uploads\\\/2020\\\/02\\\/s12780-conhaque-milesime-1978-helios-chateau-de-montifaud-70cl.jpg\",\"width\":800,\"height\":800,\"caption\":\"Ch\u00e2teau de Montifaud Cognac Mil\u00e9sime 1978 H\u00e9lios 70cl\"},{\"@type\":\"BreadcrumbList\",\"@id\":\"https:\\\/\\\/www.socilink.com\\\/en\\\/products\\\/chateau-de-montifaud-cognac-milesime-1978-helios-70cl\\\/#breadcrumb\",\"itemListElement\":[{\"@type\":\"ListItem\",\"position\":1,\"name\":\"In\u00edcio\",\"item\":\"https:\\\/\\\/www.socilink.com\\\/en\\\/\"},{\"@type\":\"ListItem\",\"position\":2,\"name\":\"Products\",\"item\":\"https:\\\/\\\/www.socilink.com\\\/en\\\/products\\\/\"},{\"@type\":\"ListItem\",\"position\":3,\"name\":\"Ch\u00e2teau de Montifaud Cognac Mil\u00e9sime 1978 H\u00e9lios 70cl\"}]},{\"@type\":\"WebSite\",\"@id\":\"https:\\\/\\\/www.socilink.com\\\/en\\\/#website\",\"url\":\"https:\\\/\\\/www.socilink.com\\\/en\\\/\",\"name\":\"Socilink\",\"description\":\"Mundo de Sabores\",\"publisher\":{\"@id\":\"https:\\\/\\\/www.socilink.com\\\/en\\\/#organization\"},\"potentialAction\":[{\"@type\":\"SearchAction\",\"target\":{\"@type\":\"EntryPoint\",\"urlTemplate\":\"https:\\\/\\\/www.socilink.com\\\/en\\\/?s={search_term_string}\"},\"query-input\":{\"@type\":\"PropertyValueSpecification\",\"valueRequired\":true,\"valueName\":\"search_term_string\"}}],\"inLanguage\":\"en-US\"},{\"@type\":\"Organization\",\"@id\":\"https:\\\/\\\/www.socilink.com\\\/en\\\/#organization\",\"name\":\"Socilink\",\"url\":\"https:\\\/\\\/www.socilink.com\\\/en\\\/\",\"logo\":{\"@type\":\"ImageObject\",\"inLanguage\":\"en-US\",\"@id\":\"https:\\\/\\\/www.socilink.com\\\/en\\\/#\\\/schema\\\/logo\\\/image\\\/\",\"url\":\"https:\\\/\\\/www.socilink.com\\\/wp-content\\\/uploads\\\/2019\\\/10\\\/Socilink.svg\",\"contentUrl\":\"https:\\\/\\\/www.socilink.com\\\/wp-content\\\/uploads\\\/2019\\\/10\\\/Socilink.svg\",\"width\":1,\"height\":1,\"caption\":\"Socilink\"},\"image\":{\"@id\":\"https:\\\/\\\/www.socilink.com\\\/en\\\/#\\\/schema\\\/logo\\\/image\\\/\"},\"sameAs\":[\"https:\\\/\\\/www.facebook.com\\\/socilink\\\/\",\"https:\\\/\\\/www.instagram.com\\\/socilink_mundo_de_sabores\\\/\",\"https:\\\/\\\/www.linkedin.com\\\/company\\\/socilink\",\"https:\\\/\\\/www.pinterest.pt\\\/socilink\\\/\"]}]}<\/script>\n<!-- \/ Yoast SEO plugin. -->","yoast_head_json":{"title":"Ch\u00e2teau de Montifaud Cognac Mil\u00e9sime 1978 H\u00e9lios 70cl","description":"Cognac Mil\u00e9sime 1978 Helios is the one that every Cognac connoisseur will want to try! All grapes used in this Cognac were harvested in 1978 and aged in Limousin oak barrels in the Montifaud wineries. The result is a spirit of divine complexity, bottled with a traditional gold stopper, accompanied by a beautiful presentation box.","robots":{"index":"index","follow":"follow","max-snippet":"max-snippet:-1","max-image-preview":"max-image-preview:large","max-video-preview":"max-video-preview:-1"},"canonical":"https:\/\/www.socilink.com\/en\/products\/chateau-de-montifaud-cognac-milesime-1978-helios-70cl\/","og_locale":"en_US","og_type":"article","og_title":"Ch\u00e2teau de Montifaud Cognac Mil\u00e9sime 1978 H\u00e9lios 70cl","og_description":"Cognac Mil\u00e9sime 1978 Helios is the one that every Cognac connoisseur will want to try! All grapes used in this Cognac were harvested in 1978 and aged in Limousin oak barrels in the Montifaud wineries. The result is a spirit of divine complexity, bottled with a traditional gold stopper, accompanied by a beautiful presentation box.","og_url":"https:\/\/www.socilink.com\/en\/products\/chateau-de-montifaud-cognac-milesime-1978-helios-70cl\/","og_site_name":"Socilink","article_publisher":"https:\/\/www.facebook.com\/socilink\/","article_modified_time":"2025-01-23T10:34:39+00:00","og_image":[{"width":800,"height":800,"url":"https:\/\/www.socilink.com\/wp-content\/uploads\/2020\/02\/s12780-conhaque-milesime-1978-helios-chateau-de-montifaud-70cl.jpg","type":"image\/jpeg"}],"twitter_card":"summary_large_image","twitter_title":"Ch\u00e2teau de Montifaud Cognac Mil\u00e9sime 1978 H\u00e9lios 70cl","twitter_misc":{"Est. reading time":"1 minute"},"schema":{"@context":"https:\/\/schema.org","@graph":[{"@type":"WebPage","@id":"https:\/\/www.socilink.com\/en\/products\/chateau-de-montifaud-cognac-milesime-1978-helios-70cl\/","url":"https:\/\/www.socilink.com\/en\/products\/chateau-de-montifaud-cognac-milesime-1978-helios-70cl\/","name":"Ch\u00e2teau de Montifaud Cognac Mil\u00e9sime 1978 H\u00e9lios 70cl","isPartOf":{"@id":"https:\/\/www.socilink.com\/en\/#website"},"primaryImageOfPage":{"@id":"https:\/\/www.socilink.com\/en\/products\/chateau-de-montifaud-cognac-milesime-1978-helios-70cl\/#primaryimage"},"image":{"@id":"https:\/\/www.socilink.com\/en\/products\/chateau-de-montifaud-cognac-milesime-1978-helios-70cl\/#primaryimage"},"thumbnailUrl":"https:\/\/www.socilink.com\/wp-content\/uploads\/2020\/02\/s12780-conhaque-milesime-1978-helios-chateau-de-montifaud-70cl.jpg","datePublished":"2025-01-23T10:34:25+00:00","dateModified":"2025-01-23T10:34:39+00:00","description":"Cognac Mil\u00e9sime 1978 Helios is the one that every Cognac connoisseur will want to try! All grapes used in this Cognac were harvested in 1978 and aged in Limousin oak barrels in the Montifaud wineries. The result is a spirit of divine complexity, bottled with a traditional gold stopper, accompanied by a beautiful presentation box.","breadcrumb":{"@id":"https:\/\/www.socilink.com\/en\/products\/chateau-de-montifaud-cognac-milesime-1978-helios-70cl\/#breadcrumb"},"inLanguage":"en-US","potentialAction":[{"@type":"ReadAction","target":["https:\/\/www.socilink.com\/en\/products\/chateau-de-montifaud-cognac-milesime-1978-helios-70cl\/"]}]},{"@type":"ImageObject","inLanguage":"en-US","@id":"https:\/\/www.socilink.com\/en\/products\/chateau-de-montifaud-cognac-milesime-1978-helios-70cl\/#primaryimage","url":"https:\/\/www.socilink.com\/wp-content\/uploads\/2020\/02\/s12780-conhaque-milesime-1978-helios-chateau-de-montifaud-70cl.jpg","contentUrl":"https:\/\/www.socilink.com\/wp-content\/uploads\/2020\/02\/s12780-conhaque-milesime-1978-helios-chateau-de-montifaud-70cl.jpg","width":800,"height":800,"caption":"Ch\u00e2teau de Montifaud Cognac Mil\u00e9sime 1978 H\u00e9lios 70cl"},{"@type":"BreadcrumbList","@id":"https:\/\/www.socilink.com\/en\/products\/chateau-de-montifaud-cognac-milesime-1978-helios-70cl\/#breadcrumb","itemListElement":[{"@type":"ListItem","position":1,"name":"In\u00edcio","item":"https:\/\/www.socilink.com\/en\/"},{"@type":"ListItem","position":2,"name":"Products","item":"https:\/\/www.socilink.com\/en\/products\/"},{"@type":"ListItem","position":3,"name":"Ch\u00e2teau de Montifaud Cognac Mil\u00e9sime 1978 H\u00e9lios 70cl"}]},{"@type":"WebSite","@id":"https:\/\/www.socilink.com\/en\/#website","url":"https:\/\/www.socilink.com\/en\/","name":"Socilink","description":"Mundo de Sabores","publisher":{"@id":"https:\/\/www.socilink.com\/en\/#organization"},"potentialAction":[{"@type":"SearchAction","target":{"@type":"EntryPoint","urlTemplate":"https:\/\/www.socilink.com\/en\/?s={search_term_string}"},"query-input":{"@type":"PropertyValueSpecification","valueRequired":true,"valueName":"search_term_string"}}],"inLanguage":"en-US"},{"@type":"Organization","@id":"https:\/\/www.socilink.com\/en\/#organization","name":"Socilink","url":"https:\/\/www.socilink.com\/en\/","logo":{"@type":"ImageObject","inLanguage":"en-US","@id":"https:\/\/www.socilink.com\/en\/#\/schema\/logo\/image\/","url":"https:\/\/www.socilink.com\/wp-content\/uploads\/2019\/10\/Socilink.svg","contentUrl":"https:\/\/www.socilink.com\/wp-content\/uploads\/2019\/10\/Socilink.svg","width":1,"height":1,"caption":"Socilink"},"image":{"@id":"https:\/\/www.socilink.com\/en\/#\/schema\/logo\/image\/"},"sameAs":["https:\/\/www.facebook.com\/socilink\/","https:\/\/www.instagram.com\/socilink_mundo_de_sabores\/","https:\/\/www.linkedin.com\/company\/socilink","https:\/\/www.pinterest.pt\/socilink\/"]}]}},"_links":{"self":[{"href":"https:\/\/www.socilink.com\/en\/wp-json\/wp\/v2\/product\/52910","targetHints":{"allow":["GET"]}}],"collection":[{"href":"https:\/\/www.socilink.com\/en\/wp-json\/wp\/v2\/product"}],"about":[{"href":"https:\/\/www.socilink.com\/en\/wp-json\/wp\/v2\/types\/product"}],"replies":[{"embeddable":true,"href":"https:\/\/www.socilink.com\/en\/wp-json\/wp\/v2\/comments?post=52910"}],"wp:featuredmedia":[{"embeddable":true,"href":"https:\/\/www.socilink.com\/en\/wp-json\/wp\/v2\/media\/14330"}],"wp:attachment":[{"href":"https:\/\/www.socilink.com\/en\/wp-json\/wp\/v2\/media?parent=52910"}],"wp:term":[{"taxonomy":"socilink_saboresdomundo_tag","embeddable":true,"href":"https:\/\/www.socilink.com\/en\/wp-json\/wp\/v2\/socilink_saboresdomundo_tag?post=52910"},{"taxonomy":"product_brand","embeddable":true,"href":"https:\/\/www.socilink.com\/en\/wp-json\/wp\/v2\/product_brand?post=52910"},{"taxonomy":"product_cat","embeddable":true,"href":"https:\/\/www.socilink.com\/en\/wp-json\/wp\/v2\/product_cat?post=52910"},{"taxonomy":"product_tag","embeddable":true,"href":"https:\/\/www.socilink.com\/en\/wp-json\/wp\/v2\/product_tag?post=52910"}],"curies":[{"name":"wp","href":"https:\/\/api.w.org\/{rel}","templated":true}]}}