{"id":53158,"date":"2022-07-12T08:22:29","date_gmt":"2022-07-12T07:22:29","guid":{"rendered":"https:\/\/www.socilink.com\/products\/estandon-lumiere-de-provence-rose-aoc-750ml\/"},"modified":"2022-07-12T08:22:46","modified_gmt":"2022-07-12T07:22:46","slug":"estandon-lumiere-de-provence-rose-aoc-750ml","status":"publish","type":"product","link":"https:\/\/www.socilink.com\/en\/products\/estandon-lumiere-de-provence-rose-aoc-750ml\/","title":{"rendered":"Estandon Lumi\u00e8re de Provence Ros\u00e9 AOC 750ml"},"content":{"rendered":"<h4>Product Description<\/h4>\n<p>This delicious Estandon Lumiere Ros\u00e9 made from a rigorous selection of less than 10% of our best wines in the Cotoc Varois in Provence AOC, the result of the commitment of Estandon Vignerons with the AgriConfiance certification.<\/p>\n<p>Lumi\u00e8re de Provence comes from several terroirs which complement each other perfectly. Some vines are situated on the Roquebrussanne plateau, an enclave with rocky soil sitting between limestone and dolomitic mountains. This fine, elegant ros\u00e9 also derives freshness from the slopes of Seillons- Source- d\u2019Argens, where the wines surround the village at nearly 400 metres altitude. Its clay-limestone soil homes to a treasure hidden away in its subsoil: water mines, a geological and hydrological feature that the vines love. Lastly, Lumi\u00e8re is created from grapes vinified in our facilities near Brignoles in the Var region, where we produce high-end ros\u00e9 wines.<\/p>\n<p>Tasting notes:<br \/>\nIts colour is a brilliant pale pink tone. Great delicacy in the nose, with notes of citrus fruits and pink grapefruit. Silky and smooth on the palate, with a charming balance between the freshness of the wine and its silky body, leading to an appetizing finish.<\/p>\n<h4>Alcohol Content:<\/h4>\n<p>12,5%<\/p>\n<h4>Usage Suggestions:<\/h4>\n<p>Serve as an aperitif or accompaniment to light dishes of Mediterranean cuisine.<\/p>\n<h4>Country of Origin:<\/h4>\n<p>France<\/p>\n<h4>Distributed by:<\/h4>\n<p>Socilink Lda<br \/>\nRua Quinta dos \u00c1lamos n.\u00ba 3, 2625-577 Vialonga, PORTUGAL<\/p>\n<h4>Notice about our product information:<\/h4>\n<p>Always confirm the information on the article label. Food products are subject to constant change, for this reason, we recommend that you always read the labeling information that accompanies each product, including the nutritional information, ingredient list, storage, preparation and use instructions as well as other information before use or consumption.<\/p>\n","protected":false},"excerpt":{"rendered":"<p>Lumi\u00e8re de Provence comes from several terroirs which complement each other perfectly.<br \/>\nMade from the  Cinsault, Grenache and Syrah grape varietes, its delicacy and elegance perfectly complement the Mediterranean cuisine, such as tapenade fillet mullet fillets.<\/p>\n","protected":false},"featured_media":7515,"comment_status":"closed","ping_status":"closed","template":"","meta":{"_acf_changed":false,"_lmt_disableupdate":"","_lmt_disable":"","ep_exclude_from_search":false},"socilink_saboresdomundo_tag":[2780,2787],"product_brand":[2241,2267],"product_cat":[2579,2711,2587],"product_tag":[],"class_list":{"0":"post-53158","1":"product","2":"type-product","3":"status-publish","4":"has-post-thumbnail","6":"socilink_saboresdomundo_tag-europe","7":"socilink_saboresdomundo_tag-france","8":"product_brand-estandon-en","9":"product_brand-provence-wines","10":"product_cat-alcohol-soft-drinks","11":"product_cat-all-products","12":"product_cat-wines","14":"first","15":"instock","16":"product-type-simple"},"acf":[],"yoast_head":"<!-- This site is optimized with the Yoast SEO plugin v27.3 - https:\/\/yoast.com\/product\/yoast-seo-wordpress\/ -->\n<title>Estandon Lumi\u00e8re de Provence Ros\u00e9 AOC 750ml<\/title>\n<meta name=\"description\" content=\"Lumi\u00e8re de Provence comes from several terroirs which complement each other perfectly. Made from the Cinsault, Grenache and Syrah grape varietes, its delicacy and elegance perfectly complement the Mediterranean cuisine, such as tapenade fillet mullet fillets.\" \/>\n<meta name=\"robots\" content=\"index, follow, max-snippet:-1, max-image-preview:large, max-video-preview:-1\" \/>\n<link rel=\"canonical\" href=\"https:\/\/www.socilink.com\/en\/products\/estandon-lumiere-de-provence-rose-aoc-750ml\/\" \/>\n<meta property=\"og:locale\" content=\"en_US\" \/>\n<meta property=\"og:type\" content=\"article\" \/>\n<meta property=\"og:title\" content=\"Estandon Lumi\u00e8re de Provence Ros\u00e9 AOC 750ml\" \/>\n<meta property=\"og:description\" content=\"Lumi\u00e8re de Provence comes from several terroirs which complement each other perfectly. Made from the Cinsault, Grenache and Syrah grape varietes, its delicacy and elegance perfectly complement the Mediterranean cuisine, such as tapenade fillet mullet fillets.\" \/>\n<meta property=\"og:url\" content=\"https:\/\/www.socilink.com\/en\/products\/estandon-lumiere-de-provence-rose-aoc-750ml\/\" \/>\n<meta property=\"og:site_name\" content=\"Socilink\" \/>\n<meta property=\"article:publisher\" content=\"https:\/\/www.facebook.com\/socilink\/\" \/>\n<meta property=\"article:modified_time\" content=\"2022-07-12T07:22:46+00:00\" \/>\n<meta property=\"og:image\" content=\"https:\/\/www.socilink.com\/wp-content\/uploads\/2020\/01\/s12737-vinho-rose-provenca-estandon-lumiere-aoc-estandon-750ml.jpg\" \/>\n\t<meta property=\"og:image:width\" content=\"800\" \/>\n\t<meta property=\"og:image:height\" content=\"800\" \/>\n\t<meta property=\"og:image:type\" content=\"image\/jpeg\" \/>\n<meta name=\"twitter:card\" content=\"summary_large_image\" \/>\n<meta name=\"twitter:title\" content=\"Estandon Lumi\u00e8re de Provence Ros\u00e9 AOC 750ml\" \/>\n<meta name=\"twitter:label1\" content=\"Est. reading time\" \/>\n\t<meta name=\"twitter:data1\" content=\"1 minute\" \/>\n<script type=\"application\/ld+json\" class=\"yoast-schema-graph\">{\"@context\":\"https:\\\/\\\/schema.org\",\"@graph\":[{\"@type\":\"WebPage\",\"@id\":\"https:\\\/\\\/www.socilink.com\\\/en\\\/products\\\/estandon-lumiere-de-provence-rose-aoc-750ml\\\/\",\"url\":\"https:\\\/\\\/www.socilink.com\\\/en\\\/products\\\/estandon-lumiere-de-provence-rose-aoc-750ml\\\/\",\"name\":\"Estandon Lumi\u00e8re de Provence Ros\u00e9 AOC 750ml\",\"isPartOf\":{\"@id\":\"https:\\\/\\\/www.socilink.com\\\/en\\\/#website\"},\"primaryImageOfPage\":{\"@id\":\"https:\\\/\\\/www.socilink.com\\\/en\\\/products\\\/estandon-lumiere-de-provence-rose-aoc-750ml\\\/#primaryimage\"},\"image\":{\"@id\":\"https:\\\/\\\/www.socilink.com\\\/en\\\/products\\\/estandon-lumiere-de-provence-rose-aoc-750ml\\\/#primaryimage\"},\"thumbnailUrl\":\"https:\\\/\\\/www.socilink.com\\\/wp-content\\\/uploads\\\/2020\\\/01\\\/s12737-vinho-rose-provenca-estandon-lumiere-aoc-estandon-750ml.jpg\",\"datePublished\":\"2022-07-12T07:22:29+00:00\",\"dateModified\":\"2022-07-12T07:22:46+00:00\",\"description\":\"Lumi\u00e8re de Provence comes from several terroirs which complement each other perfectly. Made from the Cinsault, Grenache and Syrah grape varietes, its delicacy and elegance perfectly complement the Mediterranean cuisine, such as tapenade fillet mullet fillets.\",\"breadcrumb\":{\"@id\":\"https:\\\/\\\/www.socilink.com\\\/en\\\/products\\\/estandon-lumiere-de-provence-rose-aoc-750ml\\\/#breadcrumb\"},\"inLanguage\":\"en-US\",\"potentialAction\":[{\"@type\":\"ReadAction\",\"target\":[\"https:\\\/\\\/www.socilink.com\\\/en\\\/products\\\/estandon-lumiere-de-provence-rose-aoc-750ml\\\/\"]}]},{\"@type\":\"ImageObject\",\"inLanguage\":\"en-US\",\"@id\":\"https:\\\/\\\/www.socilink.com\\\/en\\\/products\\\/estandon-lumiere-de-provence-rose-aoc-750ml\\\/#primaryimage\",\"url\":\"https:\\\/\\\/www.socilink.com\\\/wp-content\\\/uploads\\\/2020\\\/01\\\/s12737-vinho-rose-provenca-estandon-lumiere-aoc-estandon-750ml.jpg\",\"contentUrl\":\"https:\\\/\\\/www.socilink.com\\\/wp-content\\\/uploads\\\/2020\\\/01\\\/s12737-vinho-rose-provenca-estandon-lumiere-aoc-estandon-750ml.jpg\",\"width\":800,\"height\":800,\"caption\":\"Estandon Lumi\u00e8re de Provence Ros\u00e9 AOC 750ml\"},{\"@type\":\"BreadcrumbList\",\"@id\":\"https:\\\/\\\/www.socilink.com\\\/en\\\/products\\\/estandon-lumiere-de-provence-rose-aoc-750ml\\\/#breadcrumb\",\"itemListElement\":[{\"@type\":\"ListItem\",\"position\":1,\"name\":\"In\u00edcio\",\"item\":\"https:\\\/\\\/www.socilink.com\\\/en\\\/\"},{\"@type\":\"ListItem\",\"position\":2,\"name\":\"Products\",\"item\":\"https:\\\/\\\/www.socilink.com\\\/en\\\/products\\\/\"},{\"@type\":\"ListItem\",\"position\":3,\"name\":\"Estandon Lumi\u00e8re de Provence Ros\u00e9 AOC 750ml\"}]},{\"@type\":\"WebSite\",\"@id\":\"https:\\\/\\\/www.socilink.com\\\/en\\\/#website\",\"url\":\"https:\\\/\\\/www.socilink.com\\\/en\\\/\",\"name\":\"Socilink\",\"description\":\"Mundo de Sabores\",\"publisher\":{\"@id\":\"https:\\\/\\\/www.socilink.com\\\/en\\\/#organization\"},\"potentialAction\":[{\"@type\":\"SearchAction\",\"target\":{\"@type\":\"EntryPoint\",\"urlTemplate\":\"https:\\\/\\\/www.socilink.com\\\/en\\\/?s={search_term_string}\"},\"query-input\":{\"@type\":\"PropertyValueSpecification\",\"valueRequired\":true,\"valueName\":\"search_term_string\"}}],\"inLanguage\":\"en-US\"},{\"@type\":\"Organization\",\"@id\":\"https:\\\/\\\/www.socilink.com\\\/en\\\/#organization\",\"name\":\"Socilink\",\"url\":\"https:\\\/\\\/www.socilink.com\\\/en\\\/\",\"logo\":{\"@type\":\"ImageObject\",\"inLanguage\":\"en-US\",\"@id\":\"https:\\\/\\\/www.socilink.com\\\/en\\\/#\\\/schema\\\/logo\\\/image\\\/\",\"url\":\"https:\\\/\\\/www.socilink.com\\\/wp-content\\\/uploads\\\/2019\\\/10\\\/Socilink.svg\",\"contentUrl\":\"https:\\\/\\\/www.socilink.com\\\/wp-content\\\/uploads\\\/2019\\\/10\\\/Socilink.svg\",\"width\":1,\"height\":1,\"caption\":\"Socilink\"},\"image\":{\"@id\":\"https:\\\/\\\/www.socilink.com\\\/en\\\/#\\\/schema\\\/logo\\\/image\\\/\"},\"sameAs\":[\"https:\\\/\\\/www.facebook.com\\\/socilink\\\/\",\"https:\\\/\\\/www.instagram.com\\\/socilink_mundo_de_sabores\\\/\",\"https:\\\/\\\/www.linkedin.com\\\/company\\\/socilink\",\"https:\\\/\\\/www.pinterest.pt\\\/socilink\\\/\"]}]}<\/script>\n<!-- \/ Yoast SEO plugin. -->","yoast_head_json":{"title":"Estandon Lumi\u00e8re de Provence Ros\u00e9 AOC 750ml","description":"Lumi\u00e8re de Provence comes from several terroirs which complement each other perfectly. Made from the Cinsault, Grenache and Syrah grape varietes, its delicacy and elegance perfectly complement the Mediterranean cuisine, such as tapenade fillet mullet fillets.","robots":{"index":"index","follow":"follow","max-snippet":"max-snippet:-1","max-image-preview":"max-image-preview:large","max-video-preview":"max-video-preview:-1"},"canonical":"https:\/\/www.socilink.com\/en\/products\/estandon-lumiere-de-provence-rose-aoc-750ml\/","og_locale":"en_US","og_type":"article","og_title":"Estandon Lumi\u00e8re de Provence Ros\u00e9 AOC 750ml","og_description":"Lumi\u00e8re de Provence comes from several terroirs which complement each other perfectly. Made from the Cinsault, Grenache and Syrah grape varietes, its delicacy and elegance perfectly complement the Mediterranean cuisine, such as tapenade fillet mullet fillets.","og_url":"https:\/\/www.socilink.com\/en\/products\/estandon-lumiere-de-provence-rose-aoc-750ml\/","og_site_name":"Socilink","article_publisher":"https:\/\/www.facebook.com\/socilink\/","article_modified_time":"2022-07-12T07:22:46+00:00","og_image":[{"width":800,"height":800,"url":"https:\/\/www.socilink.com\/wp-content\/uploads\/2020\/01\/s12737-vinho-rose-provenca-estandon-lumiere-aoc-estandon-750ml.jpg","type":"image\/jpeg"}],"twitter_card":"summary_large_image","twitter_title":"Estandon Lumi\u00e8re de Provence Ros\u00e9 AOC 750ml","twitter_misc":{"Est. reading time":"1 minute"},"schema":{"@context":"https:\/\/schema.org","@graph":[{"@type":"WebPage","@id":"https:\/\/www.socilink.com\/en\/products\/estandon-lumiere-de-provence-rose-aoc-750ml\/","url":"https:\/\/www.socilink.com\/en\/products\/estandon-lumiere-de-provence-rose-aoc-750ml\/","name":"Estandon Lumi\u00e8re de Provence Ros\u00e9 AOC 750ml","isPartOf":{"@id":"https:\/\/www.socilink.com\/en\/#website"},"primaryImageOfPage":{"@id":"https:\/\/www.socilink.com\/en\/products\/estandon-lumiere-de-provence-rose-aoc-750ml\/#primaryimage"},"image":{"@id":"https:\/\/www.socilink.com\/en\/products\/estandon-lumiere-de-provence-rose-aoc-750ml\/#primaryimage"},"thumbnailUrl":"https:\/\/www.socilink.com\/wp-content\/uploads\/2020\/01\/s12737-vinho-rose-provenca-estandon-lumiere-aoc-estandon-750ml.jpg","datePublished":"2022-07-12T07:22:29+00:00","dateModified":"2022-07-12T07:22:46+00:00","description":"Lumi\u00e8re de Provence comes from several terroirs which complement each other perfectly. Made from the Cinsault, Grenache and Syrah grape varietes, its delicacy and elegance perfectly complement the Mediterranean cuisine, such as tapenade fillet mullet fillets.","breadcrumb":{"@id":"https:\/\/www.socilink.com\/en\/products\/estandon-lumiere-de-provence-rose-aoc-750ml\/#breadcrumb"},"inLanguage":"en-US","potentialAction":[{"@type":"ReadAction","target":["https:\/\/www.socilink.com\/en\/products\/estandon-lumiere-de-provence-rose-aoc-750ml\/"]}]},{"@type":"ImageObject","inLanguage":"en-US","@id":"https:\/\/www.socilink.com\/en\/products\/estandon-lumiere-de-provence-rose-aoc-750ml\/#primaryimage","url":"https:\/\/www.socilink.com\/wp-content\/uploads\/2020\/01\/s12737-vinho-rose-provenca-estandon-lumiere-aoc-estandon-750ml.jpg","contentUrl":"https:\/\/www.socilink.com\/wp-content\/uploads\/2020\/01\/s12737-vinho-rose-provenca-estandon-lumiere-aoc-estandon-750ml.jpg","width":800,"height":800,"caption":"Estandon Lumi\u00e8re de Provence Ros\u00e9 AOC 750ml"},{"@type":"BreadcrumbList","@id":"https:\/\/www.socilink.com\/en\/products\/estandon-lumiere-de-provence-rose-aoc-750ml\/#breadcrumb","itemListElement":[{"@type":"ListItem","position":1,"name":"In\u00edcio","item":"https:\/\/www.socilink.com\/en\/"},{"@type":"ListItem","position":2,"name":"Products","item":"https:\/\/www.socilink.com\/en\/products\/"},{"@type":"ListItem","position":3,"name":"Estandon Lumi\u00e8re de Provence Ros\u00e9 AOC 750ml"}]},{"@type":"WebSite","@id":"https:\/\/www.socilink.com\/en\/#website","url":"https:\/\/www.socilink.com\/en\/","name":"Socilink","description":"Mundo de Sabores","publisher":{"@id":"https:\/\/www.socilink.com\/en\/#organization"},"potentialAction":[{"@type":"SearchAction","target":{"@type":"EntryPoint","urlTemplate":"https:\/\/www.socilink.com\/en\/?s={search_term_string}"},"query-input":{"@type":"PropertyValueSpecification","valueRequired":true,"valueName":"search_term_string"}}],"inLanguage":"en-US"},{"@type":"Organization","@id":"https:\/\/www.socilink.com\/en\/#organization","name":"Socilink","url":"https:\/\/www.socilink.com\/en\/","logo":{"@type":"ImageObject","inLanguage":"en-US","@id":"https:\/\/www.socilink.com\/en\/#\/schema\/logo\/image\/","url":"https:\/\/www.socilink.com\/wp-content\/uploads\/2019\/10\/Socilink.svg","contentUrl":"https:\/\/www.socilink.com\/wp-content\/uploads\/2019\/10\/Socilink.svg","width":1,"height":1,"caption":"Socilink"},"image":{"@id":"https:\/\/www.socilink.com\/en\/#\/schema\/logo\/image\/"},"sameAs":["https:\/\/www.facebook.com\/socilink\/","https:\/\/www.instagram.com\/socilink_mundo_de_sabores\/","https:\/\/www.linkedin.com\/company\/socilink","https:\/\/www.pinterest.pt\/socilink\/"]}]}},"_links":{"self":[{"href":"https:\/\/www.socilink.com\/en\/wp-json\/wp\/v2\/product\/53158","targetHints":{"allow":["GET"]}}],"collection":[{"href":"https:\/\/www.socilink.com\/en\/wp-json\/wp\/v2\/product"}],"about":[{"href":"https:\/\/www.socilink.com\/en\/wp-json\/wp\/v2\/types\/product"}],"replies":[{"embeddable":true,"href":"https:\/\/www.socilink.com\/en\/wp-json\/wp\/v2\/comments?post=53158"}],"wp:featuredmedia":[{"embeddable":true,"href":"https:\/\/www.socilink.com\/en\/wp-json\/wp\/v2\/media\/7515"}],"wp:attachment":[{"href":"https:\/\/www.socilink.com\/en\/wp-json\/wp\/v2\/media?parent=53158"}],"wp:term":[{"taxonomy":"socilink_saboresdomundo_tag","embeddable":true,"href":"https:\/\/www.socilink.com\/en\/wp-json\/wp\/v2\/socilink_saboresdomundo_tag?post=53158"},{"taxonomy":"product_brand","embeddable":true,"href":"https:\/\/www.socilink.com\/en\/wp-json\/wp\/v2\/product_brand?post=53158"},{"taxonomy":"product_cat","embeddable":true,"href":"https:\/\/www.socilink.com\/en\/wp-json\/wp\/v2\/product_cat?post=53158"},{"taxonomy":"product_tag","embeddable":true,"href":"https:\/\/www.socilink.com\/en\/wp-json\/wp\/v2\/product_tag?post=53158"}],"curies":[{"name":"wp","href":"https:\/\/api.w.org\/{rel}","templated":true}]}}