{"id":53840,"date":"2026-02-26T23:41:20","date_gmt":"2026-02-26T23:41:20","guid":{"rendered":"https:\/\/www.socilink.com\/products\/sabarot-slippery-jack-and-cepes-40g\/"},"modified":"2026-02-26T23:41:39","modified_gmt":"2026-02-26T23:41:39","slug":"sabarot-slippery-jack-and-cepes-40g","status":"publish","type":"product","link":"https:\/\/www.socilink.com\/en\/products\/sabarot-slippery-jack-and-cepes-40g\/","title":{"rendered":"Sabarot Slippery Jack and Cepes 40g"},"content":{"rendered":"<h4>Product Description<\/h4>\n<p>Mushrooms are low in fat and digestible carbohydrates, and high in protein, vitamins, minerals and dietary fibre.<br \/>\nIn this mixture of Dried mushrooms and porcini mushrooms, they are selected with the utmost care and will give theirs an authentic and original flavour.<br \/>\nBoletus is a genus of mushroom-producing fungi.<br \/>\nPorcini s a basidiomycete fungus, and one of the type species of the Boletus genus, not rare to find because they develop mainly in oak and chestnut groves, and can easily reach large dimensions.<\/p>\n<h4>Ingredients:<\/h4>\n<p>Bolets jaunes, c\u00e8pes s\u00e9ch\u00e9s.<\/p>\n<h4>Storage:<\/h4>\n<p>Store in a dry, airy place.<\/p>\n<h4>Preparation Suggestion:<\/h4>\n<p>Rehydration instructions: Place in water for 30 minutes. Rinse in a slotted spoon and use as fresh mushrooms.<\/p>\n<h4>Usage Suggestions:<\/h4>\n<p>Goes with meat, poultry, pastas or vegetables dishes.<\/p>\n<h4>Country of Origin:<\/h4>\n<p>France<\/p>\n<h4>Nutritional information:<\/h4>\n<table>\n<tr>\n<th>Nutrition Declaration (Typical Values):<\/th>\n<th>Per 100g<\/th>\n<\/tr>\n<tr>\n<td>Energy<\/td>\n<td>1167kJ<br \/>280kcal<\/td>\n<\/tr>\n<tr>\n<td>Fat<br \/>of wich saturates<\/td>\n<td>4,9g<br \/>0,3g<\/td>\n<\/tr>\n<tr>\n<td>Carbohydrate<br \/>of which sugars<\/td>\n<td>20,9g<br \/>1,9g<\/td>\n<\/tr>\n<tr>\n<td>Protein<\/td>\n<td>22g<\/td>\n<\/tr>\n<tr>\n<td>Salt<\/td>\n<td>0,04g<\/td>\n<\/tr>\n<\/table>\n<h4>Distributed by:<\/h4>\n<p>Socilink Lda<br \/>\nRua Quinta dos \u00c1lamos n.\u00ba 3, 2625-577 Vialonga, PORTUGAL<\/p>\n<h4>Notice about our product information:<\/h4>\n<p>Always confirm the information on the article label. Food products are subject to constant change, for this reason, we recommend that you always read the labeling information that accompanies each product, including the nutritional information, ingredient list, storage, preparation and use instructions as well as other information before use or consumption.<\/p>\n","protected":false},"excerpt":{"rendered":"<p>These Sabarot mushrooms are carefully selected and will give your meat, poultry or vegetable dishes an authentic and original flavour.<\/p>\n","protected":false},"featured_media":62898,"comment_status":"closed","ping_status":"closed","template":"","meta":{"_acf_changed":false,"_lmt_disableupdate":"","_lmt_disable":"","ep_exclude_from_search":false},"socilink_saboresdomundo_tag":[2780,2787],"product_brand":[2485,2482],"product_cat":[2711,2624,2630],"product_tag":[],"class_list":{"0":"post-53840","1":"product","2":"type-product","3":"status-publish","4":"has-post-thumbnail","6":"socilink_saboresdomundo_tag-europe","7":"socilink_saboresdomundo_tag-france","8":"product_brand-dried-mushrooms","9":"product_brand-sabarot-en","10":"product_cat-all-products","11":"product_cat-ingredients-seasonings","12":"product_cat-mushrooms","13":"pa_caracteristicas-new-image","14":"pa_caracteristicas-top-seller","16":"first","17":"instock","18":"product-type-simple"},"acf":[],"yoast_head":"<!-- This site is optimized with the Yoast SEO plugin v27.3 - https:\/\/yoast.com\/product\/yoast-seo-wordpress\/ -->\n<title>Sabarot Slippery Jack and Cepes 40g<\/title>\n<meta name=\"description\" content=\"These Sabarot mushrooms are carefully selected and will give your meat, poultry or vegetable dishes an authentic and original flavour.\" \/>\n<meta name=\"robots\" content=\"index, follow, max-snippet:-1, max-image-preview:large, max-video-preview:-1\" \/>\n<link rel=\"canonical\" href=\"https:\/\/www.socilink.com\/en\/products\/sabarot-slippery-jack-and-cepes-40g\/\" \/>\n<meta property=\"og:locale\" content=\"en_US\" \/>\n<meta property=\"og:type\" content=\"article\" \/>\n<meta property=\"og:title\" content=\"Sabarot Slippery Jack and Cepes 40g\" \/>\n<meta property=\"og:description\" content=\"These Sabarot mushrooms are carefully selected and will give your meat, poultry or vegetable dishes an authentic and original flavour.\" \/>\n<meta property=\"og:url\" content=\"https:\/\/www.socilink.com\/en\/products\/sabarot-slippery-jack-and-cepes-40g\/\" \/>\n<meta property=\"og:site_name\" content=\"Socilink\" \/>\n<meta property=\"article:publisher\" content=\"https:\/\/www.facebook.com\/socilink\/\" \/>\n<meta property=\"article:modified_time\" content=\"2026-02-26T23:41:39+00:00\" \/>\n<meta property=\"og:image\" content=\"https:\/\/www.socilink.com\/wp-content\/uploads\/2023\/02\/s11098-cogumelos-boletos-e-porcini-secos-sabarot-40g_1.jpg\" \/>\n\t<meta property=\"og:image:width\" content=\"800\" \/>\n\t<meta property=\"og:image:height\" content=\"800\" \/>\n\t<meta property=\"og:image:type\" content=\"image\/jpeg\" \/>\n<meta name=\"twitter:card\" content=\"summary_large_image\" \/>\n<meta name=\"twitter:title\" content=\"Sabarot Slippery Jack and Cepes 40g\" \/>\n<meta name=\"twitter:label1\" content=\"Est. reading time\" \/>\n\t<meta name=\"twitter:data1\" content=\"1 minute\" \/>\n<script type=\"application\/ld+json\" class=\"yoast-schema-graph\">{\"@context\":\"https:\\\/\\\/schema.org\",\"@graph\":[{\"@type\":\"WebPage\",\"@id\":\"https:\\\/\\\/www.socilink.com\\\/en\\\/products\\\/sabarot-slippery-jack-and-cepes-40g\\\/\",\"url\":\"https:\\\/\\\/www.socilink.com\\\/en\\\/products\\\/sabarot-slippery-jack-and-cepes-40g\\\/\",\"name\":\"Sabarot Slippery Jack and Cepes 40g\",\"isPartOf\":{\"@id\":\"https:\\\/\\\/www.socilink.com\\\/en\\\/#website\"},\"primaryImageOfPage\":{\"@id\":\"https:\\\/\\\/www.socilink.com\\\/en\\\/products\\\/sabarot-slippery-jack-and-cepes-40g\\\/#primaryimage\"},\"image\":{\"@id\":\"https:\\\/\\\/www.socilink.com\\\/en\\\/products\\\/sabarot-slippery-jack-and-cepes-40g\\\/#primaryimage\"},\"thumbnailUrl\":\"https:\\\/\\\/www.socilink.com\\\/wp-content\\\/uploads\\\/2023\\\/02\\\/s11098-cogumelos-boletos-e-porcini-secos-sabarot-40g_1.jpg\",\"datePublished\":\"2026-02-26T23:41:20+00:00\",\"dateModified\":\"2026-02-26T23:41:39+00:00\",\"description\":\"These Sabarot mushrooms are carefully selected and will give your meat, poultry or vegetable dishes an authentic and original flavour.\",\"breadcrumb\":{\"@id\":\"https:\\\/\\\/www.socilink.com\\\/en\\\/products\\\/sabarot-slippery-jack-and-cepes-40g\\\/#breadcrumb\"},\"inLanguage\":\"en-US\",\"potentialAction\":[{\"@type\":\"ReadAction\",\"target\":[\"https:\\\/\\\/www.socilink.com\\\/en\\\/products\\\/sabarot-slippery-jack-and-cepes-40g\\\/\"]}]},{\"@type\":\"ImageObject\",\"inLanguage\":\"en-US\",\"@id\":\"https:\\\/\\\/www.socilink.com\\\/en\\\/products\\\/sabarot-slippery-jack-and-cepes-40g\\\/#primaryimage\",\"url\":\"https:\\\/\\\/www.socilink.com\\\/wp-content\\\/uploads\\\/2023\\\/02\\\/s11098-cogumelos-boletos-e-porcini-secos-sabarot-40g_1.jpg\",\"contentUrl\":\"https:\\\/\\\/www.socilink.com\\\/wp-content\\\/uploads\\\/2023\\\/02\\\/s11098-cogumelos-boletos-e-porcini-secos-sabarot-40g_1.jpg\",\"width\":800,\"height\":800,\"caption\":\"Sabarot Slippery Jack and Cepes 40g\"},{\"@type\":\"BreadcrumbList\",\"@id\":\"https:\\\/\\\/www.socilink.com\\\/en\\\/products\\\/sabarot-slippery-jack-and-cepes-40g\\\/#breadcrumb\",\"itemListElement\":[{\"@type\":\"ListItem\",\"position\":1,\"name\":\"In\u00edcio\",\"item\":\"https:\\\/\\\/www.socilink.com\\\/en\\\/\"},{\"@type\":\"ListItem\",\"position\":2,\"name\":\"Products\",\"item\":\"https:\\\/\\\/www.socilink.com\\\/en\\\/products\\\/\"},{\"@type\":\"ListItem\",\"position\":3,\"name\":\"Sabarot Slippery Jack and Cepes 40g\"}]},{\"@type\":\"WebSite\",\"@id\":\"https:\\\/\\\/www.socilink.com\\\/en\\\/#website\",\"url\":\"https:\\\/\\\/www.socilink.com\\\/en\\\/\",\"name\":\"Socilink\",\"description\":\"Mundo de Sabores\",\"publisher\":{\"@id\":\"https:\\\/\\\/www.socilink.com\\\/en\\\/#organization\"},\"potentialAction\":[{\"@type\":\"SearchAction\",\"target\":{\"@type\":\"EntryPoint\",\"urlTemplate\":\"https:\\\/\\\/www.socilink.com\\\/en\\\/?s={search_term_string}\"},\"query-input\":{\"@type\":\"PropertyValueSpecification\",\"valueRequired\":true,\"valueName\":\"search_term_string\"}}],\"inLanguage\":\"en-US\"},{\"@type\":\"Organization\",\"@id\":\"https:\\\/\\\/www.socilink.com\\\/en\\\/#organization\",\"name\":\"Socilink\",\"url\":\"https:\\\/\\\/www.socilink.com\\\/en\\\/\",\"logo\":{\"@type\":\"ImageObject\",\"inLanguage\":\"en-US\",\"@id\":\"https:\\\/\\\/www.socilink.com\\\/en\\\/#\\\/schema\\\/logo\\\/image\\\/\",\"url\":\"https:\\\/\\\/www.socilink.com\\\/wp-content\\\/uploads\\\/2019\\\/10\\\/Socilink.svg\",\"contentUrl\":\"https:\\\/\\\/www.socilink.com\\\/wp-content\\\/uploads\\\/2019\\\/10\\\/Socilink.svg\",\"width\":1,\"height\":1,\"caption\":\"Socilink\"},\"image\":{\"@id\":\"https:\\\/\\\/www.socilink.com\\\/en\\\/#\\\/schema\\\/logo\\\/image\\\/\"},\"sameAs\":[\"https:\\\/\\\/www.facebook.com\\\/socilink\\\/\",\"https:\\\/\\\/www.instagram.com\\\/socilink_mundo_de_sabores\\\/\",\"https:\\\/\\\/www.linkedin.com\\\/company\\\/socilink\",\"https:\\\/\\\/www.pinterest.pt\\\/socilink\\\/\"]}]}<\/script>\n<!-- \/ Yoast SEO plugin. -->","yoast_head_json":{"title":"Sabarot Slippery Jack and Cepes 40g","description":"These Sabarot mushrooms are carefully selected and will give your meat, poultry or vegetable dishes an authentic and original flavour.","robots":{"index":"index","follow":"follow","max-snippet":"max-snippet:-1","max-image-preview":"max-image-preview:large","max-video-preview":"max-video-preview:-1"},"canonical":"https:\/\/www.socilink.com\/en\/products\/sabarot-slippery-jack-and-cepes-40g\/","og_locale":"en_US","og_type":"article","og_title":"Sabarot Slippery Jack and Cepes 40g","og_description":"These Sabarot mushrooms are carefully selected and will give your meat, poultry or vegetable dishes an authentic and original flavour.","og_url":"https:\/\/www.socilink.com\/en\/products\/sabarot-slippery-jack-and-cepes-40g\/","og_site_name":"Socilink","article_publisher":"https:\/\/www.facebook.com\/socilink\/","article_modified_time":"2026-02-26T23:41:39+00:00","og_image":[{"width":800,"height":800,"url":"https:\/\/www.socilink.com\/wp-content\/uploads\/2023\/02\/s11098-cogumelos-boletos-e-porcini-secos-sabarot-40g_1.jpg","type":"image\/jpeg"}],"twitter_card":"summary_large_image","twitter_title":"Sabarot Slippery Jack and Cepes 40g","twitter_misc":{"Est. reading time":"1 minute"},"schema":{"@context":"https:\/\/schema.org","@graph":[{"@type":"WebPage","@id":"https:\/\/www.socilink.com\/en\/products\/sabarot-slippery-jack-and-cepes-40g\/","url":"https:\/\/www.socilink.com\/en\/products\/sabarot-slippery-jack-and-cepes-40g\/","name":"Sabarot Slippery Jack and Cepes 40g","isPartOf":{"@id":"https:\/\/www.socilink.com\/en\/#website"},"primaryImageOfPage":{"@id":"https:\/\/www.socilink.com\/en\/products\/sabarot-slippery-jack-and-cepes-40g\/#primaryimage"},"image":{"@id":"https:\/\/www.socilink.com\/en\/products\/sabarot-slippery-jack-and-cepes-40g\/#primaryimage"},"thumbnailUrl":"https:\/\/www.socilink.com\/wp-content\/uploads\/2023\/02\/s11098-cogumelos-boletos-e-porcini-secos-sabarot-40g_1.jpg","datePublished":"2026-02-26T23:41:20+00:00","dateModified":"2026-02-26T23:41:39+00:00","description":"These Sabarot mushrooms are carefully selected and will give your meat, poultry or vegetable dishes an authentic and original flavour.","breadcrumb":{"@id":"https:\/\/www.socilink.com\/en\/products\/sabarot-slippery-jack-and-cepes-40g\/#breadcrumb"},"inLanguage":"en-US","potentialAction":[{"@type":"ReadAction","target":["https:\/\/www.socilink.com\/en\/products\/sabarot-slippery-jack-and-cepes-40g\/"]}]},{"@type":"ImageObject","inLanguage":"en-US","@id":"https:\/\/www.socilink.com\/en\/products\/sabarot-slippery-jack-and-cepes-40g\/#primaryimage","url":"https:\/\/www.socilink.com\/wp-content\/uploads\/2023\/02\/s11098-cogumelos-boletos-e-porcini-secos-sabarot-40g_1.jpg","contentUrl":"https:\/\/www.socilink.com\/wp-content\/uploads\/2023\/02\/s11098-cogumelos-boletos-e-porcini-secos-sabarot-40g_1.jpg","width":800,"height":800,"caption":"Sabarot Slippery Jack and Cepes 40g"},{"@type":"BreadcrumbList","@id":"https:\/\/www.socilink.com\/en\/products\/sabarot-slippery-jack-and-cepes-40g\/#breadcrumb","itemListElement":[{"@type":"ListItem","position":1,"name":"In\u00edcio","item":"https:\/\/www.socilink.com\/en\/"},{"@type":"ListItem","position":2,"name":"Products","item":"https:\/\/www.socilink.com\/en\/products\/"},{"@type":"ListItem","position":3,"name":"Sabarot Slippery Jack and Cepes 40g"}]},{"@type":"WebSite","@id":"https:\/\/www.socilink.com\/en\/#website","url":"https:\/\/www.socilink.com\/en\/","name":"Socilink","description":"Mundo de Sabores","publisher":{"@id":"https:\/\/www.socilink.com\/en\/#organization"},"potentialAction":[{"@type":"SearchAction","target":{"@type":"EntryPoint","urlTemplate":"https:\/\/www.socilink.com\/en\/?s={search_term_string}"},"query-input":{"@type":"PropertyValueSpecification","valueRequired":true,"valueName":"search_term_string"}}],"inLanguage":"en-US"},{"@type":"Organization","@id":"https:\/\/www.socilink.com\/en\/#organization","name":"Socilink","url":"https:\/\/www.socilink.com\/en\/","logo":{"@type":"ImageObject","inLanguage":"en-US","@id":"https:\/\/www.socilink.com\/en\/#\/schema\/logo\/image\/","url":"https:\/\/www.socilink.com\/wp-content\/uploads\/2019\/10\/Socilink.svg","contentUrl":"https:\/\/www.socilink.com\/wp-content\/uploads\/2019\/10\/Socilink.svg","width":1,"height":1,"caption":"Socilink"},"image":{"@id":"https:\/\/www.socilink.com\/en\/#\/schema\/logo\/image\/"},"sameAs":["https:\/\/www.facebook.com\/socilink\/","https:\/\/www.instagram.com\/socilink_mundo_de_sabores\/","https:\/\/www.linkedin.com\/company\/socilink","https:\/\/www.pinterest.pt\/socilink\/"]}]}},"_links":{"self":[{"href":"https:\/\/www.socilink.com\/en\/wp-json\/wp\/v2\/product\/53840","targetHints":{"allow":["GET"]}}],"collection":[{"href":"https:\/\/www.socilink.com\/en\/wp-json\/wp\/v2\/product"}],"about":[{"href":"https:\/\/www.socilink.com\/en\/wp-json\/wp\/v2\/types\/product"}],"replies":[{"embeddable":true,"href":"https:\/\/www.socilink.com\/en\/wp-json\/wp\/v2\/comments?post=53840"}],"wp:featuredmedia":[{"embeddable":true,"href":"https:\/\/www.socilink.com\/en\/wp-json\/wp\/v2\/media\/62898"}],"wp:attachment":[{"href":"https:\/\/www.socilink.com\/en\/wp-json\/wp\/v2\/media?parent=53840"}],"wp:term":[{"taxonomy":"socilink_saboresdomundo_tag","embeddable":true,"href":"https:\/\/www.socilink.com\/en\/wp-json\/wp\/v2\/socilink_saboresdomundo_tag?post=53840"},{"taxonomy":"product_brand","embeddable":true,"href":"https:\/\/www.socilink.com\/en\/wp-json\/wp\/v2\/product_brand?post=53840"},{"taxonomy":"product_cat","embeddable":true,"href":"https:\/\/www.socilink.com\/en\/wp-json\/wp\/v2\/product_cat?post=53840"},{"taxonomy":"product_tag","embeddable":true,"href":"https:\/\/www.socilink.com\/en\/wp-json\/wp\/v2\/product_tag?post=53840"}],"curies":[{"name":"wp","href":"https:\/\/api.w.org\/{rel}","templated":true}]}}