{"id":58302,"date":"2026-02-26T23:21:33","date_gmt":"2026-02-26T23:21:33","guid":{"rendered":"https:\/\/www.socilink.com\/products\/finca-la-barca-patatera-chorizo-pate-110g\/"},"modified":"2026-02-26T23:21:35","modified_gmt":"2026-02-26T23:21:35","slug":"finca-la-barca-patatera-chorizo-pate-110g","status":"publish","type":"product","link":"https:\/\/www.socilink.com\/en\/products\/finca-la-barca-patatera-chorizo-pate-110g\/","title":{"rendered":"Finca La Barca \u201cPatatera\u201d Chorizo Pat\u00e9 110g"},"content":{"rendered":"<h4>Product Description<\/h4>\n<p>This pat\u00e9 is made with the most characteristic sausage in the province of C\u00e1ceres, the Morcilla Patatera, a regional product. Its main ingredients are pork, potatoes and smoked paprika from La Vera.<br \/>\nIt is ideal for spreading on toast. It can also be used to make tortillas or croquettes and for use in pasta or meat sauces.<\/p>\n<h4>Ingredients:<\/h4>\n<p>Pork (33.5%), water,MILK powder, dehydrated potato, extra virgin olive oil (1.5%), smoked paprika powder, salt, SOY isolate, spices, dextrin, antioxidant (E-327), pork protein, emulsifiers (E-451 and E-450), garlic, natural flavouring, colour (E-120) and preservative (E-250).<\/p>\n<h4>Allergens:<\/h4>\n<p>See ingredients in UPPERCASE.<\/p>\n<h4>Storage:<\/h4>\n<p>Keep in a cool and dry place, away from direct light. Once opened, keep refrigerated and use within 7 days.<\/p>\n<h4>Usage Suggestions:<\/h4>\n<p>It is ideal for spreading on toast. It can also be used to make tortillas or croquettes and to be used in pasta or meat sauces.<\/p>\n<h4>Country of Origin:<\/h4>\n<p>Spain<\/p>\n<h4>Nutritional information:<\/h4>\n<table>\n<tr>\n<th>Nutrition Declaration (Typical Values):<\/th>\n<th>Per 100g<\/th>\n<\/tr>\n<tr>\n<td>Energy<\/td>\n<td>895kJ<br \/>215kcal<\/td>\n<\/tr>\n<tr>\n<td>Fat<br \/>of wich saturates<\/td>\n<td>13g<br \/>4,5g<\/td>\n<\/tr>\n<tr>\n<td>Carbohydrate<br \/>of which sugars<\/td>\n<td>11g<br \/>2,4g<\/td>\n<\/tr>\n<tr>\n<td>Protein<\/td>\n<td>13g<\/td>\n<\/tr>\n<tr>\n<td>Salt<\/td>\n<td>1,71g<\/td>\n<\/tr>\n<\/table>\n<h4>Distributed by:<\/h4>\n<p>Socilink Lda<br \/>\nRua Quinta dos \u00c1lamos n.\u00ba 3, 2625-577 Vialonga, PORTUGAL<\/p>\n<h4>Notice about our product information:<\/h4>\n<p>Always confirm the information on the article label. Food products are subject to constant change, for this reason, we recommend that you always read the labeling information that accompanies each product, including the nutritional information, ingredient list, storage, preparation and use instructions as well as other information before use or consumption.<\/p>\n","protected":false},"excerpt":{"rendered":"<p>This pat\u00e9 is made with the most characteristic sausage in the province of C\u00e1ceres, Morcilla Patatera, a regional Spanish product.<\/p>\n","protected":false},"featured_media":58293,"comment_status":"closed","ping_status":"closed","template":"","meta":{"_acf_changed":false,"_lmt_disableupdate":"","_lmt_disable":"","ep_exclude_from_search":false},"socilink_saboresdomundo_tag":[2780,2785],"product_brand":[7999,8456],"product_cat":[2711,2602,2624,2646,8461,2601],"product_tag":[],"class_list":{"0":"post-58302","1":"product","2":"type-product","3":"status-publish","4":"has-post-thumbnail","6":"socilink_saboresdomundo_tag-europe","7":"socilink_saboresdomundo_tag-spain","8":"product_brand-finca-la-barca-en","9":"product_brand-sauces-and-pates","10":"product_cat-all-products","11":"product_cat-appetizers-antipasti-and-tapas","12":"product_cat-ingredients-seasonings","13":"product_cat-pates-tapenades-and-spreads","14":"product_cat-spreads-sweets-snacks","15":"product_cat-sweets-snacks","16":"pa_caracteristicas-gluten-free","18":"first","19":"instock","20":"product-type-simple"},"acf":[],"yoast_head":"<!-- This site is optimized with the Yoast SEO plugin v27.3 - https:\/\/yoast.com\/product\/yoast-seo-wordpress\/ -->\n<title>Finca La Barca \u201cPatatera\u201d Chorizo Pat\u00e9 110g<\/title>\n<meta name=\"description\" content=\"This pat\u00e9 is made with the most characteristic sausage in the province of C\u00e1ceres, Morcilla Patatera, a regional Spanish product.\" \/>\n<meta name=\"robots\" content=\"index, follow, max-snippet:-1, max-image-preview:large, max-video-preview:-1\" \/>\n<link rel=\"canonical\" href=\"https:\/\/www.socilink.com\/en\/products\/finca-la-barca-patatera-chorizo-pate-110g\/\" \/>\n<meta property=\"og:locale\" content=\"en_US\" \/>\n<meta property=\"og:type\" content=\"article\" \/>\n<meta property=\"og:title\" content=\"Finca La Barca \u201cPatatera\u201d Chorizo Pat\u00e9 110g\" \/>\n<meta property=\"og:description\" content=\"This pat\u00e9 is made with the most characteristic sausage in the province of C\u00e1ceres, Morcilla Patatera, a regional Spanish product.\" \/>\n<meta property=\"og:url\" content=\"https:\/\/www.socilink.com\/en\/products\/finca-la-barca-patatera-chorizo-pate-110g\/\" \/>\n<meta property=\"og:site_name\" content=\"Socilink\" \/>\n<meta property=\"article:publisher\" content=\"https:\/\/www.facebook.com\/socilink\/\" \/>\n<meta property=\"article:modified_time\" content=\"2026-02-26T23:21:35+00:00\" \/>\n<meta property=\"og:image\" content=\"https:\/\/www.socilink.com\/wp-content\/uploads\/2022\/01\/s13481-pate-de-chourico-patatera-finca-la-barca-110g.jpg\" \/>\n\t<meta property=\"og:image:width\" content=\"800\" \/>\n\t<meta property=\"og:image:height\" content=\"800\" \/>\n\t<meta property=\"og:image:type\" content=\"image\/jpeg\" \/>\n<meta name=\"twitter:card\" content=\"summary_large_image\" \/>\n<meta name=\"twitter:title\" content=\"Finca La Barca \u201cPatatera\u201d Chorizo Pat\u00e9 110g\" \/>\n<meta name=\"twitter:label1\" content=\"Est. reading time\" \/>\n\t<meta name=\"twitter:data1\" content=\"1 minute\" \/>\n<script type=\"application\/ld+json\" class=\"yoast-schema-graph\">{\"@context\":\"https:\\\/\\\/schema.org\",\"@graph\":[{\"@type\":\"WebPage\",\"@id\":\"https:\\\/\\\/www.socilink.com\\\/en\\\/products\\\/finca-la-barca-patatera-chorizo-pate-110g\\\/\",\"url\":\"https:\\\/\\\/www.socilink.com\\\/en\\\/products\\\/finca-la-barca-patatera-chorizo-pate-110g\\\/\",\"name\":\"Finca La Barca \u201cPatatera\u201d Chorizo Pat\u00e9 110g\",\"isPartOf\":{\"@id\":\"https:\\\/\\\/www.socilink.com\\\/en\\\/#website\"},\"primaryImageOfPage\":{\"@id\":\"https:\\\/\\\/www.socilink.com\\\/en\\\/products\\\/finca-la-barca-patatera-chorizo-pate-110g\\\/#primaryimage\"},\"image\":{\"@id\":\"https:\\\/\\\/www.socilink.com\\\/en\\\/products\\\/finca-la-barca-patatera-chorizo-pate-110g\\\/#primaryimage\"},\"thumbnailUrl\":\"https:\\\/\\\/www.socilink.com\\\/wp-content\\\/uploads\\\/2022\\\/01\\\/s13481-pate-de-chourico-patatera-finca-la-barca-110g.jpg\",\"datePublished\":\"2026-02-26T23:21:33+00:00\",\"dateModified\":\"2026-02-26T23:21:35+00:00\",\"description\":\"This pat\u00e9 is made with the most characteristic sausage in the province of C\u00e1ceres, Morcilla Patatera, a regional Spanish product.\",\"breadcrumb\":{\"@id\":\"https:\\\/\\\/www.socilink.com\\\/en\\\/products\\\/finca-la-barca-patatera-chorizo-pate-110g\\\/#breadcrumb\"},\"inLanguage\":\"en-US\",\"potentialAction\":[{\"@type\":\"ReadAction\",\"target\":[\"https:\\\/\\\/www.socilink.com\\\/en\\\/products\\\/finca-la-barca-patatera-chorizo-pate-110g\\\/\"]}]},{\"@type\":\"ImageObject\",\"inLanguage\":\"en-US\",\"@id\":\"https:\\\/\\\/www.socilink.com\\\/en\\\/products\\\/finca-la-barca-patatera-chorizo-pate-110g\\\/#primaryimage\",\"url\":\"https:\\\/\\\/www.socilink.com\\\/wp-content\\\/uploads\\\/2022\\\/01\\\/s13481-pate-de-chourico-patatera-finca-la-barca-110g.jpg\",\"contentUrl\":\"https:\\\/\\\/www.socilink.com\\\/wp-content\\\/uploads\\\/2022\\\/01\\\/s13481-pate-de-chourico-patatera-finca-la-barca-110g.jpg\",\"width\":800,\"height\":800,\"caption\":\"Finca La Barca \u201cPatatera\u201d Chorizo Pat\u00e9 110g\"},{\"@type\":\"BreadcrumbList\",\"@id\":\"https:\\\/\\\/www.socilink.com\\\/en\\\/products\\\/finca-la-barca-patatera-chorizo-pate-110g\\\/#breadcrumb\",\"itemListElement\":[{\"@type\":\"ListItem\",\"position\":1,\"name\":\"In\u00edcio\",\"item\":\"https:\\\/\\\/www.socilink.com\\\/en\\\/\"},{\"@type\":\"ListItem\",\"position\":2,\"name\":\"Products\",\"item\":\"https:\\\/\\\/www.socilink.com\\\/en\\\/products\\\/\"},{\"@type\":\"ListItem\",\"position\":3,\"name\":\"Finca La Barca \u201cPatatera\u201d Chorizo Pat\u00e9 110g\"}]},{\"@type\":\"WebSite\",\"@id\":\"https:\\\/\\\/www.socilink.com\\\/en\\\/#website\",\"url\":\"https:\\\/\\\/www.socilink.com\\\/en\\\/\",\"name\":\"Socilink\",\"description\":\"Mundo de Sabores\",\"publisher\":{\"@id\":\"https:\\\/\\\/www.socilink.com\\\/en\\\/#organization\"},\"potentialAction\":[{\"@type\":\"SearchAction\",\"target\":{\"@type\":\"EntryPoint\",\"urlTemplate\":\"https:\\\/\\\/www.socilink.com\\\/en\\\/?s={search_term_string}\"},\"query-input\":{\"@type\":\"PropertyValueSpecification\",\"valueRequired\":true,\"valueName\":\"search_term_string\"}}],\"inLanguage\":\"en-US\"},{\"@type\":\"Organization\",\"@id\":\"https:\\\/\\\/www.socilink.com\\\/en\\\/#organization\",\"name\":\"Socilink\",\"url\":\"https:\\\/\\\/www.socilink.com\\\/en\\\/\",\"logo\":{\"@type\":\"ImageObject\",\"inLanguage\":\"en-US\",\"@id\":\"https:\\\/\\\/www.socilink.com\\\/en\\\/#\\\/schema\\\/logo\\\/image\\\/\",\"url\":\"https:\\\/\\\/www.socilink.com\\\/wp-content\\\/uploads\\\/2019\\\/10\\\/Socilink.svg\",\"contentUrl\":\"https:\\\/\\\/www.socilink.com\\\/wp-content\\\/uploads\\\/2019\\\/10\\\/Socilink.svg\",\"width\":1,\"height\":1,\"caption\":\"Socilink\"},\"image\":{\"@id\":\"https:\\\/\\\/www.socilink.com\\\/en\\\/#\\\/schema\\\/logo\\\/image\\\/\"},\"sameAs\":[\"https:\\\/\\\/www.facebook.com\\\/socilink\\\/\",\"https:\\\/\\\/www.instagram.com\\\/socilink_mundo_de_sabores\\\/\",\"https:\\\/\\\/www.linkedin.com\\\/company\\\/socilink\",\"https:\\\/\\\/www.pinterest.pt\\\/socilink\\\/\"]}]}<\/script>\n<!-- \/ Yoast SEO plugin. -->","yoast_head_json":{"title":"Finca La Barca \u201cPatatera\u201d Chorizo Pat\u00e9 110g","description":"This pat\u00e9 is made with the most characteristic sausage in the province of C\u00e1ceres, Morcilla Patatera, a regional Spanish product.","robots":{"index":"index","follow":"follow","max-snippet":"max-snippet:-1","max-image-preview":"max-image-preview:large","max-video-preview":"max-video-preview:-1"},"canonical":"https:\/\/www.socilink.com\/en\/products\/finca-la-barca-patatera-chorizo-pate-110g\/","og_locale":"en_US","og_type":"article","og_title":"Finca La Barca \u201cPatatera\u201d Chorizo Pat\u00e9 110g","og_description":"This pat\u00e9 is made with the most characteristic sausage in the province of C\u00e1ceres, Morcilla Patatera, a regional Spanish product.","og_url":"https:\/\/www.socilink.com\/en\/products\/finca-la-barca-patatera-chorizo-pate-110g\/","og_site_name":"Socilink","article_publisher":"https:\/\/www.facebook.com\/socilink\/","article_modified_time":"2026-02-26T23:21:35+00:00","og_image":[{"width":800,"height":800,"url":"https:\/\/www.socilink.com\/wp-content\/uploads\/2022\/01\/s13481-pate-de-chourico-patatera-finca-la-barca-110g.jpg","type":"image\/jpeg"}],"twitter_card":"summary_large_image","twitter_title":"Finca La Barca \u201cPatatera\u201d Chorizo Pat\u00e9 110g","twitter_misc":{"Est. reading time":"1 minute"},"schema":{"@context":"https:\/\/schema.org","@graph":[{"@type":"WebPage","@id":"https:\/\/www.socilink.com\/en\/products\/finca-la-barca-patatera-chorizo-pate-110g\/","url":"https:\/\/www.socilink.com\/en\/products\/finca-la-barca-patatera-chorizo-pate-110g\/","name":"Finca La Barca \u201cPatatera\u201d Chorizo Pat\u00e9 110g","isPartOf":{"@id":"https:\/\/www.socilink.com\/en\/#website"},"primaryImageOfPage":{"@id":"https:\/\/www.socilink.com\/en\/products\/finca-la-barca-patatera-chorizo-pate-110g\/#primaryimage"},"image":{"@id":"https:\/\/www.socilink.com\/en\/products\/finca-la-barca-patatera-chorizo-pate-110g\/#primaryimage"},"thumbnailUrl":"https:\/\/www.socilink.com\/wp-content\/uploads\/2022\/01\/s13481-pate-de-chourico-patatera-finca-la-barca-110g.jpg","datePublished":"2026-02-26T23:21:33+00:00","dateModified":"2026-02-26T23:21:35+00:00","description":"This pat\u00e9 is made with the most characteristic sausage in the province of C\u00e1ceres, Morcilla Patatera, a regional Spanish product.","breadcrumb":{"@id":"https:\/\/www.socilink.com\/en\/products\/finca-la-barca-patatera-chorizo-pate-110g\/#breadcrumb"},"inLanguage":"en-US","potentialAction":[{"@type":"ReadAction","target":["https:\/\/www.socilink.com\/en\/products\/finca-la-barca-patatera-chorizo-pate-110g\/"]}]},{"@type":"ImageObject","inLanguage":"en-US","@id":"https:\/\/www.socilink.com\/en\/products\/finca-la-barca-patatera-chorizo-pate-110g\/#primaryimage","url":"https:\/\/www.socilink.com\/wp-content\/uploads\/2022\/01\/s13481-pate-de-chourico-patatera-finca-la-barca-110g.jpg","contentUrl":"https:\/\/www.socilink.com\/wp-content\/uploads\/2022\/01\/s13481-pate-de-chourico-patatera-finca-la-barca-110g.jpg","width":800,"height":800,"caption":"Finca La Barca \u201cPatatera\u201d Chorizo Pat\u00e9 110g"},{"@type":"BreadcrumbList","@id":"https:\/\/www.socilink.com\/en\/products\/finca-la-barca-patatera-chorizo-pate-110g\/#breadcrumb","itemListElement":[{"@type":"ListItem","position":1,"name":"In\u00edcio","item":"https:\/\/www.socilink.com\/en\/"},{"@type":"ListItem","position":2,"name":"Products","item":"https:\/\/www.socilink.com\/en\/products\/"},{"@type":"ListItem","position":3,"name":"Finca La Barca \u201cPatatera\u201d Chorizo Pat\u00e9 110g"}]},{"@type":"WebSite","@id":"https:\/\/www.socilink.com\/en\/#website","url":"https:\/\/www.socilink.com\/en\/","name":"Socilink","description":"Mundo de Sabores","publisher":{"@id":"https:\/\/www.socilink.com\/en\/#organization"},"potentialAction":[{"@type":"SearchAction","target":{"@type":"EntryPoint","urlTemplate":"https:\/\/www.socilink.com\/en\/?s={search_term_string}"},"query-input":{"@type":"PropertyValueSpecification","valueRequired":true,"valueName":"search_term_string"}}],"inLanguage":"en-US"},{"@type":"Organization","@id":"https:\/\/www.socilink.com\/en\/#organization","name":"Socilink","url":"https:\/\/www.socilink.com\/en\/","logo":{"@type":"ImageObject","inLanguage":"en-US","@id":"https:\/\/www.socilink.com\/en\/#\/schema\/logo\/image\/","url":"https:\/\/www.socilink.com\/wp-content\/uploads\/2019\/10\/Socilink.svg","contentUrl":"https:\/\/www.socilink.com\/wp-content\/uploads\/2019\/10\/Socilink.svg","width":1,"height":1,"caption":"Socilink"},"image":{"@id":"https:\/\/www.socilink.com\/en\/#\/schema\/logo\/image\/"},"sameAs":["https:\/\/www.facebook.com\/socilink\/","https:\/\/www.instagram.com\/socilink_mundo_de_sabores\/","https:\/\/www.linkedin.com\/company\/socilink","https:\/\/www.pinterest.pt\/socilink\/"]}]}},"_links":{"self":[{"href":"https:\/\/www.socilink.com\/en\/wp-json\/wp\/v2\/product\/58302","targetHints":{"allow":["GET"]}}],"collection":[{"href":"https:\/\/www.socilink.com\/en\/wp-json\/wp\/v2\/product"}],"about":[{"href":"https:\/\/www.socilink.com\/en\/wp-json\/wp\/v2\/types\/product"}],"replies":[{"embeddable":true,"href":"https:\/\/www.socilink.com\/en\/wp-json\/wp\/v2\/comments?post=58302"}],"wp:featuredmedia":[{"embeddable":true,"href":"https:\/\/www.socilink.com\/en\/wp-json\/wp\/v2\/media\/58293"}],"wp:attachment":[{"href":"https:\/\/www.socilink.com\/en\/wp-json\/wp\/v2\/media?parent=58302"}],"wp:term":[{"taxonomy":"socilink_saboresdomundo_tag","embeddable":true,"href":"https:\/\/www.socilink.com\/en\/wp-json\/wp\/v2\/socilink_saboresdomundo_tag?post=58302"},{"taxonomy":"product_brand","embeddable":true,"href":"https:\/\/www.socilink.com\/en\/wp-json\/wp\/v2\/product_brand?post=58302"},{"taxonomy":"product_cat","embeddable":true,"href":"https:\/\/www.socilink.com\/en\/wp-json\/wp\/v2\/product_cat?post=58302"},{"taxonomy":"product_tag","embeddable":true,"href":"https:\/\/www.socilink.com\/en\/wp-json\/wp\/v2\/product_tag?post=58302"}],"curies":[{"name":"wp","href":"https:\/\/api.w.org\/{rel}","templated":true}]}}