{"id":62331,"date":"2026-02-26T23:22:23","date_gmt":"2026-02-26T23:22:23","guid":{"rendered":"https:\/\/www.socilink.com\/products\/galateo-friends-olive-oil-condiment-with-aromatic-herbs-and-spices-250ml\/"},"modified":"2026-02-26T23:22:41","modified_gmt":"2026-02-26T23:22:41","slug":"galateo-friends-olive-oil-condiment-with-aromatic-herbs-and-spices-250ml","status":"publish","type":"product","link":"https:\/\/www.socilink.com\/en\/products\/galateo-friends-olive-oil-condiment-with-aromatic-herbs-and-spices-250ml\/","title":{"rendered":"Galateo &#038; Friends Olive Oil condiment with Aromatic Herbs and Spices 250ml"},"content":{"rendered":"<h4>Product Description<\/h4>\n<p>Galateo &#038; Friends apresenta o BBQ PARADISE, nascido de uma preciosa colabora\u00e7\u00e3o com Michelangelo Mammoliti: chef com dupla estrela e grande amante da cozinha natural. BBQ PARADISE \u00e9 um condimento original \u00e0 base de azeite virgem extra, especiarias e ervas. Um produto de car\u00e1cter forte, de sabor intenso e arom\u00e1tico, ideal para enriquecer receitas com uma nota nova sem abrir m\u00e3o do sabor da natureza. \u00c9 ideal para marinar carnes, mas n\u00e3o perde o seu encanto se combinado com legumes e peixes de grande car\u00e1cter.<\/p>\n<h4>Ingredients:<\/h4>\n<p>Extra virgin olive oil 61%, extra virgin olive oil condiment smoked with natural wood 29%, mix of vegetables, spices and herbs 7% (garlic, onion,<br \/>\noregano, paprika, Voatsiperifery pepper(Madagascar), Cayenne chilli, Cubeb pepper, rosemary, thyme in variable proportion), tandoori masala,<br \/>\nsalt, olive oil, wine vinegar, lemon natural extract, acid: citric acid, lactic acid. Contains SULPHITES.<\/p>\n<h4>Allergens:<\/h4>\n<p>See ingredients in UPPERCASE. May contain traces if celery, sesame, mustard,nuts.<\/p>\n<h4>Storage:<\/h4>\n<p>Keep cool and dry , away from light and heat.<\/p>\n<h4>Usage Suggestions:<\/h4>\n<p>Ideal for enriching recipes with a new note without giving up the taste of nature. It is ideal for marinating meats, but does not lose its charm when combined with vegetables and fish of great character.<\/p>\n<h4>Country of Origin:<\/h4>\n<p>Italy<\/p>\n<h4>Nutritional information:<\/h4>\n<table>\n<tr>\n<th>Nutrition Declaration (Typical Values):<\/th>\n<th>Per 100ml<\/th>\n<\/tr>\n<tr>\n<td>Energy<\/td>\n<td>3425kJ<br \/>833kcal<\/td>\n<\/tr>\n<tr>\n<td>Fat<br \/>of wich saturates<\/td>\n<td>93g<br \/>13g<\/td>\n<\/tr>\n<tr>\n<td>Carbohydrate<br \/>of which sugars<\/td>\n<td>0g<br \/>0g<\/td>\n<\/tr>\n<tr>\n<td>Protein<\/td>\n<td>0g<\/td>\n<\/tr>\n<tr>\n<td>Salt<\/td>\n<td>0,32g<\/td>\n<\/tr>\n<\/table>\n<h4>Distributed by:<\/h4>\n<p>Socilink Lda<br \/>\nRua Quinta dos \u00c1lamos n.\u00ba 3, 2625-577 Vialonga, PORTUGAL<\/p>\n<h4>Notice about our product information:<\/h4>\n<p>Always confirm the information on the article label. Food products are subject to constant change, for this reason, we recommend that you always read the labeling information that accompanies each product, including the nutritional information, ingredient list, storage, preparation and use instructions as well as other information before use or consumption.<\/p>\n","protected":false},"excerpt":{"rendered":"<p>An original condiment based on extra virgin olive oil, spices and herbs. A product with a strong character, intense and aromatic flavour, ideal for enriching recipes with a new note without giving up the taste of nature. It is ideal for marinating meats, but does not lose its charm when combined with vegetables and fish of great character.<\/p>\n","protected":false},"featured_media":62309,"comment_status":"closed","ping_status":"closed","template":"","meta":{"_acf_changed":false,"_lmt_disableupdate":"","_lmt_disable":"","ep_exclude_from_search":false},"socilink_saboresdomundo_tag":[2780,2790],"product_brand":[9403,2291],"product_cat":[2711,2624,2628],"product_tag":[],"class_list":{"0":"post-62331","1":"product","2":"type-product","3":"status-publish","4":"has-post-thumbnail","6":"socilink_saboresdomundo_tag-europe","7":"socilink_saboresdomundo_tag-italy","8":"product_brand-dressings-galateo-friends","9":"product_brand-galateo-friends-en","10":"product_cat-all-products","11":"product_cat-ingredients-seasonings","12":"product_cat-olive-oil-aromatic-oils-and-other-fats","14":"first","15":"instock","16":"product-type-simple"},"acf":[],"yoast_head":"<!-- This site is optimized with the Yoast SEO plugin v27.3 - https:\/\/yoast.com\/product\/yoast-seo-wordpress\/ -->\n<title>Galateo &amp; Friends Olive Oil condiment with Aromatic Herbs and Spices 250ml<\/title>\n<meta name=\"description\" content=\"An original condiment based on extra virgin olive oil, spices and herbs. A product with a strong character, intense and aromatic flavour, ideal for enriching recipes with a new note without giving up the taste of nature. It is ideal for marinating meats, but does not lose its charm when combined with vegetables and fish of great character.\" \/>\n<meta name=\"robots\" content=\"index, follow, max-snippet:-1, max-image-preview:large, max-video-preview:-1\" \/>\n<link rel=\"canonical\" href=\"https:\/\/www.socilink.com\/en\/products\/galateo-friends-olive-oil-condiment-with-aromatic-herbs-and-spices-250ml\/\" \/>\n<meta property=\"og:locale\" content=\"en_US\" \/>\n<meta property=\"og:type\" content=\"article\" \/>\n<meta property=\"og:title\" content=\"Galateo &amp; Friends Olive Oil condiment with Aromatic Herbs and Spices 250ml\" \/>\n<meta property=\"og:description\" content=\"An original condiment based on extra virgin olive oil, spices and herbs. A product with a strong character, intense and aromatic flavour, ideal for enriching recipes with a new note without giving up the taste of nature. It is ideal for marinating meats, but does not lose its charm when combined with vegetables and fish of great character.\" \/>\n<meta property=\"og:url\" content=\"https:\/\/www.socilink.com\/en\/products\/galateo-friends-olive-oil-condiment-with-aromatic-herbs-and-spices-250ml\/\" \/>\n<meta property=\"og:site_name\" content=\"Socilink\" \/>\n<meta property=\"article:publisher\" content=\"https:\/\/www.facebook.com\/socilink\/\" \/>\n<meta property=\"article:modified_time\" content=\"2026-02-26T23:22:41+00:00\" \/>\n<meta property=\"og:image\" content=\"https:\/\/www.socilink.com\/wp-content\/uploads\/2022\/12\/s13772-condimento-de-azeite-com-ervas-aromaticas-e-especiarias-galateo-friends-250ml.jpg\" \/>\n\t<meta property=\"og:image:width\" content=\"800\" \/>\n\t<meta property=\"og:image:height\" content=\"800\" \/>\n\t<meta property=\"og:image:type\" content=\"image\/jpeg\" \/>\n<meta name=\"twitter:card\" content=\"summary_large_image\" \/>\n<meta name=\"twitter:title\" content=\"Galateo &amp; Friends Olive Oil condiment with Aromatic Herbs and Spices 250ml\" \/>\n<meta name=\"twitter:label1\" content=\"Est. reading time\" \/>\n\t<meta name=\"twitter:data1\" content=\"1 minute\" \/>\n<script type=\"application\/ld+json\" class=\"yoast-schema-graph\">{\"@context\":\"https:\\\/\\\/schema.org\",\"@graph\":[{\"@type\":\"WebPage\",\"@id\":\"https:\\\/\\\/www.socilink.com\\\/en\\\/products\\\/galateo-friends-olive-oil-condiment-with-aromatic-herbs-and-spices-250ml\\\/\",\"url\":\"https:\\\/\\\/www.socilink.com\\\/en\\\/products\\\/galateo-friends-olive-oil-condiment-with-aromatic-herbs-and-spices-250ml\\\/\",\"name\":\"Galateo & Friends Olive Oil condiment with Aromatic Herbs and Spices 250ml\",\"isPartOf\":{\"@id\":\"https:\\\/\\\/www.socilink.com\\\/en\\\/#website\"},\"primaryImageOfPage\":{\"@id\":\"https:\\\/\\\/www.socilink.com\\\/en\\\/products\\\/galateo-friends-olive-oil-condiment-with-aromatic-herbs-and-spices-250ml\\\/#primaryimage\"},\"image\":{\"@id\":\"https:\\\/\\\/www.socilink.com\\\/en\\\/products\\\/galateo-friends-olive-oil-condiment-with-aromatic-herbs-and-spices-250ml\\\/#primaryimage\"},\"thumbnailUrl\":\"https:\\\/\\\/www.socilink.com\\\/wp-content\\\/uploads\\\/2022\\\/12\\\/s13772-condimento-de-azeite-com-ervas-aromaticas-e-especiarias-galateo-friends-250ml.jpg\",\"datePublished\":\"2026-02-26T23:22:23+00:00\",\"dateModified\":\"2026-02-26T23:22:41+00:00\",\"description\":\"An original condiment based on extra virgin olive oil, spices and herbs. A product with a strong character, intense and aromatic flavour, ideal for enriching recipes with a new note without giving up the taste of nature. It is ideal for marinating meats, but does not lose its charm when combined with vegetables and fish of great character.\",\"breadcrumb\":{\"@id\":\"https:\\\/\\\/www.socilink.com\\\/en\\\/products\\\/galateo-friends-olive-oil-condiment-with-aromatic-herbs-and-spices-250ml\\\/#breadcrumb\"},\"inLanguage\":\"en-US\",\"potentialAction\":[{\"@type\":\"ReadAction\",\"target\":[\"https:\\\/\\\/www.socilink.com\\\/en\\\/products\\\/galateo-friends-olive-oil-condiment-with-aromatic-herbs-and-spices-250ml\\\/\"]}]},{\"@type\":\"ImageObject\",\"inLanguage\":\"en-US\",\"@id\":\"https:\\\/\\\/www.socilink.com\\\/en\\\/products\\\/galateo-friends-olive-oil-condiment-with-aromatic-herbs-and-spices-250ml\\\/#primaryimage\",\"url\":\"https:\\\/\\\/www.socilink.com\\\/wp-content\\\/uploads\\\/2022\\\/12\\\/s13772-condimento-de-azeite-com-ervas-aromaticas-e-especiarias-galateo-friends-250ml.jpg\",\"contentUrl\":\"https:\\\/\\\/www.socilink.com\\\/wp-content\\\/uploads\\\/2022\\\/12\\\/s13772-condimento-de-azeite-com-ervas-aromaticas-e-especiarias-galateo-friends-250ml.jpg\",\"width\":800,\"height\":800,\"caption\":\"Galateo & Friends Olive Oil condiment with Aromatic Herbs and Spices 250ml\"},{\"@type\":\"BreadcrumbList\",\"@id\":\"https:\\\/\\\/www.socilink.com\\\/en\\\/products\\\/galateo-friends-olive-oil-condiment-with-aromatic-herbs-and-spices-250ml\\\/#breadcrumb\",\"itemListElement\":[{\"@type\":\"ListItem\",\"position\":1,\"name\":\"In\u00edcio\",\"item\":\"https:\\\/\\\/www.socilink.com\\\/en\\\/\"},{\"@type\":\"ListItem\",\"position\":2,\"name\":\"Products\",\"item\":\"https:\\\/\\\/www.socilink.com\\\/en\\\/products\\\/\"},{\"@type\":\"ListItem\",\"position\":3,\"name\":\"Galateo &#038; Friends Olive Oil condiment with Aromatic Herbs and Spices 250ml\"}]},{\"@type\":\"WebSite\",\"@id\":\"https:\\\/\\\/www.socilink.com\\\/en\\\/#website\",\"url\":\"https:\\\/\\\/www.socilink.com\\\/en\\\/\",\"name\":\"Socilink\",\"description\":\"Mundo de Sabores\",\"publisher\":{\"@id\":\"https:\\\/\\\/www.socilink.com\\\/en\\\/#organization\"},\"potentialAction\":[{\"@type\":\"SearchAction\",\"target\":{\"@type\":\"EntryPoint\",\"urlTemplate\":\"https:\\\/\\\/www.socilink.com\\\/en\\\/?s={search_term_string}\"},\"query-input\":{\"@type\":\"PropertyValueSpecification\",\"valueRequired\":true,\"valueName\":\"search_term_string\"}}],\"inLanguage\":\"en-US\"},{\"@type\":\"Organization\",\"@id\":\"https:\\\/\\\/www.socilink.com\\\/en\\\/#organization\",\"name\":\"Socilink\",\"url\":\"https:\\\/\\\/www.socilink.com\\\/en\\\/\",\"logo\":{\"@type\":\"ImageObject\",\"inLanguage\":\"en-US\",\"@id\":\"https:\\\/\\\/www.socilink.com\\\/en\\\/#\\\/schema\\\/logo\\\/image\\\/\",\"url\":\"https:\\\/\\\/www.socilink.com\\\/wp-content\\\/uploads\\\/2019\\\/10\\\/Socilink.svg\",\"contentUrl\":\"https:\\\/\\\/www.socilink.com\\\/wp-content\\\/uploads\\\/2019\\\/10\\\/Socilink.svg\",\"width\":1,\"height\":1,\"caption\":\"Socilink\"},\"image\":{\"@id\":\"https:\\\/\\\/www.socilink.com\\\/en\\\/#\\\/schema\\\/logo\\\/image\\\/\"},\"sameAs\":[\"https:\\\/\\\/www.facebook.com\\\/socilink\\\/\",\"https:\\\/\\\/www.instagram.com\\\/socilink_mundo_de_sabores\\\/\",\"https:\\\/\\\/www.linkedin.com\\\/company\\\/socilink\",\"https:\\\/\\\/www.pinterest.pt\\\/socilink\\\/\"]}]}<\/script>\n<!-- \/ Yoast SEO plugin. -->","yoast_head_json":{"title":"Galateo & Friends Olive Oil condiment with Aromatic Herbs and Spices 250ml","description":"An original condiment based on extra virgin olive oil, spices and herbs. A product with a strong character, intense and aromatic flavour, ideal for enriching recipes with a new note without giving up the taste of nature. It is ideal for marinating meats, but does not lose its charm when combined with vegetables and fish of great character.","robots":{"index":"index","follow":"follow","max-snippet":"max-snippet:-1","max-image-preview":"max-image-preview:large","max-video-preview":"max-video-preview:-1"},"canonical":"https:\/\/www.socilink.com\/en\/products\/galateo-friends-olive-oil-condiment-with-aromatic-herbs-and-spices-250ml\/","og_locale":"en_US","og_type":"article","og_title":"Galateo & Friends Olive Oil condiment with Aromatic Herbs and Spices 250ml","og_description":"An original condiment based on extra virgin olive oil, spices and herbs. A product with a strong character, intense and aromatic flavour, ideal for enriching recipes with a new note without giving up the taste of nature. It is ideal for marinating meats, but does not lose its charm when combined with vegetables and fish of great character.","og_url":"https:\/\/www.socilink.com\/en\/products\/galateo-friends-olive-oil-condiment-with-aromatic-herbs-and-spices-250ml\/","og_site_name":"Socilink","article_publisher":"https:\/\/www.facebook.com\/socilink\/","article_modified_time":"2026-02-26T23:22:41+00:00","og_image":[{"width":800,"height":800,"url":"https:\/\/www.socilink.com\/wp-content\/uploads\/2022\/12\/s13772-condimento-de-azeite-com-ervas-aromaticas-e-especiarias-galateo-friends-250ml.jpg","type":"image\/jpeg"}],"twitter_card":"summary_large_image","twitter_title":"Galateo & Friends Olive Oil condiment with Aromatic Herbs and Spices 250ml","twitter_misc":{"Est. reading time":"1 minute"},"schema":{"@context":"https:\/\/schema.org","@graph":[{"@type":"WebPage","@id":"https:\/\/www.socilink.com\/en\/products\/galateo-friends-olive-oil-condiment-with-aromatic-herbs-and-spices-250ml\/","url":"https:\/\/www.socilink.com\/en\/products\/galateo-friends-olive-oil-condiment-with-aromatic-herbs-and-spices-250ml\/","name":"Galateo & Friends Olive Oil condiment with Aromatic Herbs and Spices 250ml","isPartOf":{"@id":"https:\/\/www.socilink.com\/en\/#website"},"primaryImageOfPage":{"@id":"https:\/\/www.socilink.com\/en\/products\/galateo-friends-olive-oil-condiment-with-aromatic-herbs-and-spices-250ml\/#primaryimage"},"image":{"@id":"https:\/\/www.socilink.com\/en\/products\/galateo-friends-olive-oil-condiment-with-aromatic-herbs-and-spices-250ml\/#primaryimage"},"thumbnailUrl":"https:\/\/www.socilink.com\/wp-content\/uploads\/2022\/12\/s13772-condimento-de-azeite-com-ervas-aromaticas-e-especiarias-galateo-friends-250ml.jpg","datePublished":"2026-02-26T23:22:23+00:00","dateModified":"2026-02-26T23:22:41+00:00","description":"An original condiment based on extra virgin olive oil, spices and herbs. A product with a strong character, intense and aromatic flavour, ideal for enriching recipes with a new note without giving up the taste of nature. It is ideal for marinating meats, but does not lose its charm when combined with vegetables and fish of great character.","breadcrumb":{"@id":"https:\/\/www.socilink.com\/en\/products\/galateo-friends-olive-oil-condiment-with-aromatic-herbs-and-spices-250ml\/#breadcrumb"},"inLanguage":"en-US","potentialAction":[{"@type":"ReadAction","target":["https:\/\/www.socilink.com\/en\/products\/galateo-friends-olive-oil-condiment-with-aromatic-herbs-and-spices-250ml\/"]}]},{"@type":"ImageObject","inLanguage":"en-US","@id":"https:\/\/www.socilink.com\/en\/products\/galateo-friends-olive-oil-condiment-with-aromatic-herbs-and-spices-250ml\/#primaryimage","url":"https:\/\/www.socilink.com\/wp-content\/uploads\/2022\/12\/s13772-condimento-de-azeite-com-ervas-aromaticas-e-especiarias-galateo-friends-250ml.jpg","contentUrl":"https:\/\/www.socilink.com\/wp-content\/uploads\/2022\/12\/s13772-condimento-de-azeite-com-ervas-aromaticas-e-especiarias-galateo-friends-250ml.jpg","width":800,"height":800,"caption":"Galateo & Friends Olive Oil condiment with Aromatic Herbs and Spices 250ml"},{"@type":"BreadcrumbList","@id":"https:\/\/www.socilink.com\/en\/products\/galateo-friends-olive-oil-condiment-with-aromatic-herbs-and-spices-250ml\/#breadcrumb","itemListElement":[{"@type":"ListItem","position":1,"name":"In\u00edcio","item":"https:\/\/www.socilink.com\/en\/"},{"@type":"ListItem","position":2,"name":"Products","item":"https:\/\/www.socilink.com\/en\/products\/"},{"@type":"ListItem","position":3,"name":"Galateo &#038; Friends Olive Oil condiment with Aromatic Herbs and Spices 250ml"}]},{"@type":"WebSite","@id":"https:\/\/www.socilink.com\/en\/#website","url":"https:\/\/www.socilink.com\/en\/","name":"Socilink","description":"Mundo de Sabores","publisher":{"@id":"https:\/\/www.socilink.com\/en\/#organization"},"potentialAction":[{"@type":"SearchAction","target":{"@type":"EntryPoint","urlTemplate":"https:\/\/www.socilink.com\/en\/?s={search_term_string}"},"query-input":{"@type":"PropertyValueSpecification","valueRequired":true,"valueName":"search_term_string"}}],"inLanguage":"en-US"},{"@type":"Organization","@id":"https:\/\/www.socilink.com\/en\/#organization","name":"Socilink","url":"https:\/\/www.socilink.com\/en\/","logo":{"@type":"ImageObject","inLanguage":"en-US","@id":"https:\/\/www.socilink.com\/en\/#\/schema\/logo\/image\/","url":"https:\/\/www.socilink.com\/wp-content\/uploads\/2019\/10\/Socilink.svg","contentUrl":"https:\/\/www.socilink.com\/wp-content\/uploads\/2019\/10\/Socilink.svg","width":1,"height":1,"caption":"Socilink"},"image":{"@id":"https:\/\/www.socilink.com\/en\/#\/schema\/logo\/image\/"},"sameAs":["https:\/\/www.facebook.com\/socilink\/","https:\/\/www.instagram.com\/socilink_mundo_de_sabores\/","https:\/\/www.linkedin.com\/company\/socilink","https:\/\/www.pinterest.pt\/socilink\/"]}]}},"_links":{"self":[{"href":"https:\/\/www.socilink.com\/en\/wp-json\/wp\/v2\/product\/62331","targetHints":{"allow":["GET"]}}],"collection":[{"href":"https:\/\/www.socilink.com\/en\/wp-json\/wp\/v2\/product"}],"about":[{"href":"https:\/\/www.socilink.com\/en\/wp-json\/wp\/v2\/types\/product"}],"replies":[{"embeddable":true,"href":"https:\/\/www.socilink.com\/en\/wp-json\/wp\/v2\/comments?post=62331"}],"wp:featuredmedia":[{"embeddable":true,"href":"https:\/\/www.socilink.com\/en\/wp-json\/wp\/v2\/media\/62309"}],"wp:attachment":[{"href":"https:\/\/www.socilink.com\/en\/wp-json\/wp\/v2\/media?parent=62331"}],"wp:term":[{"taxonomy":"socilink_saboresdomundo_tag","embeddable":true,"href":"https:\/\/www.socilink.com\/en\/wp-json\/wp\/v2\/socilink_saboresdomundo_tag?post=62331"},{"taxonomy":"product_brand","embeddable":true,"href":"https:\/\/www.socilink.com\/en\/wp-json\/wp\/v2\/product_brand?post=62331"},{"taxonomy":"product_cat","embeddable":true,"href":"https:\/\/www.socilink.com\/en\/wp-json\/wp\/v2\/product_cat?post=62331"},{"taxonomy":"product_tag","embeddable":true,"href":"https:\/\/www.socilink.com\/en\/wp-json\/wp\/v2\/product_tag?post=62331"}],"curies":[{"name":"wp","href":"https:\/\/api.w.org\/{rel}","templated":true}]}}