{"id":64205,"date":"2026-02-26T23:37:06","date_gmt":"2026-02-26T23:37:06","guid":{"rendered":"https:\/\/www.socilink.com\/products\/plaza-del-sol-fried-tomato-290g\/"},"modified":"2026-02-26T23:37:14","modified_gmt":"2026-02-26T23:37:14","slug":"plaza-del-sol-fried-tomato-290g","status":"publish","type":"product","link":"https:\/\/www.socilink.com\/en\/products\/plaza-del-sol-fried-tomato-290g\/","title":{"rendered":"Plaza del Sol Fried Tomato 290g"},"content":{"rendered":"<h4>Product Description<\/h4>\n<p>O Tomate Frito \u00e9 um molho tradicional na cozinha mediterr\u00e2nea e na gastronomia espanhola. O Molho de Tomate Frito \u00e9 feito de forma caseira com produtos 100% naturias, confecionado com tomate frito em azeite virgem extra e temperado com a\u00e7\u00facar e sal. \u00c9 um produto ideal para preparar pizzas, massas, arroz e muito mais.<\/p>\n<h4>Ingredients:<\/h4>\n<p>Tomatoes (138g for 100g of tomato sauce), extra virgin olive oil, sugar, salt.<\/p>\n<h4>Storage:<\/h4>\n<p>Store in a refrigerator after opening, 5 days maximum.<\/p>\n<h4>Usage Suggestions:<\/h4>\n<p>It is an ideal product for preparing pizzas, pasta, rice and much more.<\/p>\n<h4>Country of Origin:<\/h4>\n<p>Spain<\/p>\n<h4>Nutritional information:<\/h4>\n<table>\n<tr>\n<th>Nutrition Declaration (Typical Values):<\/th>\n<th>Per 100g<\/th>\n<\/tr>\n<tr>\n<td>Energy<\/td>\n<td>391kJ<br \/>94kcal<\/td>\n<\/tr>\n<tr>\n<td>Fat<br \/>of wich saturates<\/td>\n<td>5,4g<br \/>0,8g<\/td>\n<\/tr>\n<tr>\n<td>Carbohydrate<br \/>of which sugars<\/td>\n<td>9,1g<br \/>7,3g<\/td>\n<\/tr>\n<tr>\n<td>Protein<\/td>\n<td>1,2g<\/td>\n<\/tr>\n<tr>\n<td>Salt<\/td>\n<td>0,57g<\/td>\n<\/tr>\n<\/table>\n<h4>Distributed by:<\/h4>\n<p>Socilink Lda<br \/>\nRua Quinta dos \u00c1lamos n.\u00ba 3, 2625-577 Vialonga, PORTUGAL<\/p>\n<h4>Notice about our product information:<\/h4>\n<p>Always confirm the information on the article label. Food products are subject to constant change, for this reason, we recommend that you always read the labeling information that accompanies each product, including the nutritional information, ingredient list, storage, preparation and use instructions as well as other information before use or consumption.<\/p>\n","protected":false},"excerpt":{"rendered":"<p>Tomato Frito is a delicious fried tomato sauce with extra virgin olive oil, handmade.  It is an ideal product to prepare pizzas, pasta, rice and much more.<\/p>\n","protected":false},"featured_media":64109,"comment_status":"closed","ping_status":"closed","template":"","meta":{"_acf_changed":false,"_lmt_disableupdate":"","_lmt_disable":"","ep_exclude_from_search":false},"socilink_saboresdomundo_tag":[2780,2785],"product_brand":[2440,2441],"product_cat":[2711,2624,2642,2650],"product_tag":[],"class_list":{"0":"post-64205","1":"product","2":"type-product","3":"status-publish","4":"has-post-thumbnail","6":"socilink_saboresdomundo_tag-europe","7":"socilink_saboresdomundo_tag-spain","8":"product_brand-olive-oil-seasonings-sauces","9":"product_brand-plaza-del-sol-en","10":"product_cat-all-products","11":"product_cat-ingredients-seasonings","12":"product_cat-sauces-mayonnaise-and-ketchups","13":"product_cat-tomato","15":"first","16":"instock","17":"product-type-simple"},"acf":[],"yoast_head":"<!-- This site is optimized with the Yoast SEO plugin v27.3 - https:\/\/yoast.com\/product\/yoast-seo-wordpress\/ -->\n<title>Plaza del Sol Fried Tomato 290g<\/title>\n<meta name=\"description\" content=\"Tomato Frito is a delicious fried tomato sauce with extra virgin olive oil, handmade. It is an ideal product to prepare pizzas, pasta, rice and much more.\" \/>\n<meta name=\"robots\" content=\"index, follow, max-snippet:-1, max-image-preview:large, max-video-preview:-1\" \/>\n<link rel=\"canonical\" href=\"https:\/\/www.socilink.com\/en\/products\/plaza-del-sol-fried-tomato-290g\/\" \/>\n<meta property=\"og:locale\" content=\"en_US\" \/>\n<meta property=\"og:type\" content=\"article\" \/>\n<meta property=\"og:title\" content=\"Plaza del Sol Fried Tomato 290g\" \/>\n<meta property=\"og:description\" content=\"Tomato Frito is a delicious fried tomato sauce with extra virgin olive oil, handmade. It is an ideal product to prepare pizzas, pasta, rice and much more.\" \/>\n<meta property=\"og:url\" content=\"https:\/\/www.socilink.com\/en\/products\/plaza-del-sol-fried-tomato-290g\/\" \/>\n<meta property=\"og:site_name\" content=\"Socilink\" \/>\n<meta property=\"article:publisher\" content=\"https:\/\/www.facebook.com\/socilink\/\" \/>\n<meta property=\"article:modified_time\" content=\"2026-02-26T23:37:14+00:00\" \/>\n<meta property=\"og:image\" content=\"https:\/\/www.socilink.com\/wp-content\/uploads\/2023\/03\/s13871-tomate-frito-plaza-del-sol-290g.jpg\" \/>\n\t<meta property=\"og:image:width\" content=\"800\" \/>\n\t<meta property=\"og:image:height\" content=\"800\" \/>\n\t<meta property=\"og:image:type\" content=\"image\/jpeg\" \/>\n<meta name=\"twitter:card\" content=\"summary_large_image\" \/>\n<meta name=\"twitter:title\" content=\"Plaza del Sol Fried Tomato 290g\" \/>\n<meta name=\"twitter:label1\" content=\"Est. reading time\" \/>\n\t<meta name=\"twitter:data1\" content=\"1 minute\" \/>\n<script type=\"application\/ld+json\" class=\"yoast-schema-graph\">{\"@context\":\"https:\\\/\\\/schema.org\",\"@graph\":[{\"@type\":\"WebPage\",\"@id\":\"https:\\\/\\\/www.socilink.com\\\/en\\\/products\\\/plaza-del-sol-fried-tomato-290g\\\/\",\"url\":\"https:\\\/\\\/www.socilink.com\\\/en\\\/products\\\/plaza-del-sol-fried-tomato-290g\\\/\",\"name\":\"Plaza del Sol Fried Tomato 290g\",\"isPartOf\":{\"@id\":\"https:\\\/\\\/www.socilink.com\\\/en\\\/#website\"},\"primaryImageOfPage\":{\"@id\":\"https:\\\/\\\/www.socilink.com\\\/en\\\/products\\\/plaza-del-sol-fried-tomato-290g\\\/#primaryimage\"},\"image\":{\"@id\":\"https:\\\/\\\/www.socilink.com\\\/en\\\/products\\\/plaza-del-sol-fried-tomato-290g\\\/#primaryimage\"},\"thumbnailUrl\":\"https:\\\/\\\/www.socilink.com\\\/wp-content\\\/uploads\\\/2023\\\/03\\\/s13871-tomate-frito-plaza-del-sol-290g.jpg\",\"datePublished\":\"2026-02-26T23:37:06+00:00\",\"dateModified\":\"2026-02-26T23:37:14+00:00\",\"description\":\"Tomato Frito is a delicious fried tomato sauce with extra virgin olive oil, handmade. It is an ideal product to prepare pizzas, pasta, rice and much more.\",\"breadcrumb\":{\"@id\":\"https:\\\/\\\/www.socilink.com\\\/en\\\/products\\\/plaza-del-sol-fried-tomato-290g\\\/#breadcrumb\"},\"inLanguage\":\"en-US\",\"potentialAction\":[{\"@type\":\"ReadAction\",\"target\":[\"https:\\\/\\\/www.socilink.com\\\/en\\\/products\\\/plaza-del-sol-fried-tomato-290g\\\/\"]}]},{\"@type\":\"ImageObject\",\"inLanguage\":\"en-US\",\"@id\":\"https:\\\/\\\/www.socilink.com\\\/en\\\/products\\\/plaza-del-sol-fried-tomato-290g\\\/#primaryimage\",\"url\":\"https:\\\/\\\/www.socilink.com\\\/wp-content\\\/uploads\\\/2023\\\/03\\\/s13871-tomate-frito-plaza-del-sol-290g.jpg\",\"contentUrl\":\"https:\\\/\\\/www.socilink.com\\\/wp-content\\\/uploads\\\/2023\\\/03\\\/s13871-tomate-frito-plaza-del-sol-290g.jpg\",\"width\":800,\"height\":800,\"caption\":\"Plaza del Sol Fried Tomato 290g\"},{\"@type\":\"BreadcrumbList\",\"@id\":\"https:\\\/\\\/www.socilink.com\\\/en\\\/products\\\/plaza-del-sol-fried-tomato-290g\\\/#breadcrumb\",\"itemListElement\":[{\"@type\":\"ListItem\",\"position\":1,\"name\":\"In\u00edcio\",\"item\":\"https:\\\/\\\/www.socilink.com\\\/en\\\/\"},{\"@type\":\"ListItem\",\"position\":2,\"name\":\"Products\",\"item\":\"https:\\\/\\\/www.socilink.com\\\/en\\\/products\\\/\"},{\"@type\":\"ListItem\",\"position\":3,\"name\":\"Plaza del Sol Fried Tomato 290g\"}]},{\"@type\":\"WebSite\",\"@id\":\"https:\\\/\\\/www.socilink.com\\\/en\\\/#website\",\"url\":\"https:\\\/\\\/www.socilink.com\\\/en\\\/\",\"name\":\"Socilink\",\"description\":\"Mundo de Sabores\",\"publisher\":{\"@id\":\"https:\\\/\\\/www.socilink.com\\\/en\\\/#organization\"},\"potentialAction\":[{\"@type\":\"SearchAction\",\"target\":{\"@type\":\"EntryPoint\",\"urlTemplate\":\"https:\\\/\\\/www.socilink.com\\\/en\\\/?s={search_term_string}\"},\"query-input\":{\"@type\":\"PropertyValueSpecification\",\"valueRequired\":true,\"valueName\":\"search_term_string\"}}],\"inLanguage\":\"en-US\"},{\"@type\":\"Organization\",\"@id\":\"https:\\\/\\\/www.socilink.com\\\/en\\\/#organization\",\"name\":\"Socilink\",\"url\":\"https:\\\/\\\/www.socilink.com\\\/en\\\/\",\"logo\":{\"@type\":\"ImageObject\",\"inLanguage\":\"en-US\",\"@id\":\"https:\\\/\\\/www.socilink.com\\\/en\\\/#\\\/schema\\\/logo\\\/image\\\/\",\"url\":\"https:\\\/\\\/www.socilink.com\\\/wp-content\\\/uploads\\\/2019\\\/10\\\/Socilink.svg\",\"contentUrl\":\"https:\\\/\\\/www.socilink.com\\\/wp-content\\\/uploads\\\/2019\\\/10\\\/Socilink.svg\",\"width\":1,\"height\":1,\"caption\":\"Socilink\"},\"image\":{\"@id\":\"https:\\\/\\\/www.socilink.com\\\/en\\\/#\\\/schema\\\/logo\\\/image\\\/\"},\"sameAs\":[\"https:\\\/\\\/www.facebook.com\\\/socilink\\\/\",\"https:\\\/\\\/www.instagram.com\\\/socilink_mundo_de_sabores\\\/\",\"https:\\\/\\\/www.linkedin.com\\\/company\\\/socilink\",\"https:\\\/\\\/www.pinterest.pt\\\/socilink\\\/\"]}]}<\/script>\n<!-- \/ Yoast SEO plugin. -->","yoast_head_json":{"title":"Plaza del Sol Fried Tomato 290g","description":"Tomato Frito is a delicious fried tomato sauce with extra virgin olive oil, handmade. It is an ideal product to prepare pizzas, pasta, rice and much more.","robots":{"index":"index","follow":"follow","max-snippet":"max-snippet:-1","max-image-preview":"max-image-preview:large","max-video-preview":"max-video-preview:-1"},"canonical":"https:\/\/www.socilink.com\/en\/products\/plaza-del-sol-fried-tomato-290g\/","og_locale":"en_US","og_type":"article","og_title":"Plaza del Sol Fried Tomato 290g","og_description":"Tomato Frito is a delicious fried tomato sauce with extra virgin olive oil, handmade. It is an ideal product to prepare pizzas, pasta, rice and much more.","og_url":"https:\/\/www.socilink.com\/en\/products\/plaza-del-sol-fried-tomato-290g\/","og_site_name":"Socilink","article_publisher":"https:\/\/www.facebook.com\/socilink\/","article_modified_time":"2026-02-26T23:37:14+00:00","og_image":[{"width":800,"height":800,"url":"https:\/\/www.socilink.com\/wp-content\/uploads\/2023\/03\/s13871-tomate-frito-plaza-del-sol-290g.jpg","type":"image\/jpeg"}],"twitter_card":"summary_large_image","twitter_title":"Plaza del Sol Fried Tomato 290g","twitter_misc":{"Est. reading time":"1 minute"},"schema":{"@context":"https:\/\/schema.org","@graph":[{"@type":"WebPage","@id":"https:\/\/www.socilink.com\/en\/products\/plaza-del-sol-fried-tomato-290g\/","url":"https:\/\/www.socilink.com\/en\/products\/plaza-del-sol-fried-tomato-290g\/","name":"Plaza del Sol Fried Tomato 290g","isPartOf":{"@id":"https:\/\/www.socilink.com\/en\/#website"},"primaryImageOfPage":{"@id":"https:\/\/www.socilink.com\/en\/products\/plaza-del-sol-fried-tomato-290g\/#primaryimage"},"image":{"@id":"https:\/\/www.socilink.com\/en\/products\/plaza-del-sol-fried-tomato-290g\/#primaryimage"},"thumbnailUrl":"https:\/\/www.socilink.com\/wp-content\/uploads\/2023\/03\/s13871-tomate-frito-plaza-del-sol-290g.jpg","datePublished":"2026-02-26T23:37:06+00:00","dateModified":"2026-02-26T23:37:14+00:00","description":"Tomato Frito is a delicious fried tomato sauce with extra virgin olive oil, handmade. It is an ideal product to prepare pizzas, pasta, rice and much more.","breadcrumb":{"@id":"https:\/\/www.socilink.com\/en\/products\/plaza-del-sol-fried-tomato-290g\/#breadcrumb"},"inLanguage":"en-US","potentialAction":[{"@type":"ReadAction","target":["https:\/\/www.socilink.com\/en\/products\/plaza-del-sol-fried-tomato-290g\/"]}]},{"@type":"ImageObject","inLanguage":"en-US","@id":"https:\/\/www.socilink.com\/en\/products\/plaza-del-sol-fried-tomato-290g\/#primaryimage","url":"https:\/\/www.socilink.com\/wp-content\/uploads\/2023\/03\/s13871-tomate-frito-plaza-del-sol-290g.jpg","contentUrl":"https:\/\/www.socilink.com\/wp-content\/uploads\/2023\/03\/s13871-tomate-frito-plaza-del-sol-290g.jpg","width":800,"height":800,"caption":"Plaza del Sol Fried Tomato 290g"},{"@type":"BreadcrumbList","@id":"https:\/\/www.socilink.com\/en\/products\/plaza-del-sol-fried-tomato-290g\/#breadcrumb","itemListElement":[{"@type":"ListItem","position":1,"name":"In\u00edcio","item":"https:\/\/www.socilink.com\/en\/"},{"@type":"ListItem","position":2,"name":"Products","item":"https:\/\/www.socilink.com\/en\/products\/"},{"@type":"ListItem","position":3,"name":"Plaza del Sol Fried Tomato 290g"}]},{"@type":"WebSite","@id":"https:\/\/www.socilink.com\/en\/#website","url":"https:\/\/www.socilink.com\/en\/","name":"Socilink","description":"Mundo de Sabores","publisher":{"@id":"https:\/\/www.socilink.com\/en\/#organization"},"potentialAction":[{"@type":"SearchAction","target":{"@type":"EntryPoint","urlTemplate":"https:\/\/www.socilink.com\/en\/?s={search_term_string}"},"query-input":{"@type":"PropertyValueSpecification","valueRequired":true,"valueName":"search_term_string"}}],"inLanguage":"en-US"},{"@type":"Organization","@id":"https:\/\/www.socilink.com\/en\/#organization","name":"Socilink","url":"https:\/\/www.socilink.com\/en\/","logo":{"@type":"ImageObject","inLanguage":"en-US","@id":"https:\/\/www.socilink.com\/en\/#\/schema\/logo\/image\/","url":"https:\/\/www.socilink.com\/wp-content\/uploads\/2019\/10\/Socilink.svg","contentUrl":"https:\/\/www.socilink.com\/wp-content\/uploads\/2019\/10\/Socilink.svg","width":1,"height":1,"caption":"Socilink"},"image":{"@id":"https:\/\/www.socilink.com\/en\/#\/schema\/logo\/image\/"},"sameAs":["https:\/\/www.facebook.com\/socilink\/","https:\/\/www.instagram.com\/socilink_mundo_de_sabores\/","https:\/\/www.linkedin.com\/company\/socilink","https:\/\/www.pinterest.pt\/socilink\/"]}]}},"_links":{"self":[{"href":"https:\/\/www.socilink.com\/en\/wp-json\/wp\/v2\/product\/64205","targetHints":{"allow":["GET"]}}],"collection":[{"href":"https:\/\/www.socilink.com\/en\/wp-json\/wp\/v2\/product"}],"about":[{"href":"https:\/\/www.socilink.com\/en\/wp-json\/wp\/v2\/types\/product"}],"replies":[{"embeddable":true,"href":"https:\/\/www.socilink.com\/en\/wp-json\/wp\/v2\/comments?post=64205"}],"wp:featuredmedia":[{"embeddable":true,"href":"https:\/\/www.socilink.com\/en\/wp-json\/wp\/v2\/media\/64109"}],"wp:attachment":[{"href":"https:\/\/www.socilink.com\/en\/wp-json\/wp\/v2\/media?parent=64205"}],"wp:term":[{"taxonomy":"socilink_saboresdomundo_tag","embeddable":true,"href":"https:\/\/www.socilink.com\/en\/wp-json\/wp\/v2\/socilink_saboresdomundo_tag?post=64205"},{"taxonomy":"product_brand","embeddable":true,"href":"https:\/\/www.socilink.com\/en\/wp-json\/wp\/v2\/product_brand?post=64205"},{"taxonomy":"product_cat","embeddable":true,"href":"https:\/\/www.socilink.com\/en\/wp-json\/wp\/v2\/product_cat?post=64205"},{"taxonomy":"product_tag","embeddable":true,"href":"https:\/\/www.socilink.com\/en\/wp-json\/wp\/v2\/product_tag?post=64205"}],"curies":[{"name":"wp","href":"https:\/\/api.w.org\/{rel}","templated":true}]}}