{"id":66561,"date":"2026-02-26T23:12:42","date_gmt":"2026-02-26T23:12:42","guid":{"rendered":"https:\/\/www.socilink.com\/products\/chateau-de-montifaud-grapes-varieties-ugni-blanc-mainly-vineyard-soils-sustainable-growing-process-petite-champagne-chalky-soil-limestone-harvest-maturity-controls-grapes-are-pressed-wit\/"},"modified":"2026-02-26T23:12:58","modified_gmt":"2026-02-26T23:12:58","slug":"chateau-de-montifaud-cognac-napoleon-cigare-special-ariane-700ml","status":"publish","type":"product","link":"https:\/\/www.socilink.com\/en\/products\/chateau-de-montifaud-cognac-napoleon-cigare-special-ariane-700ml\/","title":{"rendered":"Ch\u00e2teau de Montifaud Cognac Napol\u00e9on Cigare Sp\u00e9cial Ariane 700ml"},"content":{"rendered":"<h4>Product Description<\/h4>\n<p>Grapes varieties: ugni-blanc mainly.<br \/>\nVineyard &#038; Soils: sustainable growing process, Petite Champagne chalky soil (limestone). <\/p>\n<p>Harvest: maturity controls; grapes are pressed within 30 minutes after picking up to avoid oxidation. <\/p>\n<p>Pressing: pneumatic presses of 50hls &#038; 110hls to fill quickly and reduce oxidation. This is the softest way to press grapes and respect their quality. <\/p>\n<p>Wine-making: fermentation temperatures control (maximum 24\u00b0 to keep all aromas), and then wine storage on the lees for optimum conservation without sulfites addition. <\/p>\n<p>Artisanal Distillation: the white wine is distillated with lots of lees very slowly ; it develops also roundness and concentrates the floral character of the cognac. The &#8216;cut&#8217; is only done by tasting. <\/p>\n<p>Ageing: ageing mainly in french limousin oak. 12 months in new casks and then several years in &#8216;old&#8217; casks in our own cellars. <\/p>\n<p>Reduction: slow (max.5%vol every 6 months) with our very special process. <\/p>\n<p>Filtration: very soft filtration to preserve a maximum of flavors and aromas. <\/p>\n<p>Bottling: at the estate.<\/p>\n<p>Here it\u2019s the same cognac than our standard Napoleon but we kept to alcohol content at 46%vol instead of 40%vol for the Napoleon. More powerful, more concentrated with very rich aromas, this cognac will be the perfect companion for your cigars!<br \/>\nLaurent Vallet likes to enjoy this special blend with a Monte Cristo N\u00b02 but it\u2019s your turn to find the perfect cigar for this Napoleon Cigare! On the rocks as well, you will be seduced by the aromas and the long length in mouth!<\/p>\n<h4>Alcohol Content:<\/h4>\n<p>46%<\/p>\n<h4>Usage Suggestions:<\/h4>\n<p>Laurent Vallet likes to enjoy this special blend with a Monte Cristo N\u00b02 but it\u2019s your turn to find the perfect cigar for this Napoleon Cigare! On the rocks as well, you will be seduced by the aromas and the long length in mouth!<\/p>\n<h4>Country of Origin:<\/h4>\n<p>France<\/p>\n<h4>Distributed by:<\/h4>\n<p>Socilink Lda<br \/>\nRua Quinta dos \u00c1lamos n.\u00ba 3, 2625-577 Vialonga, PORTUGAL<\/p>\n<h4>Notice about our product information:<\/h4>\n<p>Always confirm the information on the article label. Food products are subject to constant change, for this reason, we recommend that you always read the labeling information that accompanies each product, including the nutritional information, ingredient list, storage, preparation and use instructions as well as other information before use or consumption.<\/p>\n","protected":false},"excerpt":{"rendered":"<p>Here it\u2019s the same cognac than our standard Napoleon but we kept to alcohol content at 46%vol instead of 40%vol for the Napoleon. More powerful, more concentrated with very rich aromas, this cognac will be the perfect companion for your cigars!<\/p>\n","protected":false},"featured_media":66496,"comment_status":"closed","ping_status":"closed","template":"","meta":{"_acf_changed":false,"_lmt_disableupdate":"","_lmt_disable":"","ep_exclude_from_search":false},"socilink_saboresdomundo_tag":[2780,2787],"product_brand":[2193,2186],"product_cat":[2579,2711,2580],"product_tag":[],"class_list":{"0":"post-66561","1":"product","2":"type-product","3":"status-publish","4":"has-post-thumbnail","6":"socilink_saboresdomundo_tag-europe","7":"socilink_saboresdomundo_tag-france","8":"product_brand-brandy","9":"product_brand-chateau-de-montifaud-en","10":"product_cat-alcohol-soft-drinks","11":"product_cat-all-products","12":"product_cat-spirits-and-liqueurs","13":"pa_caracteristicas-awarded","14":"pa_caracteristicas-controlled-designation-of-origin","16":"first","17":"instock","18":"product-type-simple"},"acf":[],"yoast_head":"<!-- This site is optimized with the Yoast SEO plugin v27.3 - https:\/\/yoast.com\/product\/yoast-seo-wordpress\/ -->\n<title>Ch\u00e2teau de Montifaud Cognac Napol\u00e9on Cigare Sp\u00e9cial Ariane 700ml<\/title>\n<meta name=\"description\" content=\"Here it\u2019s the same cognac than our standard Napoleon but we kept to alcohol content at 46%vol instead of 40%vol for the Napoleon. More powerful, more concentrated with very rich aromas, this cognac will be the perfect companion for your cigars!\" \/>\n<meta name=\"robots\" content=\"index, follow, max-snippet:-1, max-image-preview:large, max-video-preview:-1\" \/>\n<link rel=\"canonical\" href=\"https:\/\/www.socilink.com\/en\/products\/chateau-de-montifaud-cognac-napoleon-cigare-special-ariane-700ml\/\" \/>\n<meta property=\"og:locale\" content=\"en_US\" \/>\n<meta property=\"og:type\" content=\"article\" \/>\n<meta property=\"og:title\" content=\"Ch\u00e2teau de Montifaud Cognac Napol\u00e9on Cigare Sp\u00e9cial Ariane 700ml\" \/>\n<meta property=\"og:description\" content=\"Here it\u2019s the same cognac than our standard Napoleon but we kept to alcohol content at 46%vol instead of 40%vol for the Napoleon. More powerful, more concentrated with very rich aromas, this cognac will be the perfect companion for your cigars!\" \/>\n<meta property=\"og:url\" content=\"https:\/\/www.socilink.com\/en\/products\/chateau-de-montifaud-cognac-napoleon-cigare-special-ariane-700ml\/\" \/>\n<meta property=\"og:site_name\" content=\"Socilink\" \/>\n<meta property=\"article:publisher\" content=\"https:\/\/www.facebook.com\/socilink\/\" \/>\n<meta property=\"article:modified_time\" content=\"2026-02-26T23:12:58+00:00\" \/>\n<meta property=\"og:image\" content=\"https:\/\/www.socilink.com\/wp-content\/uploads\/2024\/01\/s14127-conhaque-napoleon-special-cigare-ariane-chateau-de-montifaud-700ml.jpg\" \/>\n\t<meta property=\"og:image:width\" content=\"800\" \/>\n\t<meta property=\"og:image:height\" content=\"800\" \/>\n\t<meta property=\"og:image:type\" content=\"image\/jpeg\" \/>\n<meta name=\"twitter:card\" content=\"summary_large_image\" \/>\n<meta name=\"twitter:title\" content=\"Ch\u00e2teau de Montifaud Cognac Napol\u00e9on Cigare Sp\u00e9cial Ariane 700ml\" \/>\n<meta name=\"twitter:label1\" content=\"Est. reading time\" \/>\n\t<meta name=\"twitter:data1\" content=\"2 minutes\" \/>\n<script type=\"application\/ld+json\" class=\"yoast-schema-graph\">{\"@context\":\"https:\\\/\\\/schema.org\",\"@graph\":[{\"@type\":\"WebPage\",\"@id\":\"https:\\\/\\\/www.socilink.com\\\/en\\\/products\\\/chateau-de-montifaud-cognac-napoleon-cigare-special-ariane-700ml\\\/\",\"url\":\"https:\\\/\\\/www.socilink.com\\\/en\\\/products\\\/chateau-de-montifaud-cognac-napoleon-cigare-special-ariane-700ml\\\/\",\"name\":\"Ch\u00e2teau de Montifaud Cognac Napol\u00e9on Cigare Sp\u00e9cial Ariane 700ml\",\"isPartOf\":{\"@id\":\"https:\\\/\\\/www.socilink.com\\\/en\\\/#website\"},\"primaryImageOfPage\":{\"@id\":\"https:\\\/\\\/www.socilink.com\\\/en\\\/products\\\/chateau-de-montifaud-cognac-napoleon-cigare-special-ariane-700ml\\\/#primaryimage\"},\"image\":{\"@id\":\"https:\\\/\\\/www.socilink.com\\\/en\\\/products\\\/chateau-de-montifaud-cognac-napoleon-cigare-special-ariane-700ml\\\/#primaryimage\"},\"thumbnailUrl\":\"https:\\\/\\\/www.socilink.com\\\/wp-content\\\/uploads\\\/2024\\\/01\\\/s14127-conhaque-napoleon-special-cigare-ariane-chateau-de-montifaud-700ml.jpg\",\"datePublished\":\"2026-02-26T23:12:42+00:00\",\"dateModified\":\"2026-02-26T23:12:58+00:00\",\"description\":\"Here it\u2019s the same cognac than our standard Napoleon but we kept to alcohol content at 46%vol instead of 40%vol for the Napoleon. More powerful, more concentrated with very rich aromas, this cognac will be the perfect companion for your cigars!\",\"breadcrumb\":{\"@id\":\"https:\\\/\\\/www.socilink.com\\\/en\\\/products\\\/chateau-de-montifaud-cognac-napoleon-cigare-special-ariane-700ml\\\/#breadcrumb\"},\"inLanguage\":\"en-US\",\"potentialAction\":[{\"@type\":\"ReadAction\",\"target\":[\"https:\\\/\\\/www.socilink.com\\\/en\\\/products\\\/chateau-de-montifaud-cognac-napoleon-cigare-special-ariane-700ml\\\/\"]}]},{\"@type\":\"ImageObject\",\"inLanguage\":\"en-US\",\"@id\":\"https:\\\/\\\/www.socilink.com\\\/en\\\/products\\\/chateau-de-montifaud-cognac-napoleon-cigare-special-ariane-700ml\\\/#primaryimage\",\"url\":\"https:\\\/\\\/www.socilink.com\\\/wp-content\\\/uploads\\\/2024\\\/01\\\/s14127-conhaque-napoleon-special-cigare-ariane-chateau-de-montifaud-700ml.jpg\",\"contentUrl\":\"https:\\\/\\\/www.socilink.com\\\/wp-content\\\/uploads\\\/2024\\\/01\\\/s14127-conhaque-napoleon-special-cigare-ariane-chateau-de-montifaud-700ml.jpg\",\"width\":800,\"height\":800,\"caption\":\"Ch\u00e2teau de Montifaud Cognac Napol\u00e9on Cigare Sp\u00e9cial Ariane 700ml\"},{\"@type\":\"BreadcrumbList\",\"@id\":\"https:\\\/\\\/www.socilink.com\\\/en\\\/products\\\/chateau-de-montifaud-cognac-napoleon-cigare-special-ariane-700ml\\\/#breadcrumb\",\"itemListElement\":[{\"@type\":\"ListItem\",\"position\":1,\"name\":\"In\u00edcio\",\"item\":\"https:\\\/\\\/www.socilink.com\\\/en\\\/\"},{\"@type\":\"ListItem\",\"position\":2,\"name\":\"Products\",\"item\":\"https:\\\/\\\/www.socilink.com\\\/en\\\/products\\\/\"},{\"@type\":\"ListItem\",\"position\":3,\"name\":\"Ch\u00e2teau de Montifaud Cognac Napol\u00e9on Cigare Sp\u00e9cial Ariane 700ml\"}]},{\"@type\":\"WebSite\",\"@id\":\"https:\\\/\\\/www.socilink.com\\\/en\\\/#website\",\"url\":\"https:\\\/\\\/www.socilink.com\\\/en\\\/\",\"name\":\"Socilink\",\"description\":\"Mundo de Sabores\",\"publisher\":{\"@id\":\"https:\\\/\\\/www.socilink.com\\\/en\\\/#organization\"},\"potentialAction\":[{\"@type\":\"SearchAction\",\"target\":{\"@type\":\"EntryPoint\",\"urlTemplate\":\"https:\\\/\\\/www.socilink.com\\\/en\\\/?s={search_term_string}\"},\"query-input\":{\"@type\":\"PropertyValueSpecification\",\"valueRequired\":true,\"valueName\":\"search_term_string\"}}],\"inLanguage\":\"en-US\"},{\"@type\":\"Organization\",\"@id\":\"https:\\\/\\\/www.socilink.com\\\/en\\\/#organization\",\"name\":\"Socilink\",\"url\":\"https:\\\/\\\/www.socilink.com\\\/en\\\/\",\"logo\":{\"@type\":\"ImageObject\",\"inLanguage\":\"en-US\",\"@id\":\"https:\\\/\\\/www.socilink.com\\\/en\\\/#\\\/schema\\\/logo\\\/image\\\/\",\"url\":\"https:\\\/\\\/www.socilink.com\\\/wp-content\\\/uploads\\\/2019\\\/10\\\/Socilink.svg\",\"contentUrl\":\"https:\\\/\\\/www.socilink.com\\\/wp-content\\\/uploads\\\/2019\\\/10\\\/Socilink.svg\",\"width\":1,\"height\":1,\"caption\":\"Socilink\"},\"image\":{\"@id\":\"https:\\\/\\\/www.socilink.com\\\/en\\\/#\\\/schema\\\/logo\\\/image\\\/\"},\"sameAs\":[\"https:\\\/\\\/www.facebook.com\\\/socilink\\\/\",\"https:\\\/\\\/www.instagram.com\\\/socilink_mundo_de_sabores\\\/\",\"https:\\\/\\\/www.linkedin.com\\\/company\\\/socilink\",\"https:\\\/\\\/www.pinterest.pt\\\/socilink\\\/\"]}]}<\/script>\n<!-- \/ Yoast SEO plugin. -->","yoast_head_json":{"title":"Ch\u00e2teau de Montifaud Cognac Napol\u00e9on Cigare Sp\u00e9cial Ariane 700ml","description":"Here it\u2019s the same cognac than our standard Napoleon but we kept to alcohol content at 46%vol instead of 40%vol for the Napoleon. More powerful, more concentrated with very rich aromas, this cognac will be the perfect companion for your cigars!","robots":{"index":"index","follow":"follow","max-snippet":"max-snippet:-1","max-image-preview":"max-image-preview:large","max-video-preview":"max-video-preview:-1"},"canonical":"https:\/\/www.socilink.com\/en\/products\/chateau-de-montifaud-cognac-napoleon-cigare-special-ariane-700ml\/","og_locale":"en_US","og_type":"article","og_title":"Ch\u00e2teau de Montifaud Cognac Napol\u00e9on Cigare Sp\u00e9cial Ariane 700ml","og_description":"Here it\u2019s the same cognac than our standard Napoleon but we kept to alcohol content at 46%vol instead of 40%vol for the Napoleon. More powerful, more concentrated with very rich aromas, this cognac will be the perfect companion for your cigars!","og_url":"https:\/\/www.socilink.com\/en\/products\/chateau-de-montifaud-cognac-napoleon-cigare-special-ariane-700ml\/","og_site_name":"Socilink","article_publisher":"https:\/\/www.facebook.com\/socilink\/","article_modified_time":"2026-02-26T23:12:58+00:00","og_image":[{"width":800,"height":800,"url":"https:\/\/www.socilink.com\/wp-content\/uploads\/2024\/01\/s14127-conhaque-napoleon-special-cigare-ariane-chateau-de-montifaud-700ml.jpg","type":"image\/jpeg"}],"twitter_card":"summary_large_image","twitter_title":"Ch\u00e2teau de Montifaud Cognac Napol\u00e9on Cigare Sp\u00e9cial Ariane 700ml","twitter_misc":{"Est. reading time":"2 minutes"},"schema":{"@context":"https:\/\/schema.org","@graph":[{"@type":"WebPage","@id":"https:\/\/www.socilink.com\/en\/products\/chateau-de-montifaud-cognac-napoleon-cigare-special-ariane-700ml\/","url":"https:\/\/www.socilink.com\/en\/products\/chateau-de-montifaud-cognac-napoleon-cigare-special-ariane-700ml\/","name":"Ch\u00e2teau de Montifaud Cognac Napol\u00e9on Cigare Sp\u00e9cial Ariane 700ml","isPartOf":{"@id":"https:\/\/www.socilink.com\/en\/#website"},"primaryImageOfPage":{"@id":"https:\/\/www.socilink.com\/en\/products\/chateau-de-montifaud-cognac-napoleon-cigare-special-ariane-700ml\/#primaryimage"},"image":{"@id":"https:\/\/www.socilink.com\/en\/products\/chateau-de-montifaud-cognac-napoleon-cigare-special-ariane-700ml\/#primaryimage"},"thumbnailUrl":"https:\/\/www.socilink.com\/wp-content\/uploads\/2024\/01\/s14127-conhaque-napoleon-special-cigare-ariane-chateau-de-montifaud-700ml.jpg","datePublished":"2026-02-26T23:12:42+00:00","dateModified":"2026-02-26T23:12:58+00:00","description":"Here it\u2019s the same cognac than our standard Napoleon but we kept to alcohol content at 46%vol instead of 40%vol for the Napoleon. More powerful, more concentrated with very rich aromas, this cognac will be the perfect companion for your cigars!","breadcrumb":{"@id":"https:\/\/www.socilink.com\/en\/products\/chateau-de-montifaud-cognac-napoleon-cigare-special-ariane-700ml\/#breadcrumb"},"inLanguage":"en-US","potentialAction":[{"@type":"ReadAction","target":["https:\/\/www.socilink.com\/en\/products\/chateau-de-montifaud-cognac-napoleon-cigare-special-ariane-700ml\/"]}]},{"@type":"ImageObject","inLanguage":"en-US","@id":"https:\/\/www.socilink.com\/en\/products\/chateau-de-montifaud-cognac-napoleon-cigare-special-ariane-700ml\/#primaryimage","url":"https:\/\/www.socilink.com\/wp-content\/uploads\/2024\/01\/s14127-conhaque-napoleon-special-cigare-ariane-chateau-de-montifaud-700ml.jpg","contentUrl":"https:\/\/www.socilink.com\/wp-content\/uploads\/2024\/01\/s14127-conhaque-napoleon-special-cigare-ariane-chateau-de-montifaud-700ml.jpg","width":800,"height":800,"caption":"Ch\u00e2teau de Montifaud Cognac Napol\u00e9on Cigare Sp\u00e9cial Ariane 700ml"},{"@type":"BreadcrumbList","@id":"https:\/\/www.socilink.com\/en\/products\/chateau-de-montifaud-cognac-napoleon-cigare-special-ariane-700ml\/#breadcrumb","itemListElement":[{"@type":"ListItem","position":1,"name":"In\u00edcio","item":"https:\/\/www.socilink.com\/en\/"},{"@type":"ListItem","position":2,"name":"Products","item":"https:\/\/www.socilink.com\/en\/products\/"},{"@type":"ListItem","position":3,"name":"Ch\u00e2teau de Montifaud Cognac Napol\u00e9on Cigare Sp\u00e9cial Ariane 700ml"}]},{"@type":"WebSite","@id":"https:\/\/www.socilink.com\/en\/#website","url":"https:\/\/www.socilink.com\/en\/","name":"Socilink","description":"Mundo de Sabores","publisher":{"@id":"https:\/\/www.socilink.com\/en\/#organization"},"potentialAction":[{"@type":"SearchAction","target":{"@type":"EntryPoint","urlTemplate":"https:\/\/www.socilink.com\/en\/?s={search_term_string}"},"query-input":{"@type":"PropertyValueSpecification","valueRequired":true,"valueName":"search_term_string"}}],"inLanguage":"en-US"},{"@type":"Organization","@id":"https:\/\/www.socilink.com\/en\/#organization","name":"Socilink","url":"https:\/\/www.socilink.com\/en\/","logo":{"@type":"ImageObject","inLanguage":"en-US","@id":"https:\/\/www.socilink.com\/en\/#\/schema\/logo\/image\/","url":"https:\/\/www.socilink.com\/wp-content\/uploads\/2019\/10\/Socilink.svg","contentUrl":"https:\/\/www.socilink.com\/wp-content\/uploads\/2019\/10\/Socilink.svg","width":1,"height":1,"caption":"Socilink"},"image":{"@id":"https:\/\/www.socilink.com\/en\/#\/schema\/logo\/image\/"},"sameAs":["https:\/\/www.facebook.com\/socilink\/","https:\/\/www.instagram.com\/socilink_mundo_de_sabores\/","https:\/\/www.linkedin.com\/company\/socilink","https:\/\/www.pinterest.pt\/socilink\/"]}]}},"_links":{"self":[{"href":"https:\/\/www.socilink.com\/en\/wp-json\/wp\/v2\/product\/66561","targetHints":{"allow":["GET"]}}],"collection":[{"href":"https:\/\/www.socilink.com\/en\/wp-json\/wp\/v2\/product"}],"about":[{"href":"https:\/\/www.socilink.com\/en\/wp-json\/wp\/v2\/types\/product"}],"replies":[{"embeddable":true,"href":"https:\/\/www.socilink.com\/en\/wp-json\/wp\/v2\/comments?post=66561"}],"wp:featuredmedia":[{"embeddable":true,"href":"https:\/\/www.socilink.com\/en\/wp-json\/wp\/v2\/media\/66496"}],"wp:attachment":[{"href":"https:\/\/www.socilink.com\/en\/wp-json\/wp\/v2\/media?parent=66561"}],"wp:term":[{"taxonomy":"socilink_saboresdomundo_tag","embeddable":true,"href":"https:\/\/www.socilink.com\/en\/wp-json\/wp\/v2\/socilink_saboresdomundo_tag?post=66561"},{"taxonomy":"product_brand","embeddable":true,"href":"https:\/\/www.socilink.com\/en\/wp-json\/wp\/v2\/product_brand?post=66561"},{"taxonomy":"product_cat","embeddable":true,"href":"https:\/\/www.socilink.com\/en\/wp-json\/wp\/v2\/product_cat?post=66561"},{"taxonomy":"product_tag","embeddable":true,"href":"https:\/\/www.socilink.com\/en\/wp-json\/wp\/v2\/product_tag?post=66561"}],"curies":[{"name":"wp","href":"https:\/\/api.w.org\/{rel}","templated":true}]}}