{"id":67117,"date":"2026-02-26T23:37:06","date_gmt":"2026-02-26T23:37:06","guid":{"rendered":"https:\/\/www.socilink.com\/products\/plaza-del-sol-sherry-vinegar-250ml\/"},"modified":"2026-02-26T23:37:16","modified_gmt":"2026-02-26T23:37:16","slug":"plaza-del-sol-sherry-vinegar-250ml","status":"publish","type":"product","link":"https:\/\/www.socilink.com\/en\/products\/plaza-del-sol-sherry-vinegar-250ml\/","title":{"rendered":"Plaza del Sol Sherry Vinegar 250ml"},"content":{"rendered":"<h4>Product Description<\/h4>\n<p>Sherry vinegar is a gourmet wine vinegar made from Sherry wine. It is produced in the Spanish province of C\u00e1diz and inside the triangular area between the city of Jerez de la Frontera and towns of Sanl\u00facar de Barrameda and El Puerto de Santa Mar\u00eda, known as the &#8220;sherry triangle&#8221;. By law the Sherry vinegar must undergo ageing in American oak for a minimum of six months, can only be aged within the &#8220;sherry triangle&#8221; and must have a minimum of 7 degrees acidity.<br \/>\nThe Vinaigrette made from sherry vinegar is particularly flavourful compared to vinaigrette made from standard wine vinegar and matches well with many foods.<br \/>\nPlaza Del Sol Sherry Vinegar is very aromatic, its flavour is complex and woody!<\/p>\n<h4>Ingredients:<\/h4>\n<p>Sherry vinegar, colour (natural caramel, antioxidant (potassium METABISULPHITE, SULPHITES).<\/p>\n<h4>Allergens:<\/h4>\n<p>See ingredients in UPPERCASE.<\/p>\n<h4>Storage:<\/h4>\n<p>Keep in a cool, dry place away from sunlight.<\/p>\n<h4>Usage Suggestions:<\/h4>\n<p>To enhance the flavours in soups, stews, sauces, casseroles and dressings.<\/p>\n<h4>Country of Origin:<\/h4>\n<p>Spain<\/p>\n<h4>Nutritional information:<\/h4>\n<table>\n<tr>\n<th>Nutrition Declaration (Typical Values):<\/th>\n<th>Per 100ml<\/th>\n<\/tr>\n<tr>\n<td>Energy<\/td>\n<td>26kJ<br \/>4kcal<\/td>\n<\/tr>\n<tr>\n<td>Fat<br \/>of wich saturates<\/td>\n<td>0g<br \/>0g<\/td>\n<\/tr>\n<tr>\n<td>Carbohydrate<br \/>of which sugars<\/td>\n<td>1g<br \/>0g<\/td>\n<\/tr>\n<tr>\n<td>Protein<\/td>\n<td>0,1g<\/td>\n<\/tr>\n<tr>\n<td>Salt<\/td>\n<td>0g<\/td>\n<\/tr>\n<\/table>\n<h4>Distributed by:<\/h4>\n<p>Socilink Lda<br \/>\nRua Quinta dos \u00c1lamos n.\u00ba 3, 2625-577 Vialonga, PORTUGAL<\/p>\n<h4>Notice about our product information:<\/h4>\n<p>Always confirm the information on the article label. Food products are subject to constant change, for this reason, we recommend that you always read the labeling information that accompanies each product, including the nutritional information, ingredient list, storage, preparation and use instructions as well as other information before use or consumption.<\/p>\n","protected":false},"excerpt":{"rendered":"<p>Meticulously produced, it requires a wine with at least 11% alcohol content. By law, vinegar is aged in wooden barrels for at least 6 months and must have at least 7% acidity. Used in tapas and tortillas giving a special touch to the gazpacho.<\/p>\n","protected":false},"featured_media":66964,"comment_status":"closed","ping_status":"closed","template":"","meta":{"_acf_changed":false,"_lmt_disableupdate":"","_lmt_disable":"","ep_exclude_from_search":false},"socilink_saboresdomundo_tag":[2780,2785],"product_brand":[2440,2441],"product_cat":[2711,2624,2651],"product_tag":[],"class_list":{"0":"post-67117","1":"product","2":"type-product","3":"status-publish","4":"has-post-thumbnail","6":"socilink_saboresdomundo_tag-europe","7":"socilink_saboresdomundo_tag-spain","8":"product_brand-olive-oil-seasonings-sauces","9":"product_brand-plaza-del-sol-en","10":"product_cat-all-products","11":"product_cat-ingredients-seasonings","12":"product_cat-vinegar-and-balsamic-condiments","13":"pa_caracteristicas-protected-designation-of-origin","14":"pa_caracteristicas-top-seller","16":"first","17":"instock","18":"product-type-simple"},"acf":[],"yoast_head":"<!-- This site is optimized with the Yoast SEO plugin v27.3 - https:\/\/yoast.com\/product\/yoast-seo-wordpress\/ -->\n<title>Plaza del Sol Sherry Vinegar 250ml<\/title>\n<meta name=\"description\" content=\"Meticulously produced, it requires a wine with at least 11% alcohol content. By law, vinegar is aged in wooden barrels for at least 6 months and must have at least 7% acidity. Used in tapas and tortillas giving a special touch to the gazpacho.\" \/>\n<meta name=\"robots\" content=\"index, follow, max-snippet:-1, max-image-preview:large, max-video-preview:-1\" \/>\n<link rel=\"canonical\" href=\"https:\/\/www.socilink.com\/en\/products\/plaza-del-sol-sherry-vinegar-250ml\/\" \/>\n<meta property=\"og:locale\" content=\"en_US\" \/>\n<meta property=\"og:type\" content=\"article\" \/>\n<meta property=\"og:title\" content=\"Plaza del Sol Sherry Vinegar 250ml\" \/>\n<meta property=\"og:description\" content=\"Meticulously produced, it requires a wine with at least 11% alcohol content. By law, vinegar is aged in wooden barrels for at least 6 months and must have at least 7% acidity. Used in tapas and tortillas giving a special touch to the gazpacho.\" \/>\n<meta property=\"og:url\" content=\"https:\/\/www.socilink.com\/en\/products\/plaza-del-sol-sherry-vinegar-250ml\/\" \/>\n<meta property=\"og:site_name\" content=\"Socilink\" \/>\n<meta property=\"article:publisher\" content=\"https:\/\/www.facebook.com\/socilink\/\" \/>\n<meta property=\"article:modified_time\" content=\"2026-02-26T23:37:16+00:00\" \/>\n<meta property=\"og:image\" content=\"https:\/\/www.socilink.com\/wp-content\/uploads\/2024\/03\/s14258-vinagre-de-xerez-dop-plaza-del-sol-250ml.jpg\" \/>\n\t<meta property=\"og:image:width\" content=\"800\" \/>\n\t<meta property=\"og:image:height\" content=\"800\" \/>\n\t<meta property=\"og:image:type\" content=\"image\/jpeg\" \/>\n<meta name=\"twitter:card\" content=\"summary_large_image\" \/>\n<meta name=\"twitter:title\" content=\"Plaza del Sol Sherry Vinegar 250ml\" \/>\n<meta name=\"twitter:label1\" content=\"Est. reading time\" \/>\n\t<meta name=\"twitter:data1\" content=\"1 minute\" \/>\n<script type=\"application\/ld+json\" class=\"yoast-schema-graph\">{\"@context\":\"https:\\\/\\\/schema.org\",\"@graph\":[{\"@type\":\"WebPage\",\"@id\":\"https:\\\/\\\/www.socilink.com\\\/en\\\/products\\\/plaza-del-sol-sherry-vinegar-250ml\\\/\",\"url\":\"https:\\\/\\\/www.socilink.com\\\/en\\\/products\\\/plaza-del-sol-sherry-vinegar-250ml\\\/\",\"name\":\"Plaza del Sol Sherry Vinegar 250ml\",\"isPartOf\":{\"@id\":\"https:\\\/\\\/www.socilink.com\\\/en\\\/#website\"},\"primaryImageOfPage\":{\"@id\":\"https:\\\/\\\/www.socilink.com\\\/en\\\/products\\\/plaza-del-sol-sherry-vinegar-250ml\\\/#primaryimage\"},\"image\":{\"@id\":\"https:\\\/\\\/www.socilink.com\\\/en\\\/products\\\/plaza-del-sol-sherry-vinegar-250ml\\\/#primaryimage\"},\"thumbnailUrl\":\"https:\\\/\\\/www.socilink.com\\\/wp-content\\\/uploads\\\/2024\\\/03\\\/s14258-vinagre-de-xerez-dop-plaza-del-sol-250ml.jpg\",\"datePublished\":\"2026-02-26T23:37:06+00:00\",\"dateModified\":\"2026-02-26T23:37:16+00:00\",\"description\":\"Meticulously produced, it requires a wine with at least 11% alcohol content. By law, vinegar is aged in wooden barrels for at least 6 months and must have at least 7% acidity. Used in tapas and tortillas giving a special touch to the gazpacho.\",\"breadcrumb\":{\"@id\":\"https:\\\/\\\/www.socilink.com\\\/en\\\/products\\\/plaza-del-sol-sherry-vinegar-250ml\\\/#breadcrumb\"},\"inLanguage\":\"en-US\",\"potentialAction\":[{\"@type\":\"ReadAction\",\"target\":[\"https:\\\/\\\/www.socilink.com\\\/en\\\/products\\\/plaza-del-sol-sherry-vinegar-250ml\\\/\"]}]},{\"@type\":\"ImageObject\",\"inLanguage\":\"en-US\",\"@id\":\"https:\\\/\\\/www.socilink.com\\\/en\\\/products\\\/plaza-del-sol-sherry-vinegar-250ml\\\/#primaryimage\",\"url\":\"https:\\\/\\\/www.socilink.com\\\/wp-content\\\/uploads\\\/2024\\\/03\\\/s14258-vinagre-de-xerez-dop-plaza-del-sol-250ml.jpg\",\"contentUrl\":\"https:\\\/\\\/www.socilink.com\\\/wp-content\\\/uploads\\\/2024\\\/03\\\/s14258-vinagre-de-xerez-dop-plaza-del-sol-250ml.jpg\",\"width\":800,\"height\":800,\"caption\":\"Plaza del Sol Sherry Vinegar 250ml\"},{\"@type\":\"BreadcrumbList\",\"@id\":\"https:\\\/\\\/www.socilink.com\\\/en\\\/products\\\/plaza-del-sol-sherry-vinegar-250ml\\\/#breadcrumb\",\"itemListElement\":[{\"@type\":\"ListItem\",\"position\":1,\"name\":\"In\u00edcio\",\"item\":\"https:\\\/\\\/www.socilink.com\\\/en\\\/\"},{\"@type\":\"ListItem\",\"position\":2,\"name\":\"Products\",\"item\":\"https:\\\/\\\/www.socilink.com\\\/en\\\/products\\\/\"},{\"@type\":\"ListItem\",\"position\":3,\"name\":\"Plaza del Sol Sherry Vinegar 250ml\"}]},{\"@type\":\"WebSite\",\"@id\":\"https:\\\/\\\/www.socilink.com\\\/en\\\/#website\",\"url\":\"https:\\\/\\\/www.socilink.com\\\/en\\\/\",\"name\":\"Socilink\",\"description\":\"Mundo de Sabores\",\"publisher\":{\"@id\":\"https:\\\/\\\/www.socilink.com\\\/en\\\/#organization\"},\"potentialAction\":[{\"@type\":\"SearchAction\",\"target\":{\"@type\":\"EntryPoint\",\"urlTemplate\":\"https:\\\/\\\/www.socilink.com\\\/en\\\/?s={search_term_string}\"},\"query-input\":{\"@type\":\"PropertyValueSpecification\",\"valueRequired\":true,\"valueName\":\"search_term_string\"}}],\"inLanguage\":\"en-US\"},{\"@type\":\"Organization\",\"@id\":\"https:\\\/\\\/www.socilink.com\\\/en\\\/#organization\",\"name\":\"Socilink\",\"url\":\"https:\\\/\\\/www.socilink.com\\\/en\\\/\",\"logo\":{\"@type\":\"ImageObject\",\"inLanguage\":\"en-US\",\"@id\":\"https:\\\/\\\/www.socilink.com\\\/en\\\/#\\\/schema\\\/logo\\\/image\\\/\",\"url\":\"https:\\\/\\\/www.socilink.com\\\/wp-content\\\/uploads\\\/2019\\\/10\\\/Socilink.svg\",\"contentUrl\":\"https:\\\/\\\/www.socilink.com\\\/wp-content\\\/uploads\\\/2019\\\/10\\\/Socilink.svg\",\"width\":1,\"height\":1,\"caption\":\"Socilink\"},\"image\":{\"@id\":\"https:\\\/\\\/www.socilink.com\\\/en\\\/#\\\/schema\\\/logo\\\/image\\\/\"},\"sameAs\":[\"https:\\\/\\\/www.facebook.com\\\/socilink\\\/\",\"https:\\\/\\\/www.instagram.com\\\/socilink_mundo_de_sabores\\\/\",\"https:\\\/\\\/www.linkedin.com\\\/company\\\/socilink\",\"https:\\\/\\\/www.pinterest.pt\\\/socilink\\\/\"]}]}<\/script>\n<!-- \/ Yoast SEO plugin. -->","yoast_head_json":{"title":"Plaza del Sol Sherry Vinegar 250ml","description":"Meticulously produced, it requires a wine with at least 11% alcohol content. By law, vinegar is aged in wooden barrels for at least 6 months and must have at least 7% acidity. Used in tapas and tortillas giving a special touch to the gazpacho.","robots":{"index":"index","follow":"follow","max-snippet":"max-snippet:-1","max-image-preview":"max-image-preview:large","max-video-preview":"max-video-preview:-1"},"canonical":"https:\/\/www.socilink.com\/en\/products\/plaza-del-sol-sherry-vinegar-250ml\/","og_locale":"en_US","og_type":"article","og_title":"Plaza del Sol Sherry Vinegar 250ml","og_description":"Meticulously produced, it requires a wine with at least 11% alcohol content. By law, vinegar is aged in wooden barrels for at least 6 months and must have at least 7% acidity. Used in tapas and tortillas giving a special touch to the gazpacho.","og_url":"https:\/\/www.socilink.com\/en\/products\/plaza-del-sol-sherry-vinegar-250ml\/","og_site_name":"Socilink","article_publisher":"https:\/\/www.facebook.com\/socilink\/","article_modified_time":"2026-02-26T23:37:16+00:00","og_image":[{"width":800,"height":800,"url":"https:\/\/www.socilink.com\/wp-content\/uploads\/2024\/03\/s14258-vinagre-de-xerez-dop-plaza-del-sol-250ml.jpg","type":"image\/jpeg"}],"twitter_card":"summary_large_image","twitter_title":"Plaza del Sol Sherry Vinegar 250ml","twitter_misc":{"Est. reading time":"1 minute"},"schema":{"@context":"https:\/\/schema.org","@graph":[{"@type":"WebPage","@id":"https:\/\/www.socilink.com\/en\/products\/plaza-del-sol-sherry-vinegar-250ml\/","url":"https:\/\/www.socilink.com\/en\/products\/plaza-del-sol-sherry-vinegar-250ml\/","name":"Plaza del Sol Sherry Vinegar 250ml","isPartOf":{"@id":"https:\/\/www.socilink.com\/en\/#website"},"primaryImageOfPage":{"@id":"https:\/\/www.socilink.com\/en\/products\/plaza-del-sol-sherry-vinegar-250ml\/#primaryimage"},"image":{"@id":"https:\/\/www.socilink.com\/en\/products\/plaza-del-sol-sherry-vinegar-250ml\/#primaryimage"},"thumbnailUrl":"https:\/\/www.socilink.com\/wp-content\/uploads\/2024\/03\/s14258-vinagre-de-xerez-dop-plaza-del-sol-250ml.jpg","datePublished":"2026-02-26T23:37:06+00:00","dateModified":"2026-02-26T23:37:16+00:00","description":"Meticulously produced, it requires a wine with at least 11% alcohol content. By law, vinegar is aged in wooden barrels for at least 6 months and must have at least 7% acidity. Used in tapas and tortillas giving a special touch to the gazpacho.","breadcrumb":{"@id":"https:\/\/www.socilink.com\/en\/products\/plaza-del-sol-sherry-vinegar-250ml\/#breadcrumb"},"inLanguage":"en-US","potentialAction":[{"@type":"ReadAction","target":["https:\/\/www.socilink.com\/en\/products\/plaza-del-sol-sherry-vinegar-250ml\/"]}]},{"@type":"ImageObject","inLanguage":"en-US","@id":"https:\/\/www.socilink.com\/en\/products\/plaza-del-sol-sherry-vinegar-250ml\/#primaryimage","url":"https:\/\/www.socilink.com\/wp-content\/uploads\/2024\/03\/s14258-vinagre-de-xerez-dop-plaza-del-sol-250ml.jpg","contentUrl":"https:\/\/www.socilink.com\/wp-content\/uploads\/2024\/03\/s14258-vinagre-de-xerez-dop-plaza-del-sol-250ml.jpg","width":800,"height":800,"caption":"Plaza del Sol Sherry Vinegar 250ml"},{"@type":"BreadcrumbList","@id":"https:\/\/www.socilink.com\/en\/products\/plaza-del-sol-sherry-vinegar-250ml\/#breadcrumb","itemListElement":[{"@type":"ListItem","position":1,"name":"In\u00edcio","item":"https:\/\/www.socilink.com\/en\/"},{"@type":"ListItem","position":2,"name":"Products","item":"https:\/\/www.socilink.com\/en\/products\/"},{"@type":"ListItem","position":3,"name":"Plaza del Sol Sherry Vinegar 250ml"}]},{"@type":"WebSite","@id":"https:\/\/www.socilink.com\/en\/#website","url":"https:\/\/www.socilink.com\/en\/","name":"Socilink","description":"Mundo de Sabores","publisher":{"@id":"https:\/\/www.socilink.com\/en\/#organization"},"potentialAction":[{"@type":"SearchAction","target":{"@type":"EntryPoint","urlTemplate":"https:\/\/www.socilink.com\/en\/?s={search_term_string}"},"query-input":{"@type":"PropertyValueSpecification","valueRequired":true,"valueName":"search_term_string"}}],"inLanguage":"en-US"},{"@type":"Organization","@id":"https:\/\/www.socilink.com\/en\/#organization","name":"Socilink","url":"https:\/\/www.socilink.com\/en\/","logo":{"@type":"ImageObject","inLanguage":"en-US","@id":"https:\/\/www.socilink.com\/en\/#\/schema\/logo\/image\/","url":"https:\/\/www.socilink.com\/wp-content\/uploads\/2019\/10\/Socilink.svg","contentUrl":"https:\/\/www.socilink.com\/wp-content\/uploads\/2019\/10\/Socilink.svg","width":1,"height":1,"caption":"Socilink"},"image":{"@id":"https:\/\/www.socilink.com\/en\/#\/schema\/logo\/image\/"},"sameAs":["https:\/\/www.facebook.com\/socilink\/","https:\/\/www.instagram.com\/socilink_mundo_de_sabores\/","https:\/\/www.linkedin.com\/company\/socilink","https:\/\/www.pinterest.pt\/socilink\/"]}]}},"_links":{"self":[{"href":"https:\/\/www.socilink.com\/en\/wp-json\/wp\/v2\/product\/67117","targetHints":{"allow":["GET"]}}],"collection":[{"href":"https:\/\/www.socilink.com\/en\/wp-json\/wp\/v2\/product"}],"about":[{"href":"https:\/\/www.socilink.com\/en\/wp-json\/wp\/v2\/types\/product"}],"replies":[{"embeddable":true,"href":"https:\/\/www.socilink.com\/en\/wp-json\/wp\/v2\/comments?post=67117"}],"wp:featuredmedia":[{"embeddable":true,"href":"https:\/\/www.socilink.com\/en\/wp-json\/wp\/v2\/media\/66964"}],"wp:attachment":[{"href":"https:\/\/www.socilink.com\/en\/wp-json\/wp\/v2\/media?parent=67117"}],"wp:term":[{"taxonomy":"socilink_saboresdomundo_tag","embeddable":true,"href":"https:\/\/www.socilink.com\/en\/wp-json\/wp\/v2\/socilink_saboresdomundo_tag?post=67117"},{"taxonomy":"product_brand","embeddable":true,"href":"https:\/\/www.socilink.com\/en\/wp-json\/wp\/v2\/product_brand?post=67117"},{"taxonomy":"product_cat","embeddable":true,"href":"https:\/\/www.socilink.com\/en\/wp-json\/wp\/v2\/product_cat?post=67117"},{"taxonomy":"product_tag","embeddable":true,"href":"https:\/\/www.socilink.com\/en\/wp-json\/wp\/v2\/product_tag?post=67117"}],"curies":[{"name":"wp","href":"https:\/\/api.w.org\/{rel}","templated":true}]}}