{"id":67130,"date":"2026-02-26T23:48:06","date_gmt":"2026-02-26T23:48:06","guid":{"rendered":"https:\/\/www.socilink.com\/products\/torrecaza-venison-pate-with-pedro-ximenez-wine-110g\/"},"modified":"2026-02-26T23:48:29","modified_gmt":"2026-02-26T23:48:29","slug":"torrecaza-venison-pate-with-pedro-ximenez-wine-110g","status":"publish","type":"product","link":"https:\/\/www.socilink.com\/en\/products\/torrecaza-venison-pate-with-pedro-ximenez-wine-110g\/","title":{"rendered":"Torrecaza Venison Pate with Pedro Xim\u00e9nez Wine 110g"},"content":{"rendered":"<h4>Product Description<\/h4>\n<p>Gourmet product made with selected Venison game meat. Venison p\u00e2t\u00e9 made with 100% natural Venison game meat from Torrecaza.<\/p>\n<p>This p\u00e2t\u00e9 is recommended to enjoy simply on a homemade bread, or toast once it has a very soft and flavorful texture.<\/p>\n<h4>Ingredients:<\/h4>\n<p>Venison stew (30.6%) (cooking water and venison (38%)), pork liver, pork bacon, fried onion (onion, olive oil and salt), cultivated mushrooms (Pleurotus ostreatus), sugars, skimmed MILK powder, Pedro Xim\u00e9nez wine (1.7%), extra virgin olive oil (1.4%), salt, pea fibre, EGG powder, garlic, corn starch, flavours, spices and aromatic plants.<\/p>\n<h4>Allergens:<\/h4>\n<p>See ingredients in UPPERCASE.<\/p>\n<h4>Storage:<\/h4>\n<p>Store in a cool, dry place. Once opened, keep refrigerated between 0\u00ba and 5\u00baC and consume within 5 days.<\/p>\n<h4>Country of Origin:<\/h4>\n<p>Spain<\/p>\n<h4>Nutritional information:<\/h4>\n<table>\n<tr>\n<th>Nutrition Declaration (Typical Values):<\/th>\n<th>Per 100g<\/th>\n<\/tr>\n<tr>\n<td>Energy<\/td>\n<td>817kJ<br \/>197kcal<\/td>\n<\/tr>\n<tr>\n<td>Fat<br \/>of wich saturates<\/td>\n<td>15,1g<br \/>5,1g<\/td>\n<\/tr>\n<tr>\n<td>Carbohydrate<br \/>of which sugars<\/td>\n<td>4,5g<br \/>2,8g<\/td>\n<\/tr>\n<tr>\n<td>Protein<\/td>\n<td>9,9g<\/td>\n<\/tr>\n<tr>\n<td>Salt<\/td>\n<td>2,71g<\/td>\n<\/tr>\n<\/table>\n<h4>Veterinary Registration:<\/h4>\n<p>ES 26.018079\/J CE<\/p>\n<h4>Distributed by:<\/h4>\n<p>Socilink Lda<br \/>\nRua Quinta dos \u00c1lamos n.\u00ba 3, 2625-577 Vialonga, PORTUGAL<\/p>\n<h4>Notice about our product information:<\/h4>\n<p>Always confirm the information on the article label. Food products are subject to constant change, for this reason, we recommend that you always read the labeling information that accompanies each product, including the nutritional information, ingredient list, storage, preparation and use instructions as well as other information before use or consumption.<\/p>\n","protected":false},"excerpt":{"rendered":"<p>Gourmet product made with selected Venison game meat and Pedro Xim\u00e9nez wine. Venison p\u00e2t\u00e9 made with 100% natural Venison game meat from Torrecaza.<\/p>\n","protected":false},"featured_media":67058,"comment_status":"closed","ping_status":"closed","template":"","meta":{"_acf_changed":false,"_lmt_disableupdate":"","_lmt_disable":"","ep_exclude_from_search":false},"socilink_saboresdomundo_tag":[2780,2785],"product_brand":[9366,9365],"product_cat":[2711,2589,2595],"product_tag":[],"class_list":{"0":"post-67130","1":"product","2":"type-product","3":"status-publish","4":"has-post-thumbnail","6":"socilink_saboresdomundo_tag-europe","7":"socilink_saboresdomundo_tag-spain","8":"product_brand-game-preserves","9":"product_brand-torrecaza-en","10":"product_cat-all-products","11":"product_cat-meat-preservers-charcuterie","12":"product_cat-mousses-pates-rilletes-and-terrines","14":"first","15":"instock","16":"product-type-simple"},"acf":[],"yoast_head":"<!-- This site is optimized with the Yoast SEO plugin v27.3 - https:\/\/yoast.com\/product\/yoast-seo-wordpress\/ -->\n<title>Torrecaza Venison Pate with Pedro Xim\u00e9nez Wine 110g<\/title>\n<meta name=\"description\" content=\"Gourmet product made with selected Venison game meat and Pedro Xim\u00e9nez wine. Venison p\u00e2t\u00e9 made with 100% natural Venison game meat from Torrecaza.\" \/>\n<meta name=\"robots\" content=\"index, follow, max-snippet:-1, max-image-preview:large, max-video-preview:-1\" \/>\n<link rel=\"canonical\" href=\"https:\/\/www.socilink.com\/en\/products\/torrecaza-venison-pate-with-pedro-ximenez-wine-110g\/\" \/>\n<meta property=\"og:locale\" content=\"en_US\" \/>\n<meta property=\"og:type\" content=\"article\" \/>\n<meta property=\"og:title\" content=\"Torrecaza Venison Pate with Pedro Xim\u00e9nez Wine 110g\" \/>\n<meta property=\"og:description\" content=\"Gourmet product made with selected Venison game meat and Pedro Xim\u00e9nez wine. Venison p\u00e2t\u00e9 made with 100% natural Venison game meat from Torrecaza.\" \/>\n<meta property=\"og:url\" content=\"https:\/\/www.socilink.com\/en\/products\/torrecaza-venison-pate-with-pedro-ximenez-wine-110g\/\" \/>\n<meta property=\"og:site_name\" content=\"Socilink\" \/>\n<meta property=\"article:publisher\" content=\"https:\/\/www.facebook.com\/socilink\/\" \/>\n<meta property=\"article:modified_time\" content=\"2026-02-26T23:48:29+00:00\" \/>\n<meta property=\"og:image\" content=\"https:\/\/www.socilink.com\/wp-content\/uploads\/2024\/03\/s14306-pate-de-veado-com-vinho-pedro-ximenez-torrecaza-110g.jpg\" \/>\n\t<meta property=\"og:image:width\" content=\"800\" \/>\n\t<meta property=\"og:image:height\" content=\"800\" \/>\n\t<meta property=\"og:image:type\" content=\"image\/jpeg\" \/>\n<meta name=\"twitter:card\" content=\"summary_large_image\" \/>\n<meta name=\"twitter:title\" content=\"Torrecaza Venison Pate with Pedro Xim\u00e9nez Wine 110g\" \/>\n<meta name=\"twitter:label1\" content=\"Est. reading time\" \/>\n\t<meta name=\"twitter:data1\" content=\"1 minute\" \/>\n<script type=\"application\/ld+json\" class=\"yoast-schema-graph\">{\"@context\":\"https:\\\/\\\/schema.org\",\"@graph\":[{\"@type\":\"WebPage\",\"@id\":\"https:\\\/\\\/www.socilink.com\\\/en\\\/products\\\/torrecaza-venison-pate-with-pedro-ximenez-wine-110g\\\/\",\"url\":\"https:\\\/\\\/www.socilink.com\\\/en\\\/products\\\/torrecaza-venison-pate-with-pedro-ximenez-wine-110g\\\/\",\"name\":\"Torrecaza Venison Pate with Pedro Xim\u00e9nez Wine 110g\",\"isPartOf\":{\"@id\":\"https:\\\/\\\/www.socilink.com\\\/en\\\/#website\"},\"primaryImageOfPage\":{\"@id\":\"https:\\\/\\\/www.socilink.com\\\/en\\\/products\\\/torrecaza-venison-pate-with-pedro-ximenez-wine-110g\\\/#primaryimage\"},\"image\":{\"@id\":\"https:\\\/\\\/www.socilink.com\\\/en\\\/products\\\/torrecaza-venison-pate-with-pedro-ximenez-wine-110g\\\/#primaryimage\"},\"thumbnailUrl\":\"https:\\\/\\\/www.socilink.com\\\/wp-content\\\/uploads\\\/2024\\\/03\\\/s14306-pate-de-veado-com-vinho-pedro-ximenez-torrecaza-110g.jpg\",\"datePublished\":\"2026-02-26T23:48:06+00:00\",\"dateModified\":\"2026-02-26T23:48:29+00:00\",\"description\":\"Gourmet product made with selected Venison game meat and Pedro Xim\u00e9nez wine. Venison p\u00e2t\u00e9 made with 100% natural Venison game meat from Torrecaza.\",\"breadcrumb\":{\"@id\":\"https:\\\/\\\/www.socilink.com\\\/en\\\/products\\\/torrecaza-venison-pate-with-pedro-ximenez-wine-110g\\\/#breadcrumb\"},\"inLanguage\":\"en-US\",\"potentialAction\":[{\"@type\":\"ReadAction\",\"target\":[\"https:\\\/\\\/www.socilink.com\\\/en\\\/products\\\/torrecaza-venison-pate-with-pedro-ximenez-wine-110g\\\/\"]}]},{\"@type\":\"ImageObject\",\"inLanguage\":\"en-US\",\"@id\":\"https:\\\/\\\/www.socilink.com\\\/en\\\/products\\\/torrecaza-venison-pate-with-pedro-ximenez-wine-110g\\\/#primaryimage\",\"url\":\"https:\\\/\\\/www.socilink.com\\\/wp-content\\\/uploads\\\/2024\\\/03\\\/s14306-pate-de-veado-com-vinho-pedro-ximenez-torrecaza-110g.jpg\",\"contentUrl\":\"https:\\\/\\\/www.socilink.com\\\/wp-content\\\/uploads\\\/2024\\\/03\\\/s14306-pate-de-veado-com-vinho-pedro-ximenez-torrecaza-110g.jpg\",\"width\":800,\"height\":800,\"caption\":\"Torrecaza Venison Pate with Pedro Xim\u00e9nez Wine 110g\"},{\"@type\":\"BreadcrumbList\",\"@id\":\"https:\\\/\\\/www.socilink.com\\\/en\\\/products\\\/torrecaza-venison-pate-with-pedro-ximenez-wine-110g\\\/#breadcrumb\",\"itemListElement\":[{\"@type\":\"ListItem\",\"position\":1,\"name\":\"In\u00edcio\",\"item\":\"https:\\\/\\\/www.socilink.com\\\/en\\\/\"},{\"@type\":\"ListItem\",\"position\":2,\"name\":\"Products\",\"item\":\"https:\\\/\\\/www.socilink.com\\\/en\\\/products\\\/\"},{\"@type\":\"ListItem\",\"position\":3,\"name\":\"Torrecaza Venison Pate with Pedro Xim\u00e9nez Wine 110g\"}]},{\"@type\":\"WebSite\",\"@id\":\"https:\\\/\\\/www.socilink.com\\\/en\\\/#website\",\"url\":\"https:\\\/\\\/www.socilink.com\\\/en\\\/\",\"name\":\"Socilink\",\"description\":\"Mundo de Sabores\",\"publisher\":{\"@id\":\"https:\\\/\\\/www.socilink.com\\\/en\\\/#organization\"},\"potentialAction\":[{\"@type\":\"SearchAction\",\"target\":{\"@type\":\"EntryPoint\",\"urlTemplate\":\"https:\\\/\\\/www.socilink.com\\\/en\\\/?s={search_term_string}\"},\"query-input\":{\"@type\":\"PropertyValueSpecification\",\"valueRequired\":true,\"valueName\":\"search_term_string\"}}],\"inLanguage\":\"en-US\"},{\"@type\":\"Organization\",\"@id\":\"https:\\\/\\\/www.socilink.com\\\/en\\\/#organization\",\"name\":\"Socilink\",\"url\":\"https:\\\/\\\/www.socilink.com\\\/en\\\/\",\"logo\":{\"@type\":\"ImageObject\",\"inLanguage\":\"en-US\",\"@id\":\"https:\\\/\\\/www.socilink.com\\\/en\\\/#\\\/schema\\\/logo\\\/image\\\/\",\"url\":\"https:\\\/\\\/www.socilink.com\\\/wp-content\\\/uploads\\\/2019\\\/10\\\/Socilink.svg\",\"contentUrl\":\"https:\\\/\\\/www.socilink.com\\\/wp-content\\\/uploads\\\/2019\\\/10\\\/Socilink.svg\",\"width\":1,\"height\":1,\"caption\":\"Socilink\"},\"image\":{\"@id\":\"https:\\\/\\\/www.socilink.com\\\/en\\\/#\\\/schema\\\/logo\\\/image\\\/\"},\"sameAs\":[\"https:\\\/\\\/www.facebook.com\\\/socilink\\\/\",\"https:\\\/\\\/www.instagram.com\\\/socilink_mundo_de_sabores\\\/\",\"https:\\\/\\\/www.linkedin.com\\\/company\\\/socilink\",\"https:\\\/\\\/www.pinterest.pt\\\/socilink\\\/\"]}]}<\/script>\n<!-- \/ Yoast SEO plugin. -->","yoast_head_json":{"title":"Torrecaza Venison Pate with Pedro Xim\u00e9nez Wine 110g","description":"Gourmet product made with selected Venison game meat and Pedro Xim\u00e9nez wine. Venison p\u00e2t\u00e9 made with 100% natural Venison game meat from Torrecaza.","robots":{"index":"index","follow":"follow","max-snippet":"max-snippet:-1","max-image-preview":"max-image-preview:large","max-video-preview":"max-video-preview:-1"},"canonical":"https:\/\/www.socilink.com\/en\/products\/torrecaza-venison-pate-with-pedro-ximenez-wine-110g\/","og_locale":"en_US","og_type":"article","og_title":"Torrecaza Venison Pate with Pedro Xim\u00e9nez Wine 110g","og_description":"Gourmet product made with selected Venison game meat and Pedro Xim\u00e9nez wine. Venison p\u00e2t\u00e9 made with 100% natural Venison game meat from Torrecaza.","og_url":"https:\/\/www.socilink.com\/en\/products\/torrecaza-venison-pate-with-pedro-ximenez-wine-110g\/","og_site_name":"Socilink","article_publisher":"https:\/\/www.facebook.com\/socilink\/","article_modified_time":"2026-02-26T23:48:29+00:00","og_image":[{"width":800,"height":800,"url":"https:\/\/www.socilink.com\/wp-content\/uploads\/2024\/03\/s14306-pate-de-veado-com-vinho-pedro-ximenez-torrecaza-110g.jpg","type":"image\/jpeg"}],"twitter_card":"summary_large_image","twitter_title":"Torrecaza Venison Pate with Pedro Xim\u00e9nez Wine 110g","twitter_misc":{"Est. reading time":"1 minute"},"schema":{"@context":"https:\/\/schema.org","@graph":[{"@type":"WebPage","@id":"https:\/\/www.socilink.com\/en\/products\/torrecaza-venison-pate-with-pedro-ximenez-wine-110g\/","url":"https:\/\/www.socilink.com\/en\/products\/torrecaza-venison-pate-with-pedro-ximenez-wine-110g\/","name":"Torrecaza Venison Pate with Pedro Xim\u00e9nez Wine 110g","isPartOf":{"@id":"https:\/\/www.socilink.com\/en\/#website"},"primaryImageOfPage":{"@id":"https:\/\/www.socilink.com\/en\/products\/torrecaza-venison-pate-with-pedro-ximenez-wine-110g\/#primaryimage"},"image":{"@id":"https:\/\/www.socilink.com\/en\/products\/torrecaza-venison-pate-with-pedro-ximenez-wine-110g\/#primaryimage"},"thumbnailUrl":"https:\/\/www.socilink.com\/wp-content\/uploads\/2024\/03\/s14306-pate-de-veado-com-vinho-pedro-ximenez-torrecaza-110g.jpg","datePublished":"2026-02-26T23:48:06+00:00","dateModified":"2026-02-26T23:48:29+00:00","description":"Gourmet product made with selected Venison game meat and Pedro Xim\u00e9nez wine. Venison p\u00e2t\u00e9 made with 100% natural Venison game meat from Torrecaza.","breadcrumb":{"@id":"https:\/\/www.socilink.com\/en\/products\/torrecaza-venison-pate-with-pedro-ximenez-wine-110g\/#breadcrumb"},"inLanguage":"en-US","potentialAction":[{"@type":"ReadAction","target":["https:\/\/www.socilink.com\/en\/products\/torrecaza-venison-pate-with-pedro-ximenez-wine-110g\/"]}]},{"@type":"ImageObject","inLanguage":"en-US","@id":"https:\/\/www.socilink.com\/en\/products\/torrecaza-venison-pate-with-pedro-ximenez-wine-110g\/#primaryimage","url":"https:\/\/www.socilink.com\/wp-content\/uploads\/2024\/03\/s14306-pate-de-veado-com-vinho-pedro-ximenez-torrecaza-110g.jpg","contentUrl":"https:\/\/www.socilink.com\/wp-content\/uploads\/2024\/03\/s14306-pate-de-veado-com-vinho-pedro-ximenez-torrecaza-110g.jpg","width":800,"height":800,"caption":"Torrecaza Venison Pate with Pedro Xim\u00e9nez Wine 110g"},{"@type":"BreadcrumbList","@id":"https:\/\/www.socilink.com\/en\/products\/torrecaza-venison-pate-with-pedro-ximenez-wine-110g\/#breadcrumb","itemListElement":[{"@type":"ListItem","position":1,"name":"In\u00edcio","item":"https:\/\/www.socilink.com\/en\/"},{"@type":"ListItem","position":2,"name":"Products","item":"https:\/\/www.socilink.com\/en\/products\/"},{"@type":"ListItem","position":3,"name":"Torrecaza Venison Pate with Pedro Xim\u00e9nez Wine 110g"}]},{"@type":"WebSite","@id":"https:\/\/www.socilink.com\/en\/#website","url":"https:\/\/www.socilink.com\/en\/","name":"Socilink","description":"Mundo de Sabores","publisher":{"@id":"https:\/\/www.socilink.com\/en\/#organization"},"potentialAction":[{"@type":"SearchAction","target":{"@type":"EntryPoint","urlTemplate":"https:\/\/www.socilink.com\/en\/?s={search_term_string}"},"query-input":{"@type":"PropertyValueSpecification","valueRequired":true,"valueName":"search_term_string"}}],"inLanguage":"en-US"},{"@type":"Organization","@id":"https:\/\/www.socilink.com\/en\/#organization","name":"Socilink","url":"https:\/\/www.socilink.com\/en\/","logo":{"@type":"ImageObject","inLanguage":"en-US","@id":"https:\/\/www.socilink.com\/en\/#\/schema\/logo\/image\/","url":"https:\/\/www.socilink.com\/wp-content\/uploads\/2019\/10\/Socilink.svg","contentUrl":"https:\/\/www.socilink.com\/wp-content\/uploads\/2019\/10\/Socilink.svg","width":1,"height":1,"caption":"Socilink"},"image":{"@id":"https:\/\/www.socilink.com\/en\/#\/schema\/logo\/image\/"},"sameAs":["https:\/\/www.facebook.com\/socilink\/","https:\/\/www.instagram.com\/socilink_mundo_de_sabores\/","https:\/\/www.linkedin.com\/company\/socilink","https:\/\/www.pinterest.pt\/socilink\/"]}]}},"_links":{"self":[{"href":"https:\/\/www.socilink.com\/en\/wp-json\/wp\/v2\/product\/67130","targetHints":{"allow":["GET"]}}],"collection":[{"href":"https:\/\/www.socilink.com\/en\/wp-json\/wp\/v2\/product"}],"about":[{"href":"https:\/\/www.socilink.com\/en\/wp-json\/wp\/v2\/types\/product"}],"replies":[{"embeddable":true,"href":"https:\/\/www.socilink.com\/en\/wp-json\/wp\/v2\/comments?post=67130"}],"wp:featuredmedia":[{"embeddable":true,"href":"https:\/\/www.socilink.com\/en\/wp-json\/wp\/v2\/media\/67058"}],"wp:attachment":[{"href":"https:\/\/www.socilink.com\/en\/wp-json\/wp\/v2\/media?parent=67130"}],"wp:term":[{"taxonomy":"socilink_saboresdomundo_tag","embeddable":true,"href":"https:\/\/www.socilink.com\/en\/wp-json\/wp\/v2\/socilink_saboresdomundo_tag?post=67130"},{"taxonomy":"product_brand","embeddable":true,"href":"https:\/\/www.socilink.com\/en\/wp-json\/wp\/v2\/product_brand?post=67130"},{"taxonomy":"product_cat","embeddable":true,"href":"https:\/\/www.socilink.com\/en\/wp-json\/wp\/v2\/product_cat?post=67130"},{"taxonomy":"product_tag","embeddable":true,"href":"https:\/\/www.socilink.com\/en\/wp-json\/wp\/v2\/product_tag?post=67130"}],"curies":[{"name":"wp","href":"https:\/\/api.w.org\/{rel}","templated":true}]}}