{"id":67999,"date":"2026-02-26T23:15:50","date_gmt":"2026-02-26T23:15:50","guid":{"rendered":"https:\/\/www.socilink.com\/products\/castaing-duck-pate-with-figs-67g\/"},"modified":"2026-02-26T23:16:10","modified_gmt":"2026-02-26T23:16:10","slug":"castaing-duck-pate-with-figs-67g","status":"publish","type":"product","link":"https:\/\/www.socilink.com\/en\/products\/castaing-duck-pate-with-figs-67g\/","title":{"rendered":"Castaing Duck p\u00e2t\u00e9 with figs 67g"},"content":{"rendered":"<h4>Product Description<\/h4>\n<p>Duck p\u00e2t\u00e9 with figs is rich in duck meat. This pat\u00e9 has the luxury of pairing with the sweet and pronounced flavor of the figs. A daring and successful combination!<\/p>\n<p>CASTAING works in close collaboration with traditional local farms where breeders put their experience at the service of quality and comply exclusively with the qualitative requirements of the Label Rouge specifications. This label certifies that the ducks&#8217; growth period is respected (minimum 102 days), that they are reared outdoors in large open spaces surrounded by trees, and that they are fed 100% natural grain corn. Thanks to the total control of the production chain, they can guarantee the traceability and origin of all their products.<\/p>\n<p>Maison CASTAING selects and prepares its foies gras by hand to offer premium quality. CASTAING offers its traditional family recipes in modern and elegant packaging.<\/p>\n<h4>Ingredients:<\/h4>\n<p>Pork fat (origin: France), duck meat 20% (origin: France), dried figs 9%, poultry liver, EGGS, shallots, pork gelatine, Porto (SULPHITES), garlic, salt, starch, basil, pepper, Espelette chilli pepper, thyme.<\/p>\n<h4>Allergens:<\/h4>\n<p>See ingredients in UPPERCASE.<\/p>\n<h4>Storage:<\/h4>\n<p>Keep in a cool, dry place.<\/p>\n<h4>Usage Suggestions:<\/h4>\n<p>Enjoy this very fresh duck pat\u00e9, on thin slices of toasted bread, accompanied by a glass of chilled white Floc de Gascogne.<\/p>\n<h4>Country of Origin:<\/h4>\n<p>France<\/p>\n<h4>Nutritional information:<\/h4>\n<table>\n<tr>\n<th>Nutrition Declaration (Typical Values):<\/th>\n<th>Per 100g<\/th>\n<\/tr>\n<tr>\n<td>Energy<\/td>\n<td>1660kJ<br \/>397kcal<\/td>\n<\/tr>\n<tr>\n<td>Fat<br \/>of wich saturates<\/td>\n<td>35g<br \/>12g<\/td>\n<\/tr>\n<tr>\n<td>Carbohydrate<br \/>of which sugars<\/td>\n<td>7,5g<br \/>5,2g<\/td>\n<\/tr>\n<tr>\n<td>Protein<\/td>\n<td>12g<\/td>\n<\/tr>\n<tr>\n<td>Salt<\/td>\n<td>1,2g<\/td>\n<\/tr>\n<\/table>\n<h4>Veterinary Registration:<\/h4>\n<p>FR 40.282.002 CE<\/p>\n<h4>Distributed by:<\/h4>\n<p>Socilink Lda<br \/>\nRua Quinta dos \u00c1lamos n.\u00ba 3, 2625-577 Vialonga, PORTUGAL<\/p>\n<h4>Notice about our product information:<\/h4>\n<p>Always confirm the information on the article label. Food products are subject to constant change, for this reason, we recommend that you always read the labeling information that accompanies each product, including the nutritional information, ingredient list, storage, preparation and use instructions as well as other information before use or consumption.<\/p>\n","protected":false},"excerpt":{"rendered":"<p>Rich in duck meat, this pat\u00e9 has the luxury of pairing with the sweet and pronounced flavor of the figs. A daring and successful combination!<\/p>\n","protected":false},"featured_media":68055,"comment_status":"closed","ping_status":"closed","template":"","meta":{"_acf_changed":false,"_lmt_disableupdate":"","_lmt_disable":"","ep_exclude_from_search":false},"socilink_saboresdomundo_tag":[2780,2787],"product_brand":[9429,9432],"product_cat":[2711,2589,2595],"product_tag":[],"class_list":{"0":"post-67999","1":"product","2":"type-product","3":"status-publish","4":"has-post-thumbnail","6":"socilink_saboresdomundo_tag-europe","7":"socilink_saboresdomundo_tag-france","8":"product_brand-castaing-en","9":"product_brand-pates-terrines-rillettes","10":"product_cat-all-products","11":"product_cat-meat-preservers-charcuterie","12":"product_cat-mousses-pates-rilletes-and-terrines","14":"first","15":"instock","16":"product-type-simple"},"acf":[],"yoast_head":"<!-- This site is optimized with the Yoast SEO plugin v27.3 - https:\/\/yoast.com\/product\/yoast-seo-wordpress\/ -->\n<title>Castaing Duck p\u00e2t\u00e9 with figs 67g<\/title>\n<meta name=\"description\" content=\"Rich in duck meat, this pat\u00e9 has the luxury of pairing with the sweet and pronounced flavor of the figs. A daring and successful combination!\" \/>\n<meta name=\"robots\" content=\"index, follow, max-snippet:-1, max-image-preview:large, max-video-preview:-1\" \/>\n<link rel=\"canonical\" href=\"https:\/\/www.socilink.com\/en\/products\/castaing-duck-pate-with-figs-67g\/\" \/>\n<meta property=\"og:locale\" content=\"en_US\" \/>\n<meta property=\"og:type\" content=\"article\" \/>\n<meta property=\"og:title\" content=\"Castaing Duck p\u00e2t\u00e9 with figs 67g\" \/>\n<meta property=\"og:description\" content=\"Rich in duck meat, this pat\u00e9 has the luxury of pairing with the sweet and pronounced flavor of the figs. A daring and successful combination!\" \/>\n<meta property=\"og:url\" content=\"https:\/\/www.socilink.com\/en\/products\/castaing-duck-pate-with-figs-67g\/\" \/>\n<meta property=\"og:site_name\" content=\"Socilink\" \/>\n<meta property=\"article:publisher\" content=\"https:\/\/www.facebook.com\/socilink\/\" \/>\n<meta property=\"article:modified_time\" content=\"2026-02-26T23:16:10+00:00\" \/>\n<meta property=\"og:image\" content=\"https:\/\/www.socilink.com\/wp-content\/uploads\/2024\/05\/s14346-pate-de-pato-com-figos-castaing-67g.jpg\" \/>\n\t<meta property=\"og:image:width\" content=\"800\" \/>\n\t<meta property=\"og:image:height\" content=\"800\" \/>\n\t<meta property=\"og:image:type\" content=\"image\/jpeg\" \/>\n<meta name=\"twitter:card\" content=\"summary_large_image\" \/>\n<meta name=\"twitter:title\" content=\"Castaing Duck p\u00e2t\u00e9 with figs 67g\" \/>\n<meta name=\"twitter:label1\" content=\"Est. reading time\" \/>\n\t<meta name=\"twitter:data1\" content=\"1 minute\" \/>\n<script type=\"application\/ld+json\" class=\"yoast-schema-graph\">{\"@context\":\"https:\\\/\\\/schema.org\",\"@graph\":[{\"@type\":\"WebPage\",\"@id\":\"https:\\\/\\\/www.socilink.com\\\/en\\\/products\\\/castaing-duck-pate-with-figs-67g\\\/\",\"url\":\"https:\\\/\\\/www.socilink.com\\\/en\\\/products\\\/castaing-duck-pate-with-figs-67g\\\/\",\"name\":\"Castaing Duck p\u00e2t\u00e9 with figs 67g\",\"isPartOf\":{\"@id\":\"https:\\\/\\\/www.socilink.com\\\/en\\\/#website\"},\"primaryImageOfPage\":{\"@id\":\"https:\\\/\\\/www.socilink.com\\\/en\\\/products\\\/castaing-duck-pate-with-figs-67g\\\/#primaryimage\"},\"image\":{\"@id\":\"https:\\\/\\\/www.socilink.com\\\/en\\\/products\\\/castaing-duck-pate-with-figs-67g\\\/#primaryimage\"},\"thumbnailUrl\":\"https:\\\/\\\/www.socilink.com\\\/wp-content\\\/uploads\\\/2024\\\/05\\\/s14346-pate-de-pato-com-figos-castaing-67g.jpg\",\"datePublished\":\"2026-02-26T23:15:50+00:00\",\"dateModified\":\"2026-02-26T23:16:10+00:00\",\"description\":\"Rich in duck meat, this pat\u00e9 has the luxury of pairing with the sweet and pronounced flavor of the figs. A daring and successful combination!\",\"breadcrumb\":{\"@id\":\"https:\\\/\\\/www.socilink.com\\\/en\\\/products\\\/castaing-duck-pate-with-figs-67g\\\/#breadcrumb\"},\"inLanguage\":\"en-US\",\"potentialAction\":[{\"@type\":\"ReadAction\",\"target\":[\"https:\\\/\\\/www.socilink.com\\\/en\\\/products\\\/castaing-duck-pate-with-figs-67g\\\/\"]}]},{\"@type\":\"ImageObject\",\"inLanguage\":\"en-US\",\"@id\":\"https:\\\/\\\/www.socilink.com\\\/en\\\/products\\\/castaing-duck-pate-with-figs-67g\\\/#primaryimage\",\"url\":\"https:\\\/\\\/www.socilink.com\\\/wp-content\\\/uploads\\\/2024\\\/05\\\/s14346-pate-de-pato-com-figos-castaing-67g.jpg\",\"contentUrl\":\"https:\\\/\\\/www.socilink.com\\\/wp-content\\\/uploads\\\/2024\\\/05\\\/s14346-pate-de-pato-com-figos-castaing-67g.jpg\",\"width\":800,\"height\":800,\"caption\":\"Castaing Duck p\u00e2t\u00e9 with figs 67g\"},{\"@type\":\"BreadcrumbList\",\"@id\":\"https:\\\/\\\/www.socilink.com\\\/en\\\/products\\\/castaing-duck-pate-with-figs-67g\\\/#breadcrumb\",\"itemListElement\":[{\"@type\":\"ListItem\",\"position\":1,\"name\":\"In\u00edcio\",\"item\":\"https:\\\/\\\/www.socilink.com\\\/en\\\/\"},{\"@type\":\"ListItem\",\"position\":2,\"name\":\"Products\",\"item\":\"https:\\\/\\\/www.socilink.com\\\/en\\\/products\\\/\"},{\"@type\":\"ListItem\",\"position\":3,\"name\":\"Castaing Duck p\u00e2t\u00e9 with figs 67g\"}]},{\"@type\":\"WebSite\",\"@id\":\"https:\\\/\\\/www.socilink.com\\\/en\\\/#website\",\"url\":\"https:\\\/\\\/www.socilink.com\\\/en\\\/\",\"name\":\"Socilink\",\"description\":\"Mundo de Sabores\",\"publisher\":{\"@id\":\"https:\\\/\\\/www.socilink.com\\\/en\\\/#organization\"},\"potentialAction\":[{\"@type\":\"SearchAction\",\"target\":{\"@type\":\"EntryPoint\",\"urlTemplate\":\"https:\\\/\\\/www.socilink.com\\\/en\\\/?s={search_term_string}\"},\"query-input\":{\"@type\":\"PropertyValueSpecification\",\"valueRequired\":true,\"valueName\":\"search_term_string\"}}],\"inLanguage\":\"en-US\"},{\"@type\":\"Organization\",\"@id\":\"https:\\\/\\\/www.socilink.com\\\/en\\\/#organization\",\"name\":\"Socilink\",\"url\":\"https:\\\/\\\/www.socilink.com\\\/en\\\/\",\"logo\":{\"@type\":\"ImageObject\",\"inLanguage\":\"en-US\",\"@id\":\"https:\\\/\\\/www.socilink.com\\\/en\\\/#\\\/schema\\\/logo\\\/image\\\/\",\"url\":\"https:\\\/\\\/www.socilink.com\\\/wp-content\\\/uploads\\\/2019\\\/10\\\/Socilink.svg\",\"contentUrl\":\"https:\\\/\\\/www.socilink.com\\\/wp-content\\\/uploads\\\/2019\\\/10\\\/Socilink.svg\",\"width\":1,\"height\":1,\"caption\":\"Socilink\"},\"image\":{\"@id\":\"https:\\\/\\\/www.socilink.com\\\/en\\\/#\\\/schema\\\/logo\\\/image\\\/\"},\"sameAs\":[\"https:\\\/\\\/www.facebook.com\\\/socilink\\\/\",\"https:\\\/\\\/www.instagram.com\\\/socilink_mundo_de_sabores\\\/\",\"https:\\\/\\\/www.linkedin.com\\\/company\\\/socilink\",\"https:\\\/\\\/www.pinterest.pt\\\/socilink\\\/\"]}]}<\/script>\n<!-- \/ Yoast SEO plugin. -->","yoast_head_json":{"title":"Castaing Duck p\u00e2t\u00e9 with figs 67g","description":"Rich in duck meat, this pat\u00e9 has the luxury of pairing with the sweet and pronounced flavor of the figs. A daring and successful combination!","robots":{"index":"index","follow":"follow","max-snippet":"max-snippet:-1","max-image-preview":"max-image-preview:large","max-video-preview":"max-video-preview:-1"},"canonical":"https:\/\/www.socilink.com\/en\/products\/castaing-duck-pate-with-figs-67g\/","og_locale":"en_US","og_type":"article","og_title":"Castaing Duck p\u00e2t\u00e9 with figs 67g","og_description":"Rich in duck meat, this pat\u00e9 has the luxury of pairing with the sweet and pronounced flavor of the figs. A daring and successful combination!","og_url":"https:\/\/www.socilink.com\/en\/products\/castaing-duck-pate-with-figs-67g\/","og_site_name":"Socilink","article_publisher":"https:\/\/www.facebook.com\/socilink\/","article_modified_time":"2026-02-26T23:16:10+00:00","og_image":[{"width":800,"height":800,"url":"https:\/\/www.socilink.com\/wp-content\/uploads\/2024\/05\/s14346-pate-de-pato-com-figos-castaing-67g.jpg","type":"image\/jpeg"}],"twitter_card":"summary_large_image","twitter_title":"Castaing Duck p\u00e2t\u00e9 with figs 67g","twitter_misc":{"Est. reading time":"1 minute"},"schema":{"@context":"https:\/\/schema.org","@graph":[{"@type":"WebPage","@id":"https:\/\/www.socilink.com\/en\/products\/castaing-duck-pate-with-figs-67g\/","url":"https:\/\/www.socilink.com\/en\/products\/castaing-duck-pate-with-figs-67g\/","name":"Castaing Duck p\u00e2t\u00e9 with figs 67g","isPartOf":{"@id":"https:\/\/www.socilink.com\/en\/#website"},"primaryImageOfPage":{"@id":"https:\/\/www.socilink.com\/en\/products\/castaing-duck-pate-with-figs-67g\/#primaryimage"},"image":{"@id":"https:\/\/www.socilink.com\/en\/products\/castaing-duck-pate-with-figs-67g\/#primaryimage"},"thumbnailUrl":"https:\/\/www.socilink.com\/wp-content\/uploads\/2024\/05\/s14346-pate-de-pato-com-figos-castaing-67g.jpg","datePublished":"2026-02-26T23:15:50+00:00","dateModified":"2026-02-26T23:16:10+00:00","description":"Rich in duck meat, this pat\u00e9 has the luxury of pairing with the sweet and pronounced flavor of the figs. A daring and successful combination!","breadcrumb":{"@id":"https:\/\/www.socilink.com\/en\/products\/castaing-duck-pate-with-figs-67g\/#breadcrumb"},"inLanguage":"en-US","potentialAction":[{"@type":"ReadAction","target":["https:\/\/www.socilink.com\/en\/products\/castaing-duck-pate-with-figs-67g\/"]}]},{"@type":"ImageObject","inLanguage":"en-US","@id":"https:\/\/www.socilink.com\/en\/products\/castaing-duck-pate-with-figs-67g\/#primaryimage","url":"https:\/\/www.socilink.com\/wp-content\/uploads\/2024\/05\/s14346-pate-de-pato-com-figos-castaing-67g.jpg","contentUrl":"https:\/\/www.socilink.com\/wp-content\/uploads\/2024\/05\/s14346-pate-de-pato-com-figos-castaing-67g.jpg","width":800,"height":800,"caption":"Castaing Duck p\u00e2t\u00e9 with figs 67g"},{"@type":"BreadcrumbList","@id":"https:\/\/www.socilink.com\/en\/products\/castaing-duck-pate-with-figs-67g\/#breadcrumb","itemListElement":[{"@type":"ListItem","position":1,"name":"In\u00edcio","item":"https:\/\/www.socilink.com\/en\/"},{"@type":"ListItem","position":2,"name":"Products","item":"https:\/\/www.socilink.com\/en\/products\/"},{"@type":"ListItem","position":3,"name":"Castaing Duck p\u00e2t\u00e9 with figs 67g"}]},{"@type":"WebSite","@id":"https:\/\/www.socilink.com\/en\/#website","url":"https:\/\/www.socilink.com\/en\/","name":"Socilink","description":"Mundo de Sabores","publisher":{"@id":"https:\/\/www.socilink.com\/en\/#organization"},"potentialAction":[{"@type":"SearchAction","target":{"@type":"EntryPoint","urlTemplate":"https:\/\/www.socilink.com\/en\/?s={search_term_string}"},"query-input":{"@type":"PropertyValueSpecification","valueRequired":true,"valueName":"search_term_string"}}],"inLanguage":"en-US"},{"@type":"Organization","@id":"https:\/\/www.socilink.com\/en\/#organization","name":"Socilink","url":"https:\/\/www.socilink.com\/en\/","logo":{"@type":"ImageObject","inLanguage":"en-US","@id":"https:\/\/www.socilink.com\/en\/#\/schema\/logo\/image\/","url":"https:\/\/www.socilink.com\/wp-content\/uploads\/2019\/10\/Socilink.svg","contentUrl":"https:\/\/www.socilink.com\/wp-content\/uploads\/2019\/10\/Socilink.svg","width":1,"height":1,"caption":"Socilink"},"image":{"@id":"https:\/\/www.socilink.com\/en\/#\/schema\/logo\/image\/"},"sameAs":["https:\/\/www.facebook.com\/socilink\/","https:\/\/www.instagram.com\/socilink_mundo_de_sabores\/","https:\/\/www.linkedin.com\/company\/socilink","https:\/\/www.pinterest.pt\/socilink\/"]}]}},"_links":{"self":[{"href":"https:\/\/www.socilink.com\/en\/wp-json\/wp\/v2\/product\/67999","targetHints":{"allow":["GET"]}}],"collection":[{"href":"https:\/\/www.socilink.com\/en\/wp-json\/wp\/v2\/product"}],"about":[{"href":"https:\/\/www.socilink.com\/en\/wp-json\/wp\/v2\/types\/product"}],"replies":[{"embeddable":true,"href":"https:\/\/www.socilink.com\/en\/wp-json\/wp\/v2\/comments?post=67999"}],"wp:featuredmedia":[{"embeddable":true,"href":"https:\/\/www.socilink.com\/en\/wp-json\/wp\/v2\/media\/68055"}],"wp:attachment":[{"href":"https:\/\/www.socilink.com\/en\/wp-json\/wp\/v2\/media?parent=67999"}],"wp:term":[{"taxonomy":"socilink_saboresdomundo_tag","embeddable":true,"href":"https:\/\/www.socilink.com\/en\/wp-json\/wp\/v2\/socilink_saboresdomundo_tag?post=67999"},{"taxonomy":"product_brand","embeddable":true,"href":"https:\/\/www.socilink.com\/en\/wp-json\/wp\/v2\/product_brand?post=67999"},{"taxonomy":"product_cat","embeddable":true,"href":"https:\/\/www.socilink.com\/en\/wp-json\/wp\/v2\/product_cat?post=67999"},{"taxonomy":"product_tag","embeddable":true,"href":"https:\/\/www.socilink.com\/en\/wp-json\/wp\/v2\/product_tag?post=67999"}],"curies":[{"name":"wp","href":"https:\/\/api.w.org\/{rel}","templated":true}]}}