{"id":68955,"date":"2026-02-26T23:49:53","date_gmt":"2026-02-26T23:49:53","guid":{"rendered":"https:\/\/www.socilink.com\/products\/tartuflanghe-trifulot-assorted-sweet-truffles-70g\/"},"modified":"2026-02-26T23:50:17","modified_gmt":"2026-02-26T23:50:17","slug":"tartuflanghe-trifulot-assorted-sweet-truffles-70g","status":"publish","type":"product","link":"https:\/\/www.socilink.com\/en\/products\/tartuflanghe-trifulot-assorted-sweet-truffles-70g\/","title":{"rendered":"Tartuflanghe Triful\u00f2t assorted sweet truffles 70g"},"content":{"rendered":"<h4>Product Description<\/h4>\n<p>An elegant box of ten assorted chocolates, featuring five of our flavors: white and black sweet truffles, cappuccino, caramel and salt, and pistachio. A tour of pleasure in small moments of taste, suitable for every moment of the day, to savor and share.<\/p>\n<h4>Ingredients:<\/h4>\n<p>White Praline with Hazelnut &#8211; White chocolate (sugar, cocoa butter, powdered whole MILK, LACTOSE, emulsifier: SOY lecithin, natural vanilla flavour), Piedmont HAZELNUT 35%, sugar, wafer (WHEAT flour, sugar, anhydrous MILK fat, LACTOSE, MILK proteins, salt, malt extract (BARLEY), leavening agent: E500ii). Black Praline with Hazelnut &#8211; Couverture chocolate (sugar, cocoa mass, cocoa butter, emulsifier: SOY lecithin, natural vanilla flavor), Piedmont HAZELNUT 35%, sugar, powdered cocoa.  Cappuccino Praline (coffe praline) &#8211;  White chocolate (sugar, cocoa butter, powdered whole MILK, LACTOSE, emulsifier: SOY lecithin, natural vanilla flavor), ALMONDS, sugar, \u201c100% Arabica blend\u201d ground coffee 2%, cocoa grains. Caramel and Guerande Salt Praline &#8211; white chocolate (sugar, cocoa butter, powdered whole MILK, LACTOSE, emulsifier: SOY lecithin, natural vanilla flavour), ALMOND, sugar, couverture chocolate (sugar, cocoa mass, cocoa butter, emulsifier: SOY lecithin, natural vanilla flavour), crunchy caramel 6% (sugar, glucose syrup, reconstituted powdered whole MILK, Isigny fresh CREAM (CR\u00c8ME d\u2019Isigny PDO), Isigny salted BUTTER (BEURRE d\u2019Isigny PDO), salt from Gu\u00e9rande (Sel de Gu\u00e9rade IGP)  1,2%, emulsifier: rapeseed lecithin), salt from Gu\u00e9rande (Sel de Gu\u00e9rade IGP) 0,3%, flavor. Pistachio Praline &#8211; White chocolate (sugar, cocoa butter, powdered whole MILK, LACTOSE, emulsifier: SOY lecithin, natural vanilla flavor), PISTACHIOS 23%, sugar, wafer (WHEAT flour, sugar, anhydrous MILK fat, LACTOSE, MILK protein, salt, malt extracts (BARLEY), leavening agents: E500ii), salt from Gu\u00e9rande. <\/p>\n<h4>Allergens:<\/h4>\n<p>See ingredients in UPPERCASE. May contain other shell fruits, peanuts, milk, eggs and gluten.<\/p>\n<h4>Storage:<\/h4>\n<p>Keep in a cool dry place, between +4\u00b0C and +18\u00b0C.<\/p>\n<h4>Country of Origin:<\/h4>\n<p>Italy<\/p>\n<h4>Nutritional information:<\/h4>\n<table>\n<tr>\n<th>Nutrition Declaration (Typical Values):<\/th>\n<th>Per 100g<\/th>\n<\/tr>\n<tr>\n<td>Energy<\/td>\n<td>2353kJ<br \/>565kcal<\/td>\n<\/tr>\n<tr>\n<td>Fat<br \/>of wich saturates<\/td>\n<td>37g<br \/>15g<\/td>\n<\/tr>\n<tr>\n<td>Carbohydrate<br \/>of which sugars<\/td>\n<td>48g<br \/>42g<\/td>\n<\/tr>\n<tr>\n<td>Protein<\/td>\n<td>8,3g<\/td>\n<\/tr>\n<tr>\n<td>Salt<\/td>\n<td>0,24g<\/td>\n<\/tr>\n<\/table>\n<h4>Distributed by:<\/h4>\n<p>Socilink Lda<br \/>\nRua Quinta dos \u00c1lamos n.\u00ba 3, 2625-577 Vialonga, PORTUGAL<\/p>\n<h4>Notice about our product information:<\/h4>\n<p>Always confirm the information on the article label. Food products are subject to constant change, for this reason, we recommend that you always read the labeling information that accompanies each product, including the nutritional information, ingredient list, storage, preparation and use instructions as well as other information before use or consumption.<\/p>\n","protected":false},"excerpt":{"rendered":"<p>Ten assorted chocolates, featuring five of our flavors: white and black sweet truffles, cappuccino, caramel and salt, and pistachio.<\/p>\n","protected":false},"featured_media":68773,"comment_status":"closed","ping_status":"closed","template":"","meta":{"_acf_changed":false,"_lmt_disableupdate":"","_lmt_disable":"","ep_exclude_from_search":false},"socilink_saboresdomundo_tag":[2780,2790],"product_brand":[2493,2503],"product_cat":[2711,2608,2610,2601],"product_tag":[],"class_list":{"0":"post-68955","1":"product","2":"type-product","3":"status-publish","4":"has-post-thumbnail","6":"socilink_saboresdomundo_tag-europe","7":"socilink_saboresdomundo_tag-italy","8":"product_brand-tartuflanghe-en","9":"product_brand-trifulot-sweet-truffles","10":"product_cat-all-products","11":"product_cat-chocolate-en","12":"product_cat-confectionery","13":"product_cat-sweets-snacks","15":"first","16":"onbackorder","17":"product-type-simple"},"acf":[],"yoast_head":"<!-- This site is optimized with the Yoast SEO plugin v27.3 - https:\/\/yoast.com\/product\/yoast-seo-wordpress\/ -->\n<title>Tartuflanghe Triful\u00f2t assorted sweet truffles 70g<\/title>\n<meta name=\"description\" content=\"Ten assorted chocolates, featuring five of our flavors: white and black sweet truffles, cappuccino, caramel and salt, and pistachio.\" \/>\n<meta name=\"robots\" content=\"index, follow, max-snippet:-1, max-image-preview:large, max-video-preview:-1\" \/>\n<link rel=\"canonical\" href=\"https:\/\/www.socilink.com\/en\/products\/tartuflanghe-trifulot-assorted-sweet-truffles-70g\/\" \/>\n<meta property=\"og:locale\" content=\"en_US\" \/>\n<meta property=\"og:type\" content=\"article\" \/>\n<meta property=\"og:title\" content=\"Tartuflanghe Triful\u00f2t assorted sweet truffles 70g\" \/>\n<meta property=\"og:description\" content=\"Ten assorted chocolates, featuring five of our flavors: white and black sweet truffles, cappuccino, caramel and salt, and pistachio.\" \/>\n<meta property=\"og:url\" content=\"https:\/\/www.socilink.com\/en\/products\/tartuflanghe-trifulot-assorted-sweet-truffles-70g\/\" \/>\n<meta property=\"og:site_name\" content=\"Socilink\" \/>\n<meta property=\"article:publisher\" content=\"https:\/\/www.facebook.com\/socilink\/\" \/>\n<meta property=\"article:modified_time\" content=\"2026-02-26T23:50:17+00:00\" \/>\n<meta property=\"og:image\" content=\"https:\/\/www.socilink.com\/wp-content\/uploads\/2025\/03\/s14623-trufas-doces-sortidas-trifulot-tartuflanghe-70g.jpg\" \/>\n\t<meta property=\"og:image:width\" content=\"800\" \/>\n\t<meta property=\"og:image:height\" content=\"800\" \/>\n\t<meta property=\"og:image:type\" content=\"image\/jpeg\" \/>\n<meta name=\"twitter:card\" content=\"summary_large_image\" \/>\n<meta name=\"twitter:title\" content=\"Tartuflanghe Triful\u00f2t assorted sweet truffles 70g\" \/>\n<meta name=\"twitter:label1\" content=\"Est. reading time\" \/>\n\t<meta name=\"twitter:data1\" content=\"2 minutes\" \/>\n<script type=\"application\/ld+json\" class=\"yoast-schema-graph\">{\"@context\":\"https:\\\/\\\/schema.org\",\"@graph\":[{\"@type\":\"WebPage\",\"@id\":\"https:\\\/\\\/www.socilink.com\\\/en\\\/products\\\/tartuflanghe-trifulot-assorted-sweet-truffles-70g\\\/\",\"url\":\"https:\\\/\\\/www.socilink.com\\\/en\\\/products\\\/tartuflanghe-trifulot-assorted-sweet-truffles-70g\\\/\",\"name\":\"Tartuflanghe Triful\u00f2t assorted sweet truffles 70g\",\"isPartOf\":{\"@id\":\"https:\\\/\\\/www.socilink.com\\\/en\\\/#website\"},\"primaryImageOfPage\":{\"@id\":\"https:\\\/\\\/www.socilink.com\\\/en\\\/products\\\/tartuflanghe-trifulot-assorted-sweet-truffles-70g\\\/#primaryimage\"},\"image\":{\"@id\":\"https:\\\/\\\/www.socilink.com\\\/en\\\/products\\\/tartuflanghe-trifulot-assorted-sweet-truffles-70g\\\/#primaryimage\"},\"thumbnailUrl\":\"https:\\\/\\\/www.socilink.com\\\/wp-content\\\/uploads\\\/2025\\\/03\\\/s14623-trufas-doces-sortidas-trifulot-tartuflanghe-70g.jpg\",\"datePublished\":\"2026-02-26T23:49:53+00:00\",\"dateModified\":\"2026-02-26T23:50:17+00:00\",\"description\":\"Ten assorted chocolates, featuring five of our flavors: white and black sweet truffles, cappuccino, caramel and salt, and pistachio.\",\"breadcrumb\":{\"@id\":\"https:\\\/\\\/www.socilink.com\\\/en\\\/products\\\/tartuflanghe-trifulot-assorted-sweet-truffles-70g\\\/#breadcrumb\"},\"inLanguage\":\"en-US\",\"potentialAction\":[{\"@type\":\"ReadAction\",\"target\":[\"https:\\\/\\\/www.socilink.com\\\/en\\\/products\\\/tartuflanghe-trifulot-assorted-sweet-truffles-70g\\\/\"]}]},{\"@type\":\"ImageObject\",\"inLanguage\":\"en-US\",\"@id\":\"https:\\\/\\\/www.socilink.com\\\/en\\\/products\\\/tartuflanghe-trifulot-assorted-sweet-truffles-70g\\\/#primaryimage\",\"url\":\"https:\\\/\\\/www.socilink.com\\\/wp-content\\\/uploads\\\/2025\\\/03\\\/s14623-trufas-doces-sortidas-trifulot-tartuflanghe-70g.jpg\",\"contentUrl\":\"https:\\\/\\\/www.socilink.com\\\/wp-content\\\/uploads\\\/2025\\\/03\\\/s14623-trufas-doces-sortidas-trifulot-tartuflanghe-70g.jpg\",\"width\":800,\"height\":800,\"caption\":\"Tartuflanghe Triful\u00f2t assorted sweet truffles 70g\"},{\"@type\":\"BreadcrumbList\",\"@id\":\"https:\\\/\\\/www.socilink.com\\\/en\\\/products\\\/tartuflanghe-trifulot-assorted-sweet-truffles-70g\\\/#breadcrumb\",\"itemListElement\":[{\"@type\":\"ListItem\",\"position\":1,\"name\":\"In\u00edcio\",\"item\":\"https:\\\/\\\/www.socilink.com\\\/en\\\/\"},{\"@type\":\"ListItem\",\"position\":2,\"name\":\"Products\",\"item\":\"https:\\\/\\\/www.socilink.com\\\/en\\\/products\\\/\"},{\"@type\":\"ListItem\",\"position\":3,\"name\":\"Tartuflanghe Triful\u00f2t assorted sweet truffles 70g\"}]},{\"@type\":\"WebSite\",\"@id\":\"https:\\\/\\\/www.socilink.com\\\/en\\\/#website\",\"url\":\"https:\\\/\\\/www.socilink.com\\\/en\\\/\",\"name\":\"Socilink\",\"description\":\"Mundo de Sabores\",\"publisher\":{\"@id\":\"https:\\\/\\\/www.socilink.com\\\/en\\\/#organization\"},\"potentialAction\":[{\"@type\":\"SearchAction\",\"target\":{\"@type\":\"EntryPoint\",\"urlTemplate\":\"https:\\\/\\\/www.socilink.com\\\/en\\\/?s={search_term_string}\"},\"query-input\":{\"@type\":\"PropertyValueSpecification\",\"valueRequired\":true,\"valueName\":\"search_term_string\"}}],\"inLanguage\":\"en-US\"},{\"@type\":\"Organization\",\"@id\":\"https:\\\/\\\/www.socilink.com\\\/en\\\/#organization\",\"name\":\"Socilink\",\"url\":\"https:\\\/\\\/www.socilink.com\\\/en\\\/\",\"logo\":{\"@type\":\"ImageObject\",\"inLanguage\":\"en-US\",\"@id\":\"https:\\\/\\\/www.socilink.com\\\/en\\\/#\\\/schema\\\/logo\\\/image\\\/\",\"url\":\"https:\\\/\\\/www.socilink.com\\\/wp-content\\\/uploads\\\/2019\\\/10\\\/Socilink.svg\",\"contentUrl\":\"https:\\\/\\\/www.socilink.com\\\/wp-content\\\/uploads\\\/2019\\\/10\\\/Socilink.svg\",\"width\":1,\"height\":1,\"caption\":\"Socilink\"},\"image\":{\"@id\":\"https:\\\/\\\/www.socilink.com\\\/en\\\/#\\\/schema\\\/logo\\\/image\\\/\"},\"sameAs\":[\"https:\\\/\\\/www.facebook.com\\\/socilink\\\/\",\"https:\\\/\\\/www.instagram.com\\\/socilink_mundo_de_sabores\\\/\",\"https:\\\/\\\/www.linkedin.com\\\/company\\\/socilink\",\"https:\\\/\\\/www.pinterest.pt\\\/socilink\\\/\"]}]}<\/script>\n<!-- \/ Yoast SEO plugin. -->","yoast_head_json":{"title":"Tartuflanghe Triful\u00f2t assorted sweet truffles 70g","description":"Ten assorted chocolates, featuring five of our flavors: white and black sweet truffles, cappuccino, caramel and salt, and pistachio.","robots":{"index":"index","follow":"follow","max-snippet":"max-snippet:-1","max-image-preview":"max-image-preview:large","max-video-preview":"max-video-preview:-1"},"canonical":"https:\/\/www.socilink.com\/en\/products\/tartuflanghe-trifulot-assorted-sweet-truffles-70g\/","og_locale":"en_US","og_type":"article","og_title":"Tartuflanghe Triful\u00f2t assorted sweet truffles 70g","og_description":"Ten assorted chocolates, featuring five of our flavors: white and black sweet truffles, cappuccino, caramel and salt, and pistachio.","og_url":"https:\/\/www.socilink.com\/en\/products\/tartuflanghe-trifulot-assorted-sweet-truffles-70g\/","og_site_name":"Socilink","article_publisher":"https:\/\/www.facebook.com\/socilink\/","article_modified_time":"2026-02-26T23:50:17+00:00","og_image":[{"width":800,"height":800,"url":"https:\/\/www.socilink.com\/wp-content\/uploads\/2025\/03\/s14623-trufas-doces-sortidas-trifulot-tartuflanghe-70g.jpg","type":"image\/jpeg"}],"twitter_card":"summary_large_image","twitter_title":"Tartuflanghe Triful\u00f2t assorted sweet truffles 70g","twitter_misc":{"Est. reading time":"2 minutes"},"schema":{"@context":"https:\/\/schema.org","@graph":[{"@type":"WebPage","@id":"https:\/\/www.socilink.com\/en\/products\/tartuflanghe-trifulot-assorted-sweet-truffles-70g\/","url":"https:\/\/www.socilink.com\/en\/products\/tartuflanghe-trifulot-assorted-sweet-truffles-70g\/","name":"Tartuflanghe Triful\u00f2t assorted sweet truffles 70g","isPartOf":{"@id":"https:\/\/www.socilink.com\/en\/#website"},"primaryImageOfPage":{"@id":"https:\/\/www.socilink.com\/en\/products\/tartuflanghe-trifulot-assorted-sweet-truffles-70g\/#primaryimage"},"image":{"@id":"https:\/\/www.socilink.com\/en\/products\/tartuflanghe-trifulot-assorted-sweet-truffles-70g\/#primaryimage"},"thumbnailUrl":"https:\/\/www.socilink.com\/wp-content\/uploads\/2025\/03\/s14623-trufas-doces-sortidas-trifulot-tartuflanghe-70g.jpg","datePublished":"2026-02-26T23:49:53+00:00","dateModified":"2026-02-26T23:50:17+00:00","description":"Ten assorted chocolates, featuring five of our flavors: white and black sweet truffles, cappuccino, caramel and salt, and pistachio.","breadcrumb":{"@id":"https:\/\/www.socilink.com\/en\/products\/tartuflanghe-trifulot-assorted-sweet-truffles-70g\/#breadcrumb"},"inLanguage":"en-US","potentialAction":[{"@type":"ReadAction","target":["https:\/\/www.socilink.com\/en\/products\/tartuflanghe-trifulot-assorted-sweet-truffles-70g\/"]}]},{"@type":"ImageObject","inLanguage":"en-US","@id":"https:\/\/www.socilink.com\/en\/products\/tartuflanghe-trifulot-assorted-sweet-truffles-70g\/#primaryimage","url":"https:\/\/www.socilink.com\/wp-content\/uploads\/2025\/03\/s14623-trufas-doces-sortidas-trifulot-tartuflanghe-70g.jpg","contentUrl":"https:\/\/www.socilink.com\/wp-content\/uploads\/2025\/03\/s14623-trufas-doces-sortidas-trifulot-tartuflanghe-70g.jpg","width":800,"height":800,"caption":"Tartuflanghe Triful\u00f2t assorted sweet truffles 70g"},{"@type":"BreadcrumbList","@id":"https:\/\/www.socilink.com\/en\/products\/tartuflanghe-trifulot-assorted-sweet-truffles-70g\/#breadcrumb","itemListElement":[{"@type":"ListItem","position":1,"name":"In\u00edcio","item":"https:\/\/www.socilink.com\/en\/"},{"@type":"ListItem","position":2,"name":"Products","item":"https:\/\/www.socilink.com\/en\/products\/"},{"@type":"ListItem","position":3,"name":"Tartuflanghe Triful\u00f2t assorted sweet truffles 70g"}]},{"@type":"WebSite","@id":"https:\/\/www.socilink.com\/en\/#website","url":"https:\/\/www.socilink.com\/en\/","name":"Socilink","description":"Mundo de Sabores","publisher":{"@id":"https:\/\/www.socilink.com\/en\/#organization"},"potentialAction":[{"@type":"SearchAction","target":{"@type":"EntryPoint","urlTemplate":"https:\/\/www.socilink.com\/en\/?s={search_term_string}"},"query-input":{"@type":"PropertyValueSpecification","valueRequired":true,"valueName":"search_term_string"}}],"inLanguage":"en-US"},{"@type":"Organization","@id":"https:\/\/www.socilink.com\/en\/#organization","name":"Socilink","url":"https:\/\/www.socilink.com\/en\/","logo":{"@type":"ImageObject","inLanguage":"en-US","@id":"https:\/\/www.socilink.com\/en\/#\/schema\/logo\/image\/","url":"https:\/\/www.socilink.com\/wp-content\/uploads\/2019\/10\/Socilink.svg","contentUrl":"https:\/\/www.socilink.com\/wp-content\/uploads\/2019\/10\/Socilink.svg","width":1,"height":1,"caption":"Socilink"},"image":{"@id":"https:\/\/www.socilink.com\/en\/#\/schema\/logo\/image\/"},"sameAs":["https:\/\/www.facebook.com\/socilink\/","https:\/\/www.instagram.com\/socilink_mundo_de_sabores\/","https:\/\/www.linkedin.com\/company\/socilink","https:\/\/www.pinterest.pt\/socilink\/"]}]}},"_links":{"self":[{"href":"https:\/\/www.socilink.com\/en\/wp-json\/wp\/v2\/product\/68955","targetHints":{"allow":["GET"]}}],"collection":[{"href":"https:\/\/www.socilink.com\/en\/wp-json\/wp\/v2\/product"}],"about":[{"href":"https:\/\/www.socilink.com\/en\/wp-json\/wp\/v2\/types\/product"}],"replies":[{"embeddable":true,"href":"https:\/\/www.socilink.com\/en\/wp-json\/wp\/v2\/comments?post=68955"}],"wp:featuredmedia":[{"embeddable":true,"href":"https:\/\/www.socilink.com\/en\/wp-json\/wp\/v2\/media\/68773"}],"wp:attachment":[{"href":"https:\/\/www.socilink.com\/en\/wp-json\/wp\/v2\/media?parent=68955"}],"wp:term":[{"taxonomy":"socilink_saboresdomundo_tag","embeddable":true,"href":"https:\/\/www.socilink.com\/en\/wp-json\/wp\/v2\/socilink_saboresdomundo_tag?post=68955"},{"taxonomy":"product_brand","embeddable":true,"href":"https:\/\/www.socilink.com\/en\/wp-json\/wp\/v2\/product_brand?post=68955"},{"taxonomy":"product_cat","embeddable":true,"href":"https:\/\/www.socilink.com\/en\/wp-json\/wp\/v2\/product_cat?post=68955"},{"taxonomy":"product_tag","embeddable":true,"href":"https:\/\/www.socilink.com\/en\/wp-json\/wp\/v2\/product_tag?post=68955"}],"curies":[{"name":"wp","href":"https:\/\/api.w.org\/{rel}","templated":true}]}}