{"id":69153,"date":"2026-02-26T23:40:54","date_gmt":"2026-02-26T23:40:54","guid":{"rendered":"https:\/\/www.socilink.com\/products\/senorios-de-relleu-1st-day-of-harvest-arp-500ml\/"},"modified":"2026-02-26T23:41:09","modified_gmt":"2026-02-26T23:41:09","slug":"senorios-de-relleu-1st-day-of-harvest-arp-500ml","status":"publish","type":"product","link":"https:\/\/www.socilink.com\/en\/products\/senorios-de-relleu-1st-day-of-harvest-arp-500ml\/","title":{"rendered":"Senorios de Relleu 1st Day of Harvest ARP 500ml"},"content":{"rendered":"<h4>Product Description<\/h4>\n<p>What is a 1st day of harvest EVOO?<br \/>\nAt the beginning of the harvest, in the first days of veraison, when the olives are mostly green, we obtain the \u201colive juice\u201d.OLIVE JUICE\u201d, THE FRESHEST, FRUITIEST, MOST FRUITY, BITTER AND SPICY OF THE WHOLE SEASON.fruitiest, fruitiest, bitter and spiciest of the whole season.<\/p>\n<p>This EVOO has the highest content of nutrients and antioxidants. That is why it is the best at GASTRONOMIC and HEALTHY level. In addition, it is the one that preserves its organoleptic characteristics for the longest time. It is a limited production of very high very high quality.<\/p>\n<p>Why is Se\u00f1or\u00edos de Relleu doing a 1st HARVEST DAY with AGATHA RUIZ DE LA PRADA?<br \/>\nFor years, in Se\u00f1or\u00edos de Relleu we had a pending subject, to SURPRISE people with a \u201c1st day of harvest\u201d at the height of what it deserves. For this we needed a fantastic IMAGE, an extraordinary EVOO and a nice STORY. FINALLY, at the beginning of 2024, in the ninth forum C\u00e1mara Business Club of Alicante, where Agatha Ruiz de la Prada was the guest speaker, the idea came up to develop something different and special together.<\/p>\n<p>Coupage of Native Varieties of the Valencian Community. Genovesa, Changlot Real, Manzanilla Vilallonga, Alfafara and Picual from Andalusia. 500 ml aluminum bottle with sleever MAGENTA AND SILVER color, personalized Agatha Ruiz de la Prada by Se\u00f1or\u00edos de Relleu. Kraft cardboard box with Agatha Ruiz de la Prada and Se\u00f1or\u00edos de Relleu serigraphy. Organoleptic characteristics. Medium-high green fruity nose, with aromas of tomato, freshly cut grass and medium bitterness and high and persistent spiciness in the mouth. Aftertaste of dried fruits.<\/p>\n<h4>Ingredients:<\/h4>\n<p>Extra virgin olive oil.<\/p>\n<h4>Storage:<\/h4>\n<p>Keep in a cool, dry place. Keep out direct sun light.<\/p>\n<h4>Other information:<\/h4>\n<p>Obtained directly from olives and solely by mechanical means. Cold extraction.<\/p>\n<h4>Country of Origin:<\/h4>\n<p>Spain<\/p>\n<h4>Nutritional information:<\/h4>\n<table>\n<tr>\n<th>Nutrition Declaration (Typical Values):<\/th>\n<th>Per 100ml<\/th>\n<\/tr>\n<tr>\n<td>Energy<\/td>\n<td>3700kJ<br \/>900kcal<\/td>\n<\/tr>\n<tr>\n<td>Fat<br \/>of wich saturates<\/td>\n<td>100g<br \/>17g<\/td>\n<\/tr>\n<tr>\n<td>Carbohydrate<br \/>of which sugars<\/td>\n<td>0g<br \/>0g<\/td>\n<\/tr>\n<tr>\n<td>Protein<\/td>\n<td>0g<\/td>\n<\/tr>\n<tr>\n<td>Salt<\/td>\n<td>0g<\/td>\n<\/tr>\n<\/table>\n<h4>Distributed by:<\/h4>\n<p>Socilink Lda<br \/>\nRua Quinta dos \u00c1lamos n.\u00ba 3, 2625-577 Vialonga, PORTUGAL<\/p>\n<h4>Notice about our product information:<\/h4>\n<p>Always confirm the information on the article label. Food products are subject to constant change, for this reason, we recommend that you always read the labeling information that accompanies each product, including the nutritional information, ingredient list, storage, preparation and use instructions as well as other information before use or consumption.<\/p>\n","protected":false},"excerpt":{"rendered":"<p>Coupage of Native Varieties of the Valencian Community. Genovesa, Changlot Real, Manzanilla Vilallonga, Alfafara and Picual from Andalusia. 500 ml aluminum bottle with sleever MAGENTA AND SILVER color, personalized Agatha Ruiz de la Prada by Se\u00f1or\u00edos de Relleu. Kraft cardboard box with Agatha Ruiz de la Prada and Se\u00f1or\u00edos de Relleu serigraphy. Organoleptic characteristics. Medium-high green fruity nose, with aromas of tomato, freshly cut grass and medium bitterness and high and persistent spiciness in the mouth. Aftertaste of dried fruits.<\/p>\n","protected":false},"featured_media":69032,"comment_status":"closed","ping_status":"closed","template":"","meta":{"_acf_changed":false,"_lmt_disableupdate":"","_lmt_disable":"","ep_exclude_from_search":false},"socilink_saboresdomundo_tag":[2780,2785],"product_brand":[9553,9551],"product_cat":[2711,2624,2628],"product_tag":[],"class_list":{"0":"post-69153","1":"product","2":"type-product","3":"status-publish","4":"has-post-thumbnail","6":"socilink_saboresdomundo_tag-europe","7":"socilink_saboresdomundo_tag-spain","8":"product_brand-extra-virgin-olive-oil-of-highest-quality","9":"product_brand-senorios-de-relleu-en","10":"product_cat-all-products","11":"product_cat-ingredients-seasonings","12":"product_cat-olive-oil-aromatic-oils-and-other-fats","13":"pa_caracteristicas-awarded","14":"pa_caracteristicas-exclusive","16":"first","17":"onbackorder","18":"product-type-simple"},"acf":[],"yoast_head":"<!-- This site is optimized with the Yoast SEO plugin v27.3 - https:\/\/yoast.com\/product\/yoast-seo-wordpress\/ -->\n<title>Senorios de Relleu 1st Day of Harvest ARP 500ml<\/title>\n<meta name=\"description\" content=\"Coupage of Native Varieties of the Valencian Community. Genovesa, Changlot Real, Manzanilla Vilallonga, Alfafara and Picual from Andalusia. 500 ml aluminum bottle with sleever MAGENTA AND SILVER color, personalized Agatha Ruiz de la Prada by Se\u00f1or\u00edos de Relleu. Kraft cardboard box with Agatha Ruiz de la Prada and Se\u00f1or\u00edos de Relleu serigraphy. Organoleptic characteristics. Medium-high green fruity nose, with aromas of tomato, freshly cut grass and medium bitterness and high and persistent spiciness in the mouth. Aftertaste of dried fruits.\" \/>\n<meta name=\"robots\" content=\"index, follow, max-snippet:-1, max-image-preview:large, max-video-preview:-1\" \/>\n<link rel=\"canonical\" href=\"https:\/\/www.socilink.com\/en\/products\/senorios-de-relleu-1st-day-of-harvest-arp-500ml\/\" \/>\n<meta property=\"og:locale\" content=\"en_US\" \/>\n<meta property=\"og:type\" content=\"article\" \/>\n<meta property=\"og:title\" content=\"Senorios de Relleu 1st Day of Harvest ARP 500ml\" \/>\n<meta property=\"og:description\" content=\"Coupage of Native Varieties of the Valencian Community. Genovesa, Changlot Real, Manzanilla Vilallonga, Alfafara and Picual from Andalusia. 500 ml aluminum bottle with sleever MAGENTA AND SILVER color, personalized Agatha Ruiz de la Prada by Se\u00f1or\u00edos de Relleu. Kraft cardboard box with Agatha Ruiz de la Prada and Se\u00f1or\u00edos de Relleu serigraphy. Organoleptic characteristics. Medium-high green fruity nose, with aromas of tomato, freshly cut grass and medium bitterness and high and persistent spiciness in the mouth. Aftertaste of dried fruits.\" \/>\n<meta property=\"og:url\" content=\"https:\/\/www.socilink.com\/en\/products\/senorios-de-relleu-1st-day-of-harvest-arp-500ml\/\" \/>\n<meta property=\"og:site_name\" content=\"Socilink\" \/>\n<meta property=\"article:publisher\" content=\"https:\/\/www.facebook.com\/socilink\/\" \/>\n<meta property=\"article:modified_time\" content=\"2026-02-26T23:41:09+00:00\" \/>\n<meta property=\"og:image\" content=\"https:\/\/www.socilink.com\/wp-content\/uploads\/2025\/05\/s14660-azeite-virgem-extra-1-dia-colheita-agatha-ruiz-de-la-prada-senorios-de-relleu-500ml_2.jpg\" \/>\n\t<meta property=\"og:image:width\" content=\"800\" \/>\n\t<meta property=\"og:image:height\" content=\"800\" \/>\n\t<meta property=\"og:image:type\" content=\"image\/jpeg\" \/>\n<meta name=\"twitter:card\" content=\"summary_large_image\" \/>\n<meta name=\"twitter:title\" content=\"Senorios de Relleu 1st Day of Harvest ARP 500ml\" \/>\n<meta name=\"twitter:label1\" content=\"Est. reading time\" \/>\n\t<meta name=\"twitter:data1\" content=\"2 minutes\" \/>\n<script type=\"application\/ld+json\" class=\"yoast-schema-graph\">{\"@context\":\"https:\\\/\\\/schema.org\",\"@graph\":[{\"@type\":\"WebPage\",\"@id\":\"https:\\\/\\\/www.socilink.com\\\/en\\\/products\\\/senorios-de-relleu-1st-day-of-harvest-arp-500ml\\\/\",\"url\":\"https:\\\/\\\/www.socilink.com\\\/en\\\/products\\\/senorios-de-relleu-1st-day-of-harvest-arp-500ml\\\/\",\"name\":\"Senorios de Relleu 1st Day of Harvest ARP 500ml\",\"isPartOf\":{\"@id\":\"https:\\\/\\\/www.socilink.com\\\/en\\\/#website\"},\"primaryImageOfPage\":{\"@id\":\"https:\\\/\\\/www.socilink.com\\\/en\\\/products\\\/senorios-de-relleu-1st-day-of-harvest-arp-500ml\\\/#primaryimage\"},\"image\":{\"@id\":\"https:\\\/\\\/www.socilink.com\\\/en\\\/products\\\/senorios-de-relleu-1st-day-of-harvest-arp-500ml\\\/#primaryimage\"},\"thumbnailUrl\":\"https:\\\/\\\/www.socilink.com\\\/wp-content\\\/uploads\\\/2025\\\/05\\\/s14660-azeite-virgem-extra-1-dia-colheita-agatha-ruiz-de-la-prada-senorios-de-relleu-500ml_2.jpg\",\"datePublished\":\"2026-02-26T23:40:54+00:00\",\"dateModified\":\"2026-02-26T23:41:09+00:00\",\"description\":\"Coupage of Native Varieties of the Valencian Community. Genovesa, Changlot Real, Manzanilla Vilallonga, Alfafara and Picual from Andalusia. 500 ml aluminum bottle with sleever MAGENTA AND SILVER color, personalized Agatha Ruiz de la Prada by Se\u00f1or\u00edos de Relleu. Kraft cardboard box with Agatha Ruiz de la Prada and Se\u00f1or\u00edos de Relleu serigraphy. Organoleptic characteristics. Medium-high green fruity nose, with aromas of tomato, freshly cut grass and medium bitterness and high and persistent spiciness in the mouth. Aftertaste of dried fruits.\",\"breadcrumb\":{\"@id\":\"https:\\\/\\\/www.socilink.com\\\/en\\\/products\\\/senorios-de-relleu-1st-day-of-harvest-arp-500ml\\\/#breadcrumb\"},\"inLanguage\":\"en-US\",\"potentialAction\":[{\"@type\":\"ReadAction\",\"target\":[\"https:\\\/\\\/www.socilink.com\\\/en\\\/products\\\/senorios-de-relleu-1st-day-of-harvest-arp-500ml\\\/\"]}]},{\"@type\":\"ImageObject\",\"inLanguage\":\"en-US\",\"@id\":\"https:\\\/\\\/www.socilink.com\\\/en\\\/products\\\/senorios-de-relleu-1st-day-of-harvest-arp-500ml\\\/#primaryimage\",\"url\":\"https:\\\/\\\/www.socilink.com\\\/wp-content\\\/uploads\\\/2025\\\/05\\\/s14660-azeite-virgem-extra-1-dia-colheita-agatha-ruiz-de-la-prada-senorios-de-relleu-500ml_2.jpg\",\"contentUrl\":\"https:\\\/\\\/www.socilink.com\\\/wp-content\\\/uploads\\\/2025\\\/05\\\/s14660-azeite-virgem-extra-1-dia-colheita-agatha-ruiz-de-la-prada-senorios-de-relleu-500ml_2.jpg\",\"width\":800,\"height\":800,\"caption\":\"Senorios de Relleu 1st Day of Harvest ARP 500ml\"},{\"@type\":\"BreadcrumbList\",\"@id\":\"https:\\\/\\\/www.socilink.com\\\/en\\\/products\\\/senorios-de-relleu-1st-day-of-harvest-arp-500ml\\\/#breadcrumb\",\"itemListElement\":[{\"@type\":\"ListItem\",\"position\":1,\"name\":\"In\u00edcio\",\"item\":\"https:\\\/\\\/www.socilink.com\\\/en\\\/\"},{\"@type\":\"ListItem\",\"position\":2,\"name\":\"Products\",\"item\":\"https:\\\/\\\/www.socilink.com\\\/en\\\/products\\\/\"},{\"@type\":\"ListItem\",\"position\":3,\"name\":\"Senorios de Relleu 1st Day of Harvest ARP 500ml\"}]},{\"@type\":\"WebSite\",\"@id\":\"https:\\\/\\\/www.socilink.com\\\/en\\\/#website\",\"url\":\"https:\\\/\\\/www.socilink.com\\\/en\\\/\",\"name\":\"Socilink\",\"description\":\"Mundo de Sabores\",\"publisher\":{\"@id\":\"https:\\\/\\\/www.socilink.com\\\/en\\\/#organization\"},\"potentialAction\":[{\"@type\":\"SearchAction\",\"target\":{\"@type\":\"EntryPoint\",\"urlTemplate\":\"https:\\\/\\\/www.socilink.com\\\/en\\\/?s={search_term_string}\"},\"query-input\":{\"@type\":\"PropertyValueSpecification\",\"valueRequired\":true,\"valueName\":\"search_term_string\"}}],\"inLanguage\":\"en-US\"},{\"@type\":\"Organization\",\"@id\":\"https:\\\/\\\/www.socilink.com\\\/en\\\/#organization\",\"name\":\"Socilink\",\"url\":\"https:\\\/\\\/www.socilink.com\\\/en\\\/\",\"logo\":{\"@type\":\"ImageObject\",\"inLanguage\":\"en-US\",\"@id\":\"https:\\\/\\\/www.socilink.com\\\/en\\\/#\\\/schema\\\/logo\\\/image\\\/\",\"url\":\"https:\\\/\\\/www.socilink.com\\\/wp-content\\\/uploads\\\/2019\\\/10\\\/Socilink.svg\",\"contentUrl\":\"https:\\\/\\\/www.socilink.com\\\/wp-content\\\/uploads\\\/2019\\\/10\\\/Socilink.svg\",\"width\":1,\"height\":1,\"caption\":\"Socilink\"},\"image\":{\"@id\":\"https:\\\/\\\/www.socilink.com\\\/en\\\/#\\\/schema\\\/logo\\\/image\\\/\"},\"sameAs\":[\"https:\\\/\\\/www.facebook.com\\\/socilink\\\/\",\"https:\\\/\\\/www.instagram.com\\\/socilink_mundo_de_sabores\\\/\",\"https:\\\/\\\/www.linkedin.com\\\/company\\\/socilink\",\"https:\\\/\\\/www.pinterest.pt\\\/socilink\\\/\"]}]}<\/script>\n<!-- \/ Yoast SEO plugin. -->","yoast_head_json":{"title":"Senorios de Relleu 1st Day of Harvest ARP 500ml","description":"Coupage of Native Varieties of the Valencian Community. Genovesa, Changlot Real, Manzanilla Vilallonga, Alfafara and Picual from Andalusia. 500 ml aluminum bottle with sleever MAGENTA AND SILVER color, personalized Agatha Ruiz de la Prada by Se\u00f1or\u00edos de Relleu. Kraft cardboard box with Agatha Ruiz de la Prada and Se\u00f1or\u00edos de Relleu serigraphy. Organoleptic characteristics. Medium-high green fruity nose, with aromas of tomato, freshly cut grass and medium bitterness and high and persistent spiciness in the mouth. Aftertaste of dried fruits.","robots":{"index":"index","follow":"follow","max-snippet":"max-snippet:-1","max-image-preview":"max-image-preview:large","max-video-preview":"max-video-preview:-1"},"canonical":"https:\/\/www.socilink.com\/en\/products\/senorios-de-relleu-1st-day-of-harvest-arp-500ml\/","og_locale":"en_US","og_type":"article","og_title":"Senorios de Relleu 1st Day of Harvest ARP 500ml","og_description":"Coupage of Native Varieties of the Valencian Community. Genovesa, Changlot Real, Manzanilla Vilallonga, Alfafara and Picual from Andalusia. 500 ml aluminum bottle with sleever MAGENTA AND SILVER color, personalized Agatha Ruiz de la Prada by Se\u00f1or\u00edos de Relleu. Kraft cardboard box with Agatha Ruiz de la Prada and Se\u00f1or\u00edos de Relleu serigraphy. Organoleptic characteristics. Medium-high green fruity nose, with aromas of tomato, freshly cut grass and medium bitterness and high and persistent spiciness in the mouth. Aftertaste of dried fruits.","og_url":"https:\/\/www.socilink.com\/en\/products\/senorios-de-relleu-1st-day-of-harvest-arp-500ml\/","og_site_name":"Socilink","article_publisher":"https:\/\/www.facebook.com\/socilink\/","article_modified_time":"2026-02-26T23:41:09+00:00","og_image":[{"width":800,"height":800,"url":"https:\/\/www.socilink.com\/wp-content\/uploads\/2025\/05\/s14660-azeite-virgem-extra-1-dia-colheita-agatha-ruiz-de-la-prada-senorios-de-relleu-500ml_2.jpg","type":"image\/jpeg"}],"twitter_card":"summary_large_image","twitter_title":"Senorios de Relleu 1st Day of Harvest ARP 500ml","twitter_misc":{"Est. reading time":"2 minutes"},"schema":{"@context":"https:\/\/schema.org","@graph":[{"@type":"WebPage","@id":"https:\/\/www.socilink.com\/en\/products\/senorios-de-relleu-1st-day-of-harvest-arp-500ml\/","url":"https:\/\/www.socilink.com\/en\/products\/senorios-de-relleu-1st-day-of-harvest-arp-500ml\/","name":"Senorios de Relleu 1st Day of Harvest ARP 500ml","isPartOf":{"@id":"https:\/\/www.socilink.com\/en\/#website"},"primaryImageOfPage":{"@id":"https:\/\/www.socilink.com\/en\/products\/senorios-de-relleu-1st-day-of-harvest-arp-500ml\/#primaryimage"},"image":{"@id":"https:\/\/www.socilink.com\/en\/products\/senorios-de-relleu-1st-day-of-harvest-arp-500ml\/#primaryimage"},"thumbnailUrl":"https:\/\/www.socilink.com\/wp-content\/uploads\/2025\/05\/s14660-azeite-virgem-extra-1-dia-colheita-agatha-ruiz-de-la-prada-senorios-de-relleu-500ml_2.jpg","datePublished":"2026-02-26T23:40:54+00:00","dateModified":"2026-02-26T23:41:09+00:00","description":"Coupage of Native Varieties of the Valencian Community. Genovesa, Changlot Real, Manzanilla Vilallonga, Alfafara and Picual from Andalusia. 500 ml aluminum bottle with sleever MAGENTA AND SILVER color, personalized Agatha Ruiz de la Prada by Se\u00f1or\u00edos de Relleu. Kraft cardboard box with Agatha Ruiz de la Prada and Se\u00f1or\u00edos de Relleu serigraphy. Organoleptic characteristics. Medium-high green fruity nose, with aromas of tomato, freshly cut grass and medium bitterness and high and persistent spiciness in the mouth. Aftertaste of dried fruits.","breadcrumb":{"@id":"https:\/\/www.socilink.com\/en\/products\/senorios-de-relleu-1st-day-of-harvest-arp-500ml\/#breadcrumb"},"inLanguage":"en-US","potentialAction":[{"@type":"ReadAction","target":["https:\/\/www.socilink.com\/en\/products\/senorios-de-relleu-1st-day-of-harvest-arp-500ml\/"]}]},{"@type":"ImageObject","inLanguage":"en-US","@id":"https:\/\/www.socilink.com\/en\/products\/senorios-de-relleu-1st-day-of-harvest-arp-500ml\/#primaryimage","url":"https:\/\/www.socilink.com\/wp-content\/uploads\/2025\/05\/s14660-azeite-virgem-extra-1-dia-colheita-agatha-ruiz-de-la-prada-senorios-de-relleu-500ml_2.jpg","contentUrl":"https:\/\/www.socilink.com\/wp-content\/uploads\/2025\/05\/s14660-azeite-virgem-extra-1-dia-colheita-agatha-ruiz-de-la-prada-senorios-de-relleu-500ml_2.jpg","width":800,"height":800,"caption":"Senorios de Relleu 1st Day of Harvest ARP 500ml"},{"@type":"BreadcrumbList","@id":"https:\/\/www.socilink.com\/en\/products\/senorios-de-relleu-1st-day-of-harvest-arp-500ml\/#breadcrumb","itemListElement":[{"@type":"ListItem","position":1,"name":"In\u00edcio","item":"https:\/\/www.socilink.com\/en\/"},{"@type":"ListItem","position":2,"name":"Products","item":"https:\/\/www.socilink.com\/en\/products\/"},{"@type":"ListItem","position":3,"name":"Senorios de Relleu 1st Day of Harvest ARP 500ml"}]},{"@type":"WebSite","@id":"https:\/\/www.socilink.com\/en\/#website","url":"https:\/\/www.socilink.com\/en\/","name":"Socilink","description":"Mundo de Sabores","publisher":{"@id":"https:\/\/www.socilink.com\/en\/#organization"},"potentialAction":[{"@type":"SearchAction","target":{"@type":"EntryPoint","urlTemplate":"https:\/\/www.socilink.com\/en\/?s={search_term_string}"},"query-input":{"@type":"PropertyValueSpecification","valueRequired":true,"valueName":"search_term_string"}}],"inLanguage":"en-US"},{"@type":"Organization","@id":"https:\/\/www.socilink.com\/en\/#organization","name":"Socilink","url":"https:\/\/www.socilink.com\/en\/","logo":{"@type":"ImageObject","inLanguage":"en-US","@id":"https:\/\/www.socilink.com\/en\/#\/schema\/logo\/image\/","url":"https:\/\/www.socilink.com\/wp-content\/uploads\/2019\/10\/Socilink.svg","contentUrl":"https:\/\/www.socilink.com\/wp-content\/uploads\/2019\/10\/Socilink.svg","width":1,"height":1,"caption":"Socilink"},"image":{"@id":"https:\/\/www.socilink.com\/en\/#\/schema\/logo\/image\/"},"sameAs":["https:\/\/www.facebook.com\/socilink\/","https:\/\/www.instagram.com\/socilink_mundo_de_sabores\/","https:\/\/www.linkedin.com\/company\/socilink","https:\/\/www.pinterest.pt\/socilink\/"]}]}},"_links":{"self":[{"href":"https:\/\/www.socilink.com\/en\/wp-json\/wp\/v2\/product\/69153","targetHints":{"allow":["GET"]}}],"collection":[{"href":"https:\/\/www.socilink.com\/en\/wp-json\/wp\/v2\/product"}],"about":[{"href":"https:\/\/www.socilink.com\/en\/wp-json\/wp\/v2\/types\/product"}],"replies":[{"embeddable":true,"href":"https:\/\/www.socilink.com\/en\/wp-json\/wp\/v2\/comments?post=69153"}],"wp:featuredmedia":[{"embeddable":true,"href":"https:\/\/www.socilink.com\/en\/wp-json\/wp\/v2\/media\/69032"}],"wp:attachment":[{"href":"https:\/\/www.socilink.com\/en\/wp-json\/wp\/v2\/media?parent=69153"}],"wp:term":[{"taxonomy":"socilink_saboresdomundo_tag","embeddable":true,"href":"https:\/\/www.socilink.com\/en\/wp-json\/wp\/v2\/socilink_saboresdomundo_tag?post=69153"},{"taxonomy":"product_brand","embeddable":true,"href":"https:\/\/www.socilink.com\/en\/wp-json\/wp\/v2\/product_brand?post=69153"},{"taxonomy":"product_cat","embeddable":true,"href":"https:\/\/www.socilink.com\/en\/wp-json\/wp\/v2\/product_cat?post=69153"},{"taxonomy":"product_tag","embeddable":true,"href":"https:\/\/www.socilink.com\/en\/wp-json\/wp\/v2\/product_tag?post=69153"}],"curies":[{"name":"wp","href":"https:\/\/api.w.org\/{rel}","templated":true}]}}