{"id":70061,"date":"2026-02-26T23:42:16","date_gmt":"2026-02-26T23:42:16","guid":{"rendered":"https:\/\/www.socilink.com\/products\/stauds-pink-grapefruit-fruit-spread-250g\/"},"modified":"2026-02-26T23:42:21","modified_gmt":"2026-02-26T23:42:21","slug":"stauds-pink-grapefruit-fruit-spread-250g","status":"publish","type":"product","link":"https:\/\/www.socilink.com\/en\/products\/stauds-pink-grapefruit-fruit-spread-250g\/","title":{"rendered":"Stauds Pink Grapefruit Fruit Spread 250g"},"content":{"rendered":"<h4>Product Description<\/h4>\n<p>Exquisite fruits, harvested at the peak of ripeness: that&#8217;s the secret to these delicate fruit spreads. The main difference between jams and fruit spreads lies in the fruit and sugar content. Spreads generally contain more fruit and less added sugar, while jams require a higher sugar concentration. Staud&#8217;s spreads offer a smoother, fruitier flavor, making them a healthier, lower-calorie option.<\/p>\n<p>Staud&#8217;s Pink Grapefruit Spread has a deliciously fruity flavor and is delightful on bread &#8211; perfect for breakfast! Fruit content: 60%.<\/p>\n<h4>Ingredients:<\/h4>\n<p>60% fruit (pink grapefruits, pink grapefruit juice concentrate), sugar, gelling agent pectin, lemon juice concentrate, aronia juice concentrate.<\/p>\n<h4>Storage:<\/h4>\n<p>Once opened, refrigerate and consume promptly.<\/p>\n<h4>Country of Origin:<\/h4>\n<p>Austria<\/p>\n<h4>Nutritional information:<\/h4>\n<table>\n<tr>\n<th>Nutrition Declaration (Typical Values):<\/th>\n<th>Per 100g<\/th>\n<\/tr>\n<tr>\n<td>Energy<\/td>\n<td>814kJ<br \/>192kcal<\/td>\n<\/tr>\n<tr>\n<td>Fat<br \/>of wich saturates<\/td>\n<td>0g<br \/>0g<\/td>\n<\/tr>\n<tr>\n<td>Carbohydrate<br \/>of which sugars<\/td>\n<td>45g<br \/>45g<\/td>\n<\/tr>\n<tr>\n<td>Protein<\/td>\n<td><0,5g<\/td>\n<\/tr>\n<tr>\n<td>Salt<\/td>\n<td>0g<\/td>\n<\/tr>\n<\/table>\n<h4>Distributed by:<\/h4>\n<p>Socilink Lda<br \/>\nRua Quinta dos \u00c1lamos n.\u00ba 3, 2625-577 Vialonga, PORTUGAL<\/p>\n<h4>Notice about our product information:<\/h4>\n<p>Always confirm the information on the article label. Food products are subject to constant change, for this reason, we recommend that you always read the labeling information that accompanies each product, including the nutritional information, ingredient list, storage, preparation and use instructions as well as other information before use or consumption.<\/p>\n","protected":false},"excerpt":{"rendered":"<p>O spread de toranja rosa da Staud&#8217;s tem um sabor deliciosamente frutado e \u00e9 deliciosa com p\u00e3o &#8211; perfeita para o pequeno-almo\u00e7o! Teor de fruta: 60%.<\/p>\n","protected":false},"featured_media":69894,"comment_status":"closed","ping_status":"closed","template":"","meta":{"_acf_changed":false,"_lmt_disableupdate":"","_lmt_disable":"","ep_exclude_from_search":false},"socilink_saboresdomundo_tag":[9606,2780],"product_brand":[9609],"product_cat":[2711,2618,2601],"product_tag":[],"class_list":{"0":"post-70061","1":"product","2":"type-product","3":"status-publish","4":"has-post-thumbnail","6":"socilink_saboresdomundo_tag-austria","7":"socilink_saboresdomundo_tag-europe","8":"product_brand-stauds","9":"product_cat-all-products","10":"product_cat-jams-jellies-and-other-fruit-preserves","11":"product_cat-sweets-snacks","12":"pa_caracteristicas-new","14":"first","15":"instock","16":"product-type-simple"},"acf":[],"yoast_head":"<!-- This site is optimized with the Yoast SEO plugin v27.3 - https:\/\/yoast.com\/product\/yoast-seo-wordpress\/ -->\n<title>Stauds Pink Grapefruit Fruit Spread 250g<\/title>\n<meta name=\"description\" content=\"O spread de toranja rosa da Staud&#039;s tem um sabor deliciosamente frutado e \u00e9 deliciosa com p\u00e3o - perfeita para o pequeno-almo\u00e7o! Teor de fruta: 60%.\" \/>\n<meta name=\"robots\" content=\"index, follow, max-snippet:-1, max-image-preview:large, max-video-preview:-1\" \/>\n<link rel=\"canonical\" href=\"https:\/\/www.socilink.com\/en\/products\/stauds-pink-grapefruit-fruit-spread-250g\/\" \/>\n<meta property=\"og:locale\" content=\"en_US\" \/>\n<meta property=\"og:type\" content=\"article\" \/>\n<meta property=\"og:title\" content=\"Stauds Pink Grapefruit Fruit Spread 250g\" \/>\n<meta property=\"og:description\" content=\"O spread de toranja rosa da Staud&#039;s tem um sabor deliciosamente frutado e \u00e9 deliciosa com p\u00e3o - perfeita para o pequeno-almo\u00e7o! Teor de fruta: 60%.\" \/>\n<meta property=\"og:url\" content=\"https:\/\/www.socilink.com\/en\/products\/stauds-pink-grapefruit-fruit-spread-250g\/\" \/>\n<meta property=\"og:site_name\" content=\"Socilink\" \/>\n<meta property=\"article:publisher\" content=\"https:\/\/www.facebook.com\/socilink\/\" \/>\n<meta property=\"article:modified_time\" content=\"2026-02-26T23:42:21+00:00\" \/>\n<meta property=\"og:image\" content=\"https:\/\/www.socilink.com\/wp-content\/uploads\/2026\/02\/s14826-spread-de-toranja-rosa-60-stauds-250g.jpg\" \/>\n\t<meta property=\"og:image:width\" content=\"800\" \/>\n\t<meta property=\"og:image:height\" content=\"800\" \/>\n\t<meta property=\"og:image:type\" content=\"image\/jpeg\" \/>\n<meta name=\"twitter:card\" content=\"summary_large_image\" \/>\n<meta name=\"twitter:title\" content=\"Stauds Pink Grapefruit Fruit Spread 250g\" \/>\n<meta name=\"twitter:label1\" content=\"Est. reading time\" \/>\n\t<meta name=\"twitter:data1\" content=\"1 minute\" \/>\n<script type=\"application\/ld+json\" class=\"yoast-schema-graph\">{\"@context\":\"https:\\\/\\\/schema.org\",\"@graph\":[{\"@type\":\"WebPage\",\"@id\":\"https:\\\/\\\/www.socilink.com\\\/en\\\/products\\\/stauds-pink-grapefruit-fruit-spread-250g\\\/\",\"url\":\"https:\\\/\\\/www.socilink.com\\\/en\\\/products\\\/stauds-pink-grapefruit-fruit-spread-250g\\\/\",\"name\":\"Stauds Pink Grapefruit Fruit Spread 250g\",\"isPartOf\":{\"@id\":\"https:\\\/\\\/www.socilink.com\\\/en\\\/#website\"},\"primaryImageOfPage\":{\"@id\":\"https:\\\/\\\/www.socilink.com\\\/en\\\/products\\\/stauds-pink-grapefruit-fruit-spread-250g\\\/#primaryimage\"},\"image\":{\"@id\":\"https:\\\/\\\/www.socilink.com\\\/en\\\/products\\\/stauds-pink-grapefruit-fruit-spread-250g\\\/#primaryimage\"},\"thumbnailUrl\":\"https:\\\/\\\/www.socilink.com\\\/wp-content\\\/uploads\\\/2026\\\/02\\\/s14826-spread-de-toranja-rosa-60-stauds-250g.jpg\",\"datePublished\":\"2026-02-26T23:42:16+00:00\",\"dateModified\":\"2026-02-26T23:42:21+00:00\",\"description\":\"O spread de toranja rosa da Staud's tem um sabor deliciosamente frutado e \u00e9 deliciosa com p\u00e3o - perfeita para o pequeno-almo\u00e7o! Teor de fruta: 60%.\",\"breadcrumb\":{\"@id\":\"https:\\\/\\\/www.socilink.com\\\/en\\\/products\\\/stauds-pink-grapefruit-fruit-spread-250g\\\/#breadcrumb\"},\"inLanguage\":\"en-US\",\"potentialAction\":[{\"@type\":\"ReadAction\",\"target\":[\"https:\\\/\\\/www.socilink.com\\\/en\\\/products\\\/stauds-pink-grapefruit-fruit-spread-250g\\\/\"]}]},{\"@type\":\"ImageObject\",\"inLanguage\":\"en-US\",\"@id\":\"https:\\\/\\\/www.socilink.com\\\/en\\\/products\\\/stauds-pink-grapefruit-fruit-spread-250g\\\/#primaryimage\",\"url\":\"https:\\\/\\\/www.socilink.com\\\/wp-content\\\/uploads\\\/2026\\\/02\\\/s14826-spread-de-toranja-rosa-60-stauds-250g.jpg\",\"contentUrl\":\"https:\\\/\\\/www.socilink.com\\\/wp-content\\\/uploads\\\/2026\\\/02\\\/s14826-spread-de-toranja-rosa-60-stauds-250g.jpg\",\"width\":800,\"height\":800,\"caption\":\"Stauds Pink Grapefruit Fruit Spread 250g\"},{\"@type\":\"BreadcrumbList\",\"@id\":\"https:\\\/\\\/www.socilink.com\\\/en\\\/products\\\/stauds-pink-grapefruit-fruit-spread-250g\\\/#breadcrumb\",\"itemListElement\":[{\"@type\":\"ListItem\",\"position\":1,\"name\":\"In\u00edcio\",\"item\":\"https:\\\/\\\/www.socilink.com\\\/en\\\/\"},{\"@type\":\"ListItem\",\"position\":2,\"name\":\"Products\",\"item\":\"https:\\\/\\\/www.socilink.com\\\/en\\\/products\\\/\"},{\"@type\":\"ListItem\",\"position\":3,\"name\":\"Stauds Pink Grapefruit Fruit Spread 250g\"}]},{\"@type\":\"WebSite\",\"@id\":\"https:\\\/\\\/www.socilink.com\\\/en\\\/#website\",\"url\":\"https:\\\/\\\/www.socilink.com\\\/en\\\/\",\"name\":\"Socilink\",\"description\":\"Mundo de Sabores\",\"publisher\":{\"@id\":\"https:\\\/\\\/www.socilink.com\\\/en\\\/#organization\"},\"potentialAction\":[{\"@type\":\"SearchAction\",\"target\":{\"@type\":\"EntryPoint\",\"urlTemplate\":\"https:\\\/\\\/www.socilink.com\\\/en\\\/?s={search_term_string}\"},\"query-input\":{\"@type\":\"PropertyValueSpecification\",\"valueRequired\":true,\"valueName\":\"search_term_string\"}}],\"inLanguage\":\"en-US\"},{\"@type\":\"Organization\",\"@id\":\"https:\\\/\\\/www.socilink.com\\\/en\\\/#organization\",\"name\":\"Socilink\",\"url\":\"https:\\\/\\\/www.socilink.com\\\/en\\\/\",\"logo\":{\"@type\":\"ImageObject\",\"inLanguage\":\"en-US\",\"@id\":\"https:\\\/\\\/www.socilink.com\\\/en\\\/#\\\/schema\\\/logo\\\/image\\\/\",\"url\":\"https:\\\/\\\/www.socilink.com\\\/wp-content\\\/uploads\\\/2019\\\/10\\\/Socilink.svg\",\"contentUrl\":\"https:\\\/\\\/www.socilink.com\\\/wp-content\\\/uploads\\\/2019\\\/10\\\/Socilink.svg\",\"width\":1,\"height\":1,\"caption\":\"Socilink\"},\"image\":{\"@id\":\"https:\\\/\\\/www.socilink.com\\\/en\\\/#\\\/schema\\\/logo\\\/image\\\/\"},\"sameAs\":[\"https:\\\/\\\/www.facebook.com\\\/socilink\\\/\",\"https:\\\/\\\/www.instagram.com\\\/socilink_mundo_de_sabores\\\/\",\"https:\\\/\\\/www.linkedin.com\\\/company\\\/socilink\",\"https:\\\/\\\/www.pinterest.pt\\\/socilink\\\/\"]}]}<\/script>\n<!-- \/ Yoast SEO plugin. -->","yoast_head_json":{"title":"Stauds Pink Grapefruit Fruit Spread 250g","description":"O spread de toranja rosa da Staud's tem um sabor deliciosamente frutado e \u00e9 deliciosa com p\u00e3o - perfeita para o pequeno-almo\u00e7o! Teor de fruta: 60%.","robots":{"index":"index","follow":"follow","max-snippet":"max-snippet:-1","max-image-preview":"max-image-preview:large","max-video-preview":"max-video-preview:-1"},"canonical":"https:\/\/www.socilink.com\/en\/products\/stauds-pink-grapefruit-fruit-spread-250g\/","og_locale":"en_US","og_type":"article","og_title":"Stauds Pink Grapefruit Fruit Spread 250g","og_description":"O spread de toranja rosa da Staud's tem um sabor deliciosamente frutado e \u00e9 deliciosa com p\u00e3o - perfeita para o pequeno-almo\u00e7o! Teor de fruta: 60%.","og_url":"https:\/\/www.socilink.com\/en\/products\/stauds-pink-grapefruit-fruit-spread-250g\/","og_site_name":"Socilink","article_publisher":"https:\/\/www.facebook.com\/socilink\/","article_modified_time":"2026-02-26T23:42:21+00:00","og_image":[{"width":800,"height":800,"url":"https:\/\/www.socilink.com\/wp-content\/uploads\/2026\/02\/s14826-spread-de-toranja-rosa-60-stauds-250g.jpg","type":"image\/jpeg"}],"twitter_card":"summary_large_image","twitter_title":"Stauds Pink Grapefruit Fruit Spread 250g","twitter_misc":{"Est. reading time":"1 minute"},"schema":{"@context":"https:\/\/schema.org","@graph":[{"@type":"WebPage","@id":"https:\/\/www.socilink.com\/en\/products\/stauds-pink-grapefruit-fruit-spread-250g\/","url":"https:\/\/www.socilink.com\/en\/products\/stauds-pink-grapefruit-fruit-spread-250g\/","name":"Stauds Pink Grapefruit Fruit Spread 250g","isPartOf":{"@id":"https:\/\/www.socilink.com\/en\/#website"},"primaryImageOfPage":{"@id":"https:\/\/www.socilink.com\/en\/products\/stauds-pink-grapefruit-fruit-spread-250g\/#primaryimage"},"image":{"@id":"https:\/\/www.socilink.com\/en\/products\/stauds-pink-grapefruit-fruit-spread-250g\/#primaryimage"},"thumbnailUrl":"https:\/\/www.socilink.com\/wp-content\/uploads\/2026\/02\/s14826-spread-de-toranja-rosa-60-stauds-250g.jpg","datePublished":"2026-02-26T23:42:16+00:00","dateModified":"2026-02-26T23:42:21+00:00","description":"O spread de toranja rosa da Staud's tem um sabor deliciosamente frutado e \u00e9 deliciosa com p\u00e3o - perfeita para o pequeno-almo\u00e7o! Teor de fruta: 60%.","breadcrumb":{"@id":"https:\/\/www.socilink.com\/en\/products\/stauds-pink-grapefruit-fruit-spread-250g\/#breadcrumb"},"inLanguage":"en-US","potentialAction":[{"@type":"ReadAction","target":["https:\/\/www.socilink.com\/en\/products\/stauds-pink-grapefruit-fruit-spread-250g\/"]}]},{"@type":"ImageObject","inLanguage":"en-US","@id":"https:\/\/www.socilink.com\/en\/products\/stauds-pink-grapefruit-fruit-spread-250g\/#primaryimage","url":"https:\/\/www.socilink.com\/wp-content\/uploads\/2026\/02\/s14826-spread-de-toranja-rosa-60-stauds-250g.jpg","contentUrl":"https:\/\/www.socilink.com\/wp-content\/uploads\/2026\/02\/s14826-spread-de-toranja-rosa-60-stauds-250g.jpg","width":800,"height":800,"caption":"Stauds Pink Grapefruit Fruit Spread 250g"},{"@type":"BreadcrumbList","@id":"https:\/\/www.socilink.com\/en\/products\/stauds-pink-grapefruit-fruit-spread-250g\/#breadcrumb","itemListElement":[{"@type":"ListItem","position":1,"name":"In\u00edcio","item":"https:\/\/www.socilink.com\/en\/"},{"@type":"ListItem","position":2,"name":"Products","item":"https:\/\/www.socilink.com\/en\/products\/"},{"@type":"ListItem","position":3,"name":"Stauds Pink Grapefruit Fruit Spread 250g"}]},{"@type":"WebSite","@id":"https:\/\/www.socilink.com\/en\/#website","url":"https:\/\/www.socilink.com\/en\/","name":"Socilink","description":"Mundo de Sabores","publisher":{"@id":"https:\/\/www.socilink.com\/en\/#organization"},"potentialAction":[{"@type":"SearchAction","target":{"@type":"EntryPoint","urlTemplate":"https:\/\/www.socilink.com\/en\/?s={search_term_string}"},"query-input":{"@type":"PropertyValueSpecification","valueRequired":true,"valueName":"search_term_string"}}],"inLanguage":"en-US"},{"@type":"Organization","@id":"https:\/\/www.socilink.com\/en\/#organization","name":"Socilink","url":"https:\/\/www.socilink.com\/en\/","logo":{"@type":"ImageObject","inLanguage":"en-US","@id":"https:\/\/www.socilink.com\/en\/#\/schema\/logo\/image\/","url":"https:\/\/www.socilink.com\/wp-content\/uploads\/2019\/10\/Socilink.svg","contentUrl":"https:\/\/www.socilink.com\/wp-content\/uploads\/2019\/10\/Socilink.svg","width":1,"height":1,"caption":"Socilink"},"image":{"@id":"https:\/\/www.socilink.com\/en\/#\/schema\/logo\/image\/"},"sameAs":["https:\/\/www.facebook.com\/socilink\/","https:\/\/www.instagram.com\/socilink_mundo_de_sabores\/","https:\/\/www.linkedin.com\/company\/socilink","https:\/\/www.pinterest.pt\/socilink\/"]}]}},"_links":{"self":[{"href":"https:\/\/www.socilink.com\/en\/wp-json\/wp\/v2\/product\/70061","targetHints":{"allow":["GET"]}}],"collection":[{"href":"https:\/\/www.socilink.com\/en\/wp-json\/wp\/v2\/product"}],"about":[{"href":"https:\/\/www.socilink.com\/en\/wp-json\/wp\/v2\/types\/product"}],"replies":[{"embeddable":true,"href":"https:\/\/www.socilink.com\/en\/wp-json\/wp\/v2\/comments?post=70061"}],"wp:featuredmedia":[{"embeddable":true,"href":"https:\/\/www.socilink.com\/en\/wp-json\/wp\/v2\/media\/69894"}],"wp:attachment":[{"href":"https:\/\/www.socilink.com\/en\/wp-json\/wp\/v2\/media?parent=70061"}],"wp:term":[{"taxonomy":"socilink_saboresdomundo_tag","embeddable":true,"href":"https:\/\/www.socilink.com\/en\/wp-json\/wp\/v2\/socilink_saboresdomundo_tag?post=70061"},{"taxonomy":"product_brand","embeddable":true,"href":"https:\/\/www.socilink.com\/en\/wp-json\/wp\/v2\/product_brand?post=70061"},{"taxonomy":"product_cat","embeddable":true,"href":"https:\/\/www.socilink.com\/en\/wp-json\/wp\/v2\/product_cat?post=70061"},{"taxonomy":"product_tag","embeddable":true,"href":"https:\/\/www.socilink.com\/en\/wp-json\/wp\/v2\/product_tag?post=70061"}],"curies":[{"name":"wp","href":"https:\/\/api.w.org\/{rel}","templated":true}]}}